{"id":81,"date":"2019-12-11T16:14:42","date_gmt":"2019-12-11T15:14:42","guid":{"rendered":"http:\/\/katja-bahini.de\/?page_id=81"},"modified":"2024-12-31T21:08:34","modified_gmt":"2024-12-31T20:08:34","slug":"waldfrauenzeit","status":"publish","type":"page","link":"https:\/\/katja-bahini.de\/en\/waldfrauenzeit\/","title":{"rendered":"WALDFRAUENZEIT &#8211; Dance into being-  one-year cycle  2020"},"content":{"rendered":"<p><em>Waldfrauenzeit<\/em>\u00a0 is a somatic &#038; poetic dance\u00a0 journey into YOUR own being,\u00a0 literally &#8220;<em>BRINGING IT DOWN TO EARTH<\/em> &#8220;.<\/p>\n<p>The unique womens dance retreat takes place\u00a0 in the\u00a0 natural reserve\u00a0<em> M\u00e4rkische Schweiz<\/em> close by Berlin. We will be living\u00a0 in a tipi camp\u00a0 in the forest, dance sessions will take place in nature and in our wooden dance room.<\/p>\n<h3>-intuitive &#038; archaic dance,\u00a0 Contact-Improvisation, Authentic Movement, emacipatory practice of embodyment &#038; reflection-<\/h3>\n<h3>With Katja-Bahini &#038; Team, see www.waldfrauenzeit.de for more impressions<\/h3>\n<p>-PLEASE CONTACT ME FOR FURTHER INFORMATION\/ DETAILS-<\/p>\n<p>TIMES<br \/>\npart 1 * 14.05.2020 \u2013 18.05.2020<br \/>\npart 2 * 15.07.2020 \u2013 21.07.2020<br \/>\npart 3 * 10.09.2020 \u2013 14.09.2020<br \/>\npart 4 * 15.10.2020 \u2013 19.10.2020<\/p>\n<p>beginning part 1,3 &#038;4 at\u00a0 15h , <span style=\"color: #ff0000;\">part 2 at 18h,<\/span>\u00a0 end\u00a0 14h<\/p>\n<p><strong>part 1-\u00a0 WOOD element \u00a0 14.-\u00a0 18. May 2020<\/strong><\/p>\n<p>\u201e Ich bin da, ich bin hier!\u201c<br \/>\nBist Du bereit deiner eigenen Kraft zu begegnen, deiner inneren Drachin? Dich klar auszurichten?<br \/>\nWas willst Du ins Leben bringen? Was bewegt dich?<br \/>\nLasst uns die Wutkraft als Freundin und enge Verb\u00fcndete in unseren Geburts- und Sch\u00f6pfungsprozessen entdecken!<\/p>\n<p><strong>part\u00a0 2-\u00a0 FIRE element\u00a0 15. \u2013 21. July 2020<\/strong><\/p>\n<p>&#8220;Frau, was begehrt dein Herz?&#8221;<br \/>\nKannst Du es sp\u00fcren und benennen? Ihm Ausdruck verleihen in all Deiner Sinnlichkeit, Lust und Freude? Wof\u00fcr gl\u00fchst und brennst Du? Lasst es uns gemeinsam locken und herauskitzeln, das Feuer in unserm Inneren und das Leben ehren und feiern!<\/p>\n<p><strong>part 3-\u00a0 METAL\u00a0 element\u00a0 10. &#8211; 14. September 2020<\/strong><\/p>\n<p>&#8220;Bist Du bereit, Grenzen zu setzen und Gestalt anzunehmen?&#8221; Atme und sp\u00fcre Deinen Rhythmus, bilde Deine Form! Wie ein Kristall, der sich unter enormem Druck und Hitze geformt hat, so bist Du aufgefordert, zu Deiner einzigartigen Form finden. Lasst uns einander in diesem Prozess in unserer Einzigartigkeit und Unterschiedlichkeit bezeugen, best\u00e4rken und anerkennen!<\/p>\n<p><strong>part 4- WATER element\u00a0 15.-\u00a0 19. Oktober 2020<\/strong>,<\/p>\n<p>(Ersatztermin 29. Oktober &#8211; 2. November, bitte Aktualisierung beachten)<\/p>\n<p>\u201eSprich mit dem Meer in Dir&#8230;\u201c<br \/>\nKannst Du dich fallen lassen in Deine eigene Tiefe? Vertrauen ins Nicht- Wissen? Wandlung geschehen lassen? In unserem Ursprung sind wir alle verbunden, verbunden mit der einen Quelle aus der wir entstammen. Lasst uns diesen vibrierenden Raum, das innere Mysterium, betreten, leise und achtsam bestaunend zugleich\u2026 Wir werden im Tanz mit Sound und T\u00f6nen unser inneren Gew\u00e4sser in Schwingung versetzen und unsere inneren Gewebe durchwandeln, aktivieren und regenerieren, sowie die Verbindung zur eigenen Geb\u00e4rmutterkraft und Intuition st\u00e4rken und wecken.<\/p>\n<p>STRUKTUR<br \/>\ninsgesamt ca 5h \/ Tag angeleitete Praxis.<br \/>\nJe nach Wetterlage finden die angeleiteten Phasen an nahen Naturorten oder im eingenen Tanzraum statt. Sie enthalten somatisch-poetische, samtig-weiche oder wilde Sp\u00fcr- und Bewegungspraxis, sowie abends Frauen- und Feuerkreise, Tagesernte, Musik &#038; Tanz<br \/>\nDar\u00fcber hinaus wird es auch Phasen der SOLOZEIT geben, Dein intimer Raum, Verdauungszeit, mit Dir und Deiner Wildnatur oder im Schwarm. Erfahrungsgem\u00e4\u00df sind wir bei gutem Wetter recht viel unterwegs in der Natur, sodass an solchen Tagen die Solozeit etwas k\u00fcrzer ausf\u00e4llt.<\/p>\n<p>ACHTUNG!! F\u00fcr 2020 k\u00f6nnen Teilnehmerinnen am gesamten Jahreszyklus erstmals die Bildungspr\u00e4mie beantragen und sich 50% der Seminargeb\u00fchren (ausschlie\u00dflich \u00dc&#038;V) erstatten lassen. Bei Fragen hierzu bitte fr\u00fchzeitig und vor Beginn des Jahreszyklus bei mir melden und Bildungspr\u00e4mie beantragen!!!<\/p>\n<p>Weitere Infos folgen im Januar.<\/p>\n<p>Infos &#038; Anmeldung:<br \/>\ninfo(at einf\u00fcgen)waldfrauenzeit.de<br \/>\n<a href=\"https:\/\/l.facebook.com\/l.php?u=http%3A%2F%2Fwww.waldfrauenzeit.de%2F%3Ffbclid%3DIwAR0cM7PVPCNIjed-RdGP8ahoqWAq8FOjiLkg5T_eNf7S8v295npPrHhyjZM&#038;h=AT1mIJ9JLY9pGeuw_2IkNNcIprCYscDkcAgKxDd66gYUjxPfyVXHT6SewgxTtmFj5BYn3sbFVua-Xwp4vsgTlpLZyjWy3uFQUvOnDHYDu0l04TdE-OMaF54agRcPPKsdXPy_vjE8OQ\" target=\"_blank\" rel=\"nofollow noopener noreferrer\" data-lynx-mode=\"hover\">www.waldfrauenzeit.de<\/a><\/p>\n","protected":false},"excerpt":{"rendered":"<p>Waldfrauenzeit\u00a0 is a somatic &#038; poetic dance\u00a0 journey into YOUR own being,\u00a0 literally &#8220;BRINGING IT DOWN TO EARTH &#8220;. The unique womens dance retreat takes place\u00a0 in the\u00a0 natural reserve\u00a0 &hellip; <\/p>\n<p class=\"link-more\"><a href=\"https:\/\/katja-bahini.de\/en\/waldfrauenzeit\/\" class=\"more-link\">Continue reading<span class=\"screen-reader-text\"> &#8220;WALDFRAUENZEIT &#8211; Dance into being-  one-year cycle  2020&#8221;<\/span><\/a><\/p>\n","protected":false},"author":1,"featured_media":2561,"parent":0,"menu_order":79,"comment_status":"closed","ping_status":"closed","template":"","meta":{"footnotes":""},"class_list":["post-81","page","type-page","status-publish","has-post-thumbnail","hentry"],"translation":{"provider":"WPGlobus","version":"3.0.2","language":"en","enabled_languages":["de","en"],"languages":{"de":{"title":true,"content":true,"excerpt":false},"en":{"title":true,"content":true,"excerpt":false}}},"yoast_head":"<!-- This site is optimized with the Yoast SEO plugin v27.6 - https:\/\/yoast.com\/product\/yoast-seo-wordpress\/ -->\n<title>WALDFRAUENZEIT - Dance into being- one-year cycle 2020 - Katja-Bahini<\/title>\n<meta name=\"robots\" content=\"index, follow, max-snippet:-1, max-image-preview:large, max-video-preview:-1\" \/>\n<link rel=\"canonical\" href=\"https:\/\/katja-bahini.de\/waldfrauenzeit\/\" \/>\n<meta property=\"og:locale\" content=\"en_US\" \/>\n<meta property=\"og:type\" content=\"article\" \/>\n<meta property=\"og:title\" content=\"WALDFRAUENZEIT - Dance into being- one-year cycle 2020 - Katja-Bahini\" \/>\n<meta property=\"og:url\" content=\"https:\/\/katja-bahini.de\/waldfrauenzeit\/\" \/>\n<meta property=\"og:site_name\" content=\"Katja-Bahini\" \/>\n<meta property=\"article:publisher\" content=\"https:\/\/www.facebook.com\/KatjaBahini\" \/>\n<meta property=\"article:modified_time\" content=\"2024-12-31T20:08:34+00:00\" \/>\n<meta property=\"og:image\" content=\"https:\/\/ml5fn3turf4g.i.optimole.com\/w:auto\/h:auto\/q:mauto\/f:best\/ig:avif\/https:\/\/katja-bahini.de\/wp-content\/uploads\/2023\/04\/Website-BIld-.jpg\" \/>\n\t<meta property=\"og:image:width\" content=\"2000\" \/>\n\t<meta property=\"og:image:height\" content=\"952\" \/>\n\t<meta property=\"og:image:type\" content=\"image\/jpeg\" \/>\n<meta name=\"twitter:card\" content=\"summary_large_image\" \/>\n<meta name=\"twitter:label1\" content=\"Est. reading time\" \/>\n\t<meta name=\"twitter:data1\" content=\"8 minutes\" \/>\n<script type=\"application\/ld+json\" class=\"yoast-schema-graph\">{\"@context\":\"https:\\\/\\\/schema.org\",\"@graph\":[{\"@type\":\"WebPage\",\"@id\":\"https:\\\/\\\/katja-bahini.de\\\/waldfrauenzeit\\\/\",\"url\":\"https:\\\/\\\/katja-bahini.de\\\/waldfrauenzeit\\\/\",\"name\":\"WALDFRAUENZEIT - Dance into being- one-year cycle 2020 - Katja-Bahini\",\"isPartOf\":{\"@id\":\"https:\\\/\\\/katja-bahini.de\\\/#website\"},\"primaryImageOfPage\":{\"@id\":\"https:\\\/\\\/katja-bahini.de\\\/waldfrauenzeit\\\/#primaryimage\"},\"image\":{\"@id\":\"https:\\\/\\\/katja-bahini.de\\\/waldfrauenzeit\\\/#primaryimage\"},\"thumbnailUrl\":\"https:\\/\\/katja-bahini.de\\/wp-content\\/uploads\\/2023\\/04\\/Website-BIld-.jpg\",\"datePublished\":\"2019-12-11T15:14:42+00:00\",\"dateModified\":\"2024-12-31T20:08:34+00:00\",\"breadcrumb\":{\"@id\":\"https:\\\/\\\/katja-bahini.de\\\/waldfrauenzeit\\\/#breadcrumb\"},\"inLanguage\":\"en-US\",\"potentialAction\":[{\"@type\":\"ReadAction\",\"target\":[\"https:\\\/\\\/katja-bahini.de\\\/waldfrauenzeit\\\/\"]}]},{\"@type\":\"ImageObject\",\"inLanguage\":\"en-US\",\"@id\":\"https:\\\/\\\/katja-bahini.de\\\/waldfrauenzeit\\\/#primaryimage\",\"url\":\"https:\\/\\/katja-bahini.de\\/wp-content\\/uploads\\/2023\\/04\\/Website-BIld-.jpg\",\"contentUrl\":\"https:\\/\\/katja-bahini.de\\/wp-content\\/uploads\\/2023\\/04\\/Website-BIld-.jpg\",\"width\":2000,\"height\":952},{\"@type\":\"BreadcrumbList\",\"@id\":\"https:\\\/\\\/katja-bahini.de\\\/waldfrauenzeit\\\/#breadcrumb\",\"itemListElement\":[{\"@type\":\"ListItem\",\"position\":1,\"name\":\"Startseite\",\"item\":\"https:\\\/\\\/katja-bahini.de\\\/\"},{\"@type\":\"ListItem\",\"position\":2,\"name\":\"WALDFRAUENZEIT &#8211; Tanz zum Sein- Jahreszyklus\"}]},{\"@type\":\"WebSite\",\"@id\":\"https:\\\/\\\/katja-bahini.de\\\/#website\",\"url\":\"https:\\\/\\\/katja-bahini.de\\\/\",\"name\":\"Katja-Bahini\",\"description\":\"Dance into Being | Embodiment \u2022 Dance \u2022 Ecosomatics\",\"publisher\":{\"@id\":\"https:\\\/\\\/katja-bahini.de\\\/#\\\/schema\\\/person\\\/6f44f1174f4e6d5840d23438ec10e170\"},\"potentialAction\":[{\"@type\":\"SearchAction\",\"target\":{\"@type\":\"EntryPoint\",\"urlTemplate\":\"https:\\\/\\\/katja-bahini.de\\\/?s={search_term_string}\"},\"query-input\":{\"@type\":\"PropertyValueSpecification\",\"valueRequired\":true,\"valueName\":\"search_term_string\"}}],\"inLanguage\":\"en-US\"},{\"@type\":[\"Person\",\"Organization\"],\"@id\":\"https:\\\/\\\/katja-bahini.de\\\/#\\\/schema\\\/person\\\/6f44f1174f4e6d5840d23438ec10e170\",\"name\":\"Katja-Bahini Mangold\",\"image\":{\"@type\":\"ImageObject\",\"inLanguage\":\"en-US\",\"@id\":\"https:\\/\\/katja-bahini.de\\/wp-content\\/uploads\\/2019\\/Kreta_18\\/DSC06760.jpg\",\"url\":\"https:\\/\\/katja-bahini.de\\/wp-content\\/uploads\\/2019\\/Kreta_18\\/DSC06760.jpg\",\"contentUrl\":\"https:\\/\\/katja-bahini.de\\/wp-content\\/uploads\\/2019\\/Kreta_18\\/DSC06760.jpg\",\"width\":2000,\"height\":2000,\"caption\":\"Katja-Bahini Mangold\"},\"logo\":{\"@id\":\"https:\\/\\/katja-bahini.de\\/wp-content\\/uploads\\/2019\\/Kreta_18\\/DSC06760.jpg\"},\"description\":\"T\u00e4nzerin, Tanzp\u00e4dagogin, Agrarwissenschaftlerin\",\"sameAs\":[\"http:\\\/\\\/katja-bahini.de\",\"https:\\\/\\\/www.facebook.com\\\/KatjaBahini\",\"https:\\\/\\\/www.instagram.com\\\/KatjaBahini\\\/\"]}]}<\/script>\n<!-- \/ Yoast SEO plugin. -->","yoast_head_json":{"title":"WALDFRAUENZEIT - Dance into being- one-year cycle 2020 - Katja-Bahini","robots":{"index":"index","follow":"follow","max-snippet":"max-snippet:-1","max-image-preview":"max-image-preview:large","max-video-preview":"max-video-preview:-1"},"canonical":"https:\/\/katja-bahini.de\/waldfrauenzeit\/","og_locale":"en_US","og_type":"article","og_title":"WALDFRAUENZEIT - Dance into being- one-year cycle 2020 - Katja-Bahini","og_url":"https:\/\/katja-bahini.de\/waldfrauenzeit\/","og_site_name":"Katja-Bahini","article_publisher":"https:\/\/www.facebook.com\/KatjaBahini","article_modified_time":"2024-12-31T20:08:34+00:00","og_image":[{"width":2000,"height":952,"url":"https:\/\/ml5fn3turf4g.i.optimole.com\/w:auto\/h:auto\/q:mauto\/f:best\/ig:avif\/https:\/\/katja-bahini.de\/wp-content\/uploads\/2023\/04\/Website-BIld-.jpg","type":"image\/jpeg"}],"twitter_card":"summary_large_image","twitter_misc":{"Est. reading time":"8 minutes"},"schema":{"@context":"https:\/\/schema.org","@graph":[{"@type":"WebPage","@id":"https:\/\/katja-bahini.de\/waldfrauenzeit\/","url":"https:\/\/katja-bahini.de\/waldfrauenzeit\/","name":"WALDFRAUENZEIT - Dance into being- one-year cycle 2020 - Katja-Bahini","isPartOf":{"@id":"https:\/\/katja-bahini.de\/#website"},"primaryImageOfPage":{"@id":"https:\/\/katja-bahini.de\/waldfrauenzeit\/#primaryimage"},"image":{"@id":"https:\/\/katja-bahini.de\/waldfrauenzeit\/#primaryimage"},"thumbnailUrl":"https:\/\/ml5fn3turf4g.i.optimole.com\/w:auto\/h:auto\/q:mauto\/f:best\/ig:avif\/https:\/\/katja-bahini.de\/wp-content\/uploads\/2023\/04\/Website-BIld-.jpg","datePublished":"2019-12-11T15:14:42+00:00","dateModified":"2024-12-31T20:08:34+00:00","breadcrumb":{"@id":"https:\/\/katja-bahini.de\/waldfrauenzeit\/#breadcrumb"},"inLanguage":"en-US","potentialAction":[{"@type":"ReadAction","target":["https:\/\/katja-bahini.de\/waldfrauenzeit\/"]}]},{"@type":"ImageObject","inLanguage":"en-US","@id":"https:\/\/katja-bahini.de\/waldfrauenzeit\/#primaryimage","url":"https:\/\/ml5fn3turf4g.i.optimole.com\/w:auto\/h:auto\/q:mauto\/f:best\/ig:avif\/https:\/\/katja-bahini.de\/wp-content\/uploads\/2023\/04\/Website-BIld-.jpg","contentUrl":"https:\/\/ml5fn3turf4g.i.optimole.com\/w:auto\/h:auto\/q:mauto\/f:best\/ig:avif\/https:\/\/katja-bahini.de\/wp-content\/uploads\/2023\/04\/Website-BIld-.jpg","width":2000,"height":952},{"@type":"BreadcrumbList","@id":"https:\/\/katja-bahini.de\/waldfrauenzeit\/#breadcrumb","itemListElement":[{"@type":"ListItem","position":1,"name":"Startseite","item":"https:\/\/katja-bahini.de\/"},{"@type":"ListItem","position":2,"name":"WALDFRAUENZEIT &#8211; Tanz zum Sein- Jahreszyklus"}]},{"@type":"WebSite","@id":"https:\/\/katja-bahini.de\/#website","url":"https:\/\/katja-bahini.de\/","name":"Katja-Bahini","description":"Dance into Being | Embodiment \u2022 Dance \u2022 Ecosomatics","publisher":{"@id":"https:\/\/katja-bahini.de\/#\/schema\/person\/6f44f1174f4e6d5840d23438ec10e170"},"potentialAction":[{"@type":"SearchAction","target":{"@type":"EntryPoint","urlTemplate":"https:\/\/katja-bahini.de\/?s={search_term_string}"},"query-input":{"@type":"PropertyValueSpecification","valueRequired":true,"valueName":"search_term_string"}}],"inLanguage":"en-US"},{"@type":["Person","Organization"],"@id":"https:\/\/katja-bahini.de\/#\/schema\/person\/6f44f1174f4e6d5840d23438ec10e170","name":"Katja-Bahini Mangold","image":{"@type":"ImageObject","inLanguage":"en-US","@id":"https:\/\/ml5fn3turf4g.i.optimole.com\/w:auto\/h:auto\/q:mauto\/f:best\/ig:avif\/https:\/\/katja-bahini.de\/wp-content\/uploads\/2019\/Kreta_18\/DSC06760.jpg","url":"https:\/\/ml5fn3turf4g.i.optimole.com\/w:auto\/h:auto\/q:mauto\/f:best\/ig:avif\/https:\/\/katja-bahini.de\/wp-content\/uploads\/2019\/Kreta_18\/DSC06760.jpg","contentUrl":"https:\/\/ml5fn3turf4g.i.optimole.com\/w:auto\/h:auto\/q:mauto\/f:best\/ig:avif\/https:\/\/katja-bahini.de\/wp-content\/uploads\/2019\/Kreta_18\/DSC06760.jpg","width":2000,"height":2000,"caption":"Katja-Bahini Mangold"},"logo":{"@id":"https:\/\/ml5fn3turf4g.i.optimole.com\/w:auto\/h:auto\/q:mauto\/f:best\/ig:avif\/https:\/\/katja-bahini.de\/wp-content\/uploads\/2019\/Kreta_18\/DSC06760.jpg"},"description":"T\u00e4nzerin, Tanzp\u00e4dagogin, Agrarwissenschaftlerin","sameAs":["http:\/\/katja-bahini.de","https:\/\/www.facebook.com\/KatjaBahini","https:\/\/www.instagram.com\/KatjaBahini\/"]}]}},"_links":{"self":[{"href":"https:\/\/katja-bahini.de\/en\/wp-json\/wp\/v2\/pages\/81","targetHints":{"allow":["GET"]}}],"collection":[{"href":"https:\/\/katja-bahini.de\/en\/wp-json\/wp\/v2\/pages"}],"about":[{"href":"https:\/\/katja-bahini.de\/en\/wp-json\/wp\/v2\/types\/page"}],"author":[{"embeddable":true,"href":"https:\/\/katja-bahini.de\/en\/wp-json\/wp\/v2\/users\/1"}],"replies":[{"embeddable":true,"href":"https:\/\/katja-bahini.de\/en\/wp-json\/wp\/v2\/comments?post=81"}],"version-history":[{"count":165,"href":"https:\/\/katja-bahini.de\/en\/wp-json\/wp\/v2\/pages\/81\/revisions"}],"predecessor-version":[{"id":4434,"href":"https:\/\/katja-bahini.de\/en\/wp-json\/wp\/v2\/pages\/81\/revisions\/4434"}],"wp:featuredmedia":[{"embeddable":true,"href":"https:\/\/katja-bahini.de\/en\/wp-json\/wp\/v2\/media\/2561"}],"wp:attachment":[{"href":"https:\/\/katja-bahini.de\/en\/wp-json\/wp\/v2\/media?parent=81"}],"curies":[{"name":"wp","href":"https:\/\/api.w.org\/{rel}","templated":true}]}}