{"id":4250,"date":"2024-09-17T11:39:18","date_gmt":"2024-09-17T09:39:18","guid":{"rendered":"https:\/\/katja-bahini.de\/?page_id=4250"},"modified":"2026-04-27T17:05:49","modified_gmt":"2026-04-27T15:05:49","slug":"verkoerpertes-gebet","status":"publish","type":"page","link":"https:\/\/katja-bahini.de\/en\/verkoerpertes-gebet\/","title":{"rendered":"Verk\u00f6rpertes Gebet an das Leben &#8211; Jahreszyklus"},"content":{"rendered":"<p><span style=\"color: #433c52;\"><i><em>\u2013\u00a0 basierend auf der somatischen und sound- basierten Bewegungspraxis des Continuum und meiner Herzenslehrerin Susan Harper \u2013\u00a0<\/em><\/i><\/span><\/p>\n<p><span style=\"color: #ffffff;\">leerzeile<\/span><br \/>\n<span style=\"font-size: 12pt;\"><span style=\"color: #433c52;\"><em><strong>Jahreszyklus 2026<\/strong><\/em>\u00a0<\/span><span style=\"font-size: 10pt;\"><em><span style=\"color: #ff0000;\"><span dir=\"auto\">\u00a0<\/span><span dir=\"auto\">* Vorraussichtlich ab Herbst \/ Winter\u00a0 26, kontaktiere mich gerne f\u00fcr updates*\u00a0<\/span><\/span><\/em><\/span><\/span><br \/>\n<span style=\"color: #ffffff;\">erzeile<\/span><\/p>\n<p><span style=\"color: #433c52; font-family: 'book antiqua', palatino, serif; font-size: 14pt;\"><i>&#8230;Ein Lockrufe und eine Liebeserkl\u00e4rung an den kreativen Fluss des Lebens in Dir und durch Dich hindurch&#8230;<\/i><\/span><\/p>\n<p><span style=\"color: #ffffff;\">leerzeile<\/span><\/p>\n<p><span style=\"font-size: 12pt; color: #433c52;\"><em>\u00b0\u00a0 Portale der Wahrnehmung<\/em><\/span><br \/>\n<span style=\"font-size: 12pt; color: #433c52;\"><em>\u00b0\u00a0 Mikrobewegungen<br \/>\n\u00b0\u00a0 Atem, S<em>ound &amp; T\u00f6ne<\/em><br \/>\n\u00b0\u00a0 tiefe Pr\u00e4senzerfahrung<br \/>\n\u00b0\u00a0 K\u00f6rperbeheimatung <\/em><\/span><br \/>\n<span style=\"font-size: 12pt; color: #433c52;\"><em>\u00b0\u00a0 somatische Mystik\u00a0 &amp; Ritual<\/em><\/span><br \/>\n<span style=\"font-size: 12pt; color: #433c52;\"><em><em>\u00b0\u00a0 <\/em>Kultivierung von Bezogenheit zur mehr-als-menschlichen Welt\u00a0<\/em><\/span><\/p>\n<p><span style=\"color: #ffffff;\">eerzeile<\/span><\/p>\n<p><span style=\"color: #433c52;\"><i><span style=\"font-family: 'book antiqua', palatino, serif; font-size: 14pt;\">.<\/span><span style=\"font-family: 'book antiqua', palatino, serif; font-size: 14pt;\">..F\u00fcr unsere Praxis bedarf es keiner besonderen k\u00f6rperlichen\u00a0 Voraussetzungen. Du musst nicht sportlich sein oder sonst irgendwelche artistischen F\u00e4higkeiten besitzen, und doch&#8230;<\/span><\/i><\/span><\/p>\n<p>&nbsp;<\/p>\n<p><span style=\"color: #433c52;\"><i>Diese Praxis ruft\u00a0 Dich mit Haut und Haaren.<\/i><\/span><br \/>\n<span style=\"color: #433c52;\"><i>Ja, sie ruft Deine Zuwendung hin zu Dir selbst. <\/i><\/span><br \/>\n<span style=\"color: #433c52;\"><i>Sie ruft Dich, Dich selbst wie im Gebet in den kreativen Fluss des Lebens zu betten. <\/i><\/span><br \/>\n<span style=\"color: #433c52;\"><i>Sie ruft Dich, das, was ist und was sich zu zeigen vermag, in anteilnehmender Pr\u00e4senz zu begleiten. <\/i><\/span><\/p>\n<p><span style=\"color: #433c52;\"><i>Wir er-innern und rufen mit all unseren Sinnen unser Angebunden-Sein an die elementaren Kr\u00e4fte, die das Leben formen und deren kreativer werdender und vergehender Ausdruck wir sind.\u00a0 M<em>al wollen Resignation, tiefe Trauer, Wut, das Unwissen&#8230; ebenso wie tiefe Freude, Genuss\u00a0 und Dankbarkeit&#8230;\u00a0 mit all unseren Zellen bis in die Tiefe unseres Seins gef\u00fchlt werden.\u00a0 Doch nicht zuletzt, um sich daraus wieder neu zu geb\u00e4ren als\u00a0 Ausdruck im steten Wandel begriffener universeller Lebensprozesse. <\/em><\/i><\/span><\/p>\n<p><span style=\"color: #433c52;\"><i><em>Mal tauchen wir in Tiefen des Erlebbaren fern des in Worten oder mit dem Verstand Erfassbaren, tief unter die Schichten von Kultur und Sprache&#8230; <\/em><\/i><\/span><\/p>\n<p><span style=\"color: #433c52;\"><i>Neugierde und die Bereitschaft, <\/i><i>Dich mit all deinen Sinnen Dir selbst, sowie der mit uns verwobenen und unser Erleben einbettenden Mitwelt, zuzuwenden, sind die Spuren, denen wir folgen&#8230;\u00a0<\/i><\/span><\/p>\n<p><span style=\"color: #433c52;\"><em>Wir erweitern unsere Kapazit\u00e4t, pr\u00e4sent zu sein, mit dem, was ist.<\/em><\/span><\/p>\n<p><span style=\"color: #433c52;\"><i>Wir ehren das Mysterium des Lebens durch unsere anteilnehmende\u00a0 \u00a0Pr\u00e4senz und die uns innewohnende kreative Kraft der Visionierung und Erneuerung.<\/i><\/span><\/p>\n<p>&nbsp;<\/p>\n<p><span style=\"color: #433c52;\"><img data-opt-id=1851707384  fetchpriority=\"high\" decoding=\"async\" class=\"alignnone wp-image-4708\" src=\"https:\/\/ml5fn3turf4g.i.optimole.com\/w:296\/h:300\/q:mauto\/f:best\/ig:avif\/https:\/\/katja-bahini.de\/wp-content\/uploads\/2025\/09\/susan_katja_25_1200pix.jpg\" alt=\"\" width=\"429\" height=\"434\" srcset=\"https:\/\/ml5fn3turf4g.i.optimole.com\/w:296\/h:300\/q:mauto\/f:best\/ig:avif\/https:\/\/katja-bahini.de\/wp-content\/uploads\/2025\/09\/susan_katja_25_1200pix.jpg 296w, https:\/\/ml5fn3turf4g.i.optimole.com\/w:1009\/h:1024\/q:mauto\/f:best\/ig:avif\/https:\/\/katja-bahini.de\/wp-content\/uploads\/2025\/09\/susan_katja_25_1200pix.jpg 1009w, https:\/\/ml5fn3turf4g.i.optimole.com\/w:768\/h:779\/q:mauto\/f:best\/ig:avif\/https:\/\/katja-bahini.de\/wp-content\/uploads\/2025\/09\/susan_katja_25_1200pix.jpg 768w, https:\/\/ml5fn3turf4g.i.optimole.com\/w:100\/h:100\/q:mauto\/f:best\/ig:avif\/dpr:2\/https:\/\/katja-bahini.de\/wp-content\/uploads\/2025\/09\/susan_katja_25_1200pix.jpg 100w, https:\/\/ml5fn3turf4g.i.optimole.com\/w:1064\/h:1080\/q:mauto\/f:best\/ig:avif\/https:\/\/katja-bahini.de\/wp-content\/uploads\/2025\/09\/susan_katja_25_1200pix.jpg 1183w\" sizes=\"(max-width: 429px) 100vw, 429px\" \/><\/span><br \/>\n<span style=\"color: #433c52;\"><span style=\"font-size: 10pt;\">mit meiner Lehrerin Susan Harper,\u00a0 Continuum Detph Retreat Lychen 2025<\/span><\/span><\/p>\n<p><span style=\"color: #ffffff;\">leerzeile<\/span><\/p>\n<p>Wir praktizieren \u00fcberwiegend auf unseren eigenen Matten. Mal forschen uns spielen wir mit subtilere und mal mit raumgreifenderen Bewegungsqualit\u00e4ten und dem gesamten Spektrum dazwischen. Zu bestimmten Zeiten kann t\u00e4nzerische und somatische Begegnung in der gemeinsamen Mitte stattfinden. Wir sind zu jeder Zeit bekleidet.<\/p>\n<p><span style=\"color: #ffffff;\">leerzeile<\/span><\/p>\n<p><span style=\"color: #433c52;\"><em>F\u00fcr weiterf\u00fchrende Informationen\u00a0 empfehle ich Dir meinen <span style=\"font-size: 10pt;\"><strong><a style=\"color: #433c52;\" href=\"https:\/\/katja-bahini.de\/newsletter\/\">Newsletter<\/a><\/strong><\/span><span style=\"font-size: 12pt;\">, <\/span>hier werde ich\u00a0 noch mit einigen pers\u00f6nlichen Zeilen zu meinem Hintergrund in dieser dem Lebendigen zutiefst zugewandten Praxis \u00e4u\u00dfern und du erf\u00e4hrst zeitig von meinem early bird Angeboten.<\/em><\/span><br \/>\n<span style=\"color: #ffffff;\">leerzeile<\/span><\/p>\n<p><span style=\"color: #433c52;\"><span style=\"font-size: 10pt;\"><em><strong><a style=\"color: #433c52;\" href=\"https:\/\/katja-bahini.de\/vita\/\" target=\"_blank\" rel=\"noopener\">Hier<\/a> <\/strong><\/em><\/span>erf\u00e4hrst du bei Interesse mehr \u00fcber meinen\u00a0 Lebensweg&#8230;<br \/>\n<span style=\"font-size: 10pt;\"><em><strong><a style=\"color: #433c52;\" href=\"https:\/\/katja-bahini.de\/media\/spurensuche\/\" target=\"_blank\" rel=\"noopener\">Hier<\/a> <\/strong><\/em><\/span>in diesem Tanzfilm kannst du mich und mein Begehren vielleicht noch einmal anders Sp\u00fcren als es die Sprache zu transportieren vermag.<\/span><\/p>\n<p><span style=\"color: #41404a;\">weiterf\u00fchrende Infos \u00fcber<\/span><br \/>\n<span style=\"font-size: 10pt; color: #41404a;\"><em><strong><a style=\"color: #41404a;\" href=\"https:\/\/continuummontage.com\/videos.html\" target=\"_blank\" rel=\"noopener\">Susan Harper\u00a0<\/a><\/strong><\/em><\/span><br \/>\n<span style=\"color: #41404a;\"><em><span style=\"font-size: 10pt;\"><a style=\"color: #41404a;\" href=\"https:\/\/de.continuumteachers.com\/about\/what-is-continuum\" target=\"_blank\" rel=\"noopener\"><strong>Continuum<\/strong><\/a>\u00a0<\/span><\/em>,\u00a0 eine somatische und sound-basierte Bewegungspraxis.<\/span><\/p>\n<p><span style=\"color: #ffffff;\">leerzeile<\/span><\/p>\n<p><span style=\"color: #41404a;\">mein HINTERGRUND mit Continuum<\/span><\/p>\n<p><span style=\"color: #41404a;\">Ich hatte das gro\u00dfe Gl\u00fcck,\u00a0 2009 noch pers\u00f6nlich bei Emilie Conrad (USA, \u271d 2014), somatische Pionierin und Begr\u00fcnderin der Praxis,\u00a0 zu praktizieren. Seit 2020 bin ich begeisterte Sch\u00fclerin von Susan Harper und lasse wenige Gelegenheit aus, an dieser reichen Quelle zu trinken. Susan Harper, fr\u00fche Sch\u00fclerin von Emilie Conrad, ist seit\u00a0 50 Jahren\u00a0 ma\u00dfgeblich an der Mit- und Weiterentwicklung von Continuum beteiligt und hat die\u00a0<a style=\"color: #41404a;\" href=\"https:\/\/de.continuumteachers.com\/\" target=\"_blank\" rel=\"noopener\">Continuum Teachers Association<\/a>\u00a0in ihrem Aufbau begleitet.\u00a0 Dar\u00fcber hinaus habe ich Continuum gelernt und praktiziert mit folgenden Lehrerinnen, welche direkt von Emilie ausgebildet wurden:\u00a0 Rebecca Lawson (Canada), Divo G. M\u00fcller (D), Mary Abrahams (USA), Megan Bathory-Peeler (USA), Rosemarie Kussinger (D), Tone Gilje (Nor), Kai Erhardt (D) und Mary Abrahams (USA).<\/span><\/p>\n<p><span style=\"color: #41404a;\">Insgesamt habe ich im Zeitraum von 2009 bis heute mehr als 625 Stunden Continnum mit eben genannten Lehrer*innen praktiziert und gelernt , davon etwa 350 Stunden mit Susan Harper. Seit Februar 26 assistiere ich in der laufenden\u00a0<a style=\"color: #41404a;\" href=\"https:\/\/www.somatische-akademie.de\/trainings\/continuum\/122\" target=\"_blank\" rel=\"noopener\">Continuum Fortbildung an der Somatischen Akademie Berlin<\/a>\u00a0als \u00dcbersetzerin.\u00a0 Seit M\u00e4rz 2026 bin ich anerkannte\u00a0<a style=\"color: #41404a;\" href=\"https:\/\/de.continuumteachers.com\/teacher\/mangold\" target=\"_blank\" rel=\"noopener\">Continuum Lehrende<\/a>\u00a0und Mitglied der CTA (Continuum Teachers Association).<\/span><\/p>\n<p><span style=\"color: #41404a;\">F\u00fcr einen Eindruck der Praxis empfehle Dir, dieses\u00a0<a style=\"color: #41404a;\" href=\"https:\/\/youtu.be\/1gd7FWYp-jQ?feature=shared\" target=\"_blank\" rel=\"noopener\"><strong>Video<\/strong><\/a>\u00a0zu schauen. Hier spricht Emilie Conrad\u00a0 und wir sehen Susan Harpers intrinsische R\u00fcckenbewegungen w\u00e4hrend einer Continuum Session in ihren\u00a0 fr\u00fchen 20ern (sp\u00e4ter auch Emilie im Bild).<\/span><\/p>\n<p>&nbsp;<\/p>\n<p><span style=\"color: #433c52;\">PREISE Jahreszyklus 25 <span style=\"font-size: 10pt;\">( zzgl. \u00dc** &amp; V ***)\u00a0<span style=\"color: #ff0000;\"> bitte Aktualisierungen beachten<\/span><\/span><\/span><\/p>\n<p><span style=\"font-size: 12pt; color: #433c52;\">1330 &#8211; 1600\u20ac\u00a0 <span style=\"font-size: 10pt;\">gesamt bis 20. Januar\u00a0 early bird SPEZIAL (ab 333\u20ac\/ Modul)\u00a0<\/span><\/span><br \/>\n<span style=\"font-size: 12pt; color: #433c52;\">1440 &#8211; 1600\u20ac\u00a0 <span style=\"font-size: 10pt;\">gesamt bis 28. Februar\u00a0 early bird (ab 360\u20ac\/ Modul)<\/span><\/span><br \/>\n<span style=\"font-size: 12pt; color: #433c52;\">1600 &#8211; 1770\u20ac\u00a0 <span style=\"font-size: 10pt;\">gesamt bis 30. M\u00e4rz 25 regul\u00e4r\u00a0 (ab 400\u20ac\/ Modul)<\/span><\/span><br \/>\n<span style=\"font-size: 12pt; color: #433c52;\">1680 &#8211; 1770\u20ac\u00a0 <span style=\"font-size: 10pt;\">gesamt ab 1. April 25 late bird\u00a0 (ab 420\u20ac\/Modul)<\/span>\u00a0<\/span><\/p>\n<p><span style=\"color: #433c52;\">Die Teilnahme an einzelnen Terminen ist nach vorheriger Absprache m\u00f6glich.<\/span><\/p>\n<p><span style=\"color: #ffffff;\">leerzeile<\/span><\/p>\n<p><span style=\"color: #433c52;\">EINZELTERMINE Jahreszyklus\u00a0<span style=\"font-size: 8pt;\">\u00a0<\/span><\/span><\/p>\n<p><span style=\"color: #433c52;\">400\u20ac\u00a0 bis 28. Februar<\/span><br \/>\n<span style=\"color: #433c52;\">440\u20ac regul\u00e4r bis 1 Monat vor Beginn (9.3.\/25.6.\/1.9.\/3.11.)<\/span><br \/>\n<span style=\"color: #433c52;\">460\u20ac\u00a0ab jeweils 1 Monat vor Beginn (10.3.\/ 26.6.\/2.9 \/3.11.)<\/span><\/p>\n<p><span style=\"font-size: 10pt; color: #433c52;\">*bei Buchung mehrerer Module gleichzeitig erh\u00e4lst du auf jedes weitere Modul 20\u20ac Reduktion.<\/span><\/p>\n<p><span style=\"font-size: 10pt; color: #433c52;\">\u00a0* es gilt der Zahlungseingang als Frist. Die Zahlung ist in 4 Raten m\u00f6glich. Die erste Rate wird mit der Anmeldung f\u00e4llig.<\/span><br \/>\n<span style=\"font-size: 10pt; color: #433c52;\">* * Die \u00dcbernachtung vor Ort ist OPTIONAL.\u00a0 <\/span><br \/>\n<span style=\"font-size: 10pt; color: #433c52;\">*** Mittag &amp; Abendessen (Do abend, Fr und Sa ganzt\u00e4gig, So mittag) ist f\u00fcr alle Teilnehmenden BINDEND ab 6 Anmeldungen. Kosten: 90\u20ac gesamt, kleine \u00c4nderungen vorbehalten.<\/span><br \/>\n<span style=\"font-size: 10pt; color: #433c52;\">Fr\u00fchst\u00fcck Fr, Sa &amp; So optional (Kosten: 8\u20ac\/Fr\u00fchst\u00fcck), alternativ Selbstverpflegung<\/span><\/p>\n<p><span style=\"font-size: 10pt; color: #433c52;\"> \u00a0<a style=\"color: #433c52;\" href=\"https:\/\/www.haus-in-der-blume.de\/seminarort\/anmeldung-u-v\/\">Weiterf\u00fchrende Infos zu den Preisen&#8230;<\/a><\/span><\/p>\n<p>&nbsp;<\/p>\n<p><span style=\"color: #433c52;\">ZEITEN*<\/span><\/p>\n<p><span style=\"color: #433c52;\"><span style=\"font-size: 12pt;\">Do\u00a0 <\/span>ab 17h Anreise &amp; Orientierung<\/span><br \/>\n<span style=\"color: #433c52;\">18h\u00a0 &#8211; 19h gemeinsames Abendessen<\/span><br \/>\n<span style=\"color: #433c52;\">19:30h -21:30h\u00a0 Willkommen\u00a0 &amp;\u00a0 Einf\u00fchrung, angeleitete Praxis<\/span><\/p>\n<p><span style=\"color: #433c52;\">Freitag und Samstag\u00a0 angeleitete Praxis &amp;\u00a0 somatische Tauchg\u00e4nge<\/span><br \/>\n<span style=\"color: #433c52;\">10 &#8211; 13h\u00a0 \u00a0 \/\u00a0 \u00a0 16 &#8211; 19h\u00a0 \u00a0 \/\u00a0 \u00a0 (21 &#8211; 21:45h gemeinsamerTagesabschluss)<\/span><\/p>\n<p><span style=\"color: #433c52;\">Sonntag angeleitete Praxis &amp;\u00a0 somatische Tauchg\u00e4nge<\/span><br \/>\n<span style=\"color: #433c52;\">9:30 &#8211; 12:30h \/\u00a0 \u00a0 15 &#8211; 17:30h<\/span><br \/>\n<span style=\"color: #433c52;\">18h Seminarende &amp; Abreise<\/span><\/p>\n<p><span style=\"color: #433c52;\">* die Zeiten k\u00f6nnen variieren, der Zeitplan bildet eine erste Orientierung.<\/span><\/p>\n<p><span style=\"color: #433c52;\">ORT<\/span><br \/>\n<span style=\"color: #433c52;\">Blume 8 (Seminarraum) und Blume 10 (Pensionshaus), 37217 Ziegenhagen bei Witzenhausen;\u00a0 <a style=\"color: #433c52;\" href=\"https:\/\/www.haus-in-der-blume.de\/\" target=\"_blank\" rel=\"noopener\">Weiterf\u00fchrende Infos&#8230;<\/a><\/span><\/p>\n<p><span style=\"color: #ffffff; font-size: 1rem;\">lereile<\/span><\/p>\n<p><span style=\"color: #433c52;\">ANMELDUNG\u00a0 &amp;\u00a0 FRAGEN<\/span><br \/>\n<span style=\"color: #433c52;\">mail an info(at)katja-bahini(punkt)de mit Betreff &#8220;verkoerpertes Gebet&#8221;<\/span><\/p>\n<p>&nbsp;<\/p>\n","protected":false},"excerpt":{"rendered":"<p>\u2013\u00a0 basierend auf der somatischen und sound- basierten Bewegungspraxis des Continuum und meiner Herzenslehrerin Susan Harper \u2013\u00a0 leerzeile Jahreszyklus 2026\u00a0\u00a0* Vorraussichtlich ab Herbst \/ Winter\u00a0 26, kontaktiere mich gerne f\u00fcr &hellip; <\/p>\n<p class=\"link-more\"><a href=\"https:\/\/katja-bahini.de\/en\/verkoerpertes-gebet\/\" class=\"more-link\">Continue reading<span class=\"screen-reader-text\"> &#8220;Verk\u00f6rpertes Gebet an das Leben &#8211; Jahreszyklus&#8221;<\/span><\/a><\/p>\n","protected":false},"author":1,"featured_media":5031,"parent":0,"menu_order":3,"comment_status":"closed","ping_status":"closed","template":"","meta":{"footnotes":""},"class_list":["post-4250","page","type-page","status-publish","has-post-thumbnail","hentry"],"translation":{"provider":"WPGlobus","version":"3.0.2","language":"en","enabled_languages":["de","en"],"languages":{"de":{"title":true,"content":true,"excerpt":false},"en":{"title":false,"content":false,"excerpt":false}}},"yoast_head":"<!-- This site is optimized with the Yoast SEO plugin v27.6 - https:\/\/yoast.com\/product\/yoast-seo-wordpress\/ -->\n<title>Verk\u00f6rpertes Gebet an das Leben - Jahreszyklus - Katja-Bahini<\/title>\n<meta name=\"robots\" content=\"index, follow, max-snippet:-1, max-image-preview:large, max-video-preview:-1\" \/>\n<link rel=\"canonical\" href=\"https:\/\/katja-bahini.de\/verkoerpertes-gebet\/\" \/>\n<meta property=\"og:locale\" content=\"en_US\" \/>\n<meta property=\"og:type\" content=\"article\" \/>\n<meta property=\"og:title\" content=\"Verk\u00f6rpertes Gebet an das Leben - Jahreszyklus - Katja-Bahini\" \/>\n<meta property=\"og:url\" content=\"https:\/\/katja-bahini.de\/verkoerpertes-gebet\/\" \/>\n<meta property=\"og:site_name\" content=\"Katja-Bahini\" \/>\n<meta property=\"article:publisher\" content=\"https:\/\/www.facebook.com\/KatjaBahini\" \/>\n<meta property=\"article:modified_time\" content=\"2026-04-27T15:05:49+00:00\" \/>\n<meta property=\"og:image\" content=\"https:\/\/ml5fn3turf4g.i.optimole.com\/w:auto\/h:auto\/q:mauto\/f:best\/ig:avif\/https:\/\/katja-bahini.de\/wp-content\/uploads\/2026\/04\/andrzej-kryszpiniuk-4wFqHZ1ONnM-unsplash-scaled.jpg\" \/>\n\t<meta property=\"og:image:width\" content=\"2560\" \/>\n\t<meta property=\"og:image:height\" content=\"1707\" \/>\n\t<meta property=\"og:image:type\" content=\"image\/jpeg\" \/>\n<meta name=\"twitter:card\" content=\"summary_large_image\" \/>\n<meta name=\"twitter:label1\" content=\"Est. reading time\" \/>\n\t<meta name=\"twitter:data1\" content=\"6 minutes\" \/>\n<script type=\"application\/ld+json\" class=\"yoast-schema-graph\">{\"@context\":\"https:\\\/\\\/schema.org\",\"@graph\":[{\"@type\":\"WebPage\",\"@id\":\"https:\\\/\\\/katja-bahini.de\\\/verkoerpertes-gebet\\\/\",\"url\":\"https:\\\/\\\/katja-bahini.de\\\/verkoerpertes-gebet\\\/\",\"name\":\"Verk\u00f6rpertes Gebet an das Leben - Jahreszyklus - Katja-Bahini\",\"isPartOf\":{\"@id\":\"https:\\\/\\\/katja-bahini.de\\\/#website\"},\"primaryImageOfPage\":{\"@id\":\"https:\\\/\\\/katja-bahini.de\\\/verkoerpertes-gebet\\\/#primaryimage\"},\"image\":{\"@id\":\"https:\\\/\\\/katja-bahini.de\\\/verkoerpertes-gebet\\\/#primaryimage\"},\"thumbnailUrl\":\"https:\\/\\/katja-bahini.de\\/wp-content\\/uploads\\/2026\\/04\\/andrzej-kryszpiniuk-4wFqHZ1ONnM-unsplash-scaled.jpg\",\"datePublished\":\"2024-09-17T09:39:18+00:00\",\"dateModified\":\"2026-04-27T15:05:49+00:00\",\"breadcrumb\":{\"@id\":\"https:\\\/\\\/katja-bahini.de\\\/verkoerpertes-gebet\\\/#breadcrumb\"},\"inLanguage\":\"en-US\",\"potentialAction\":[{\"@type\":\"ReadAction\",\"target\":[\"https:\\\/\\\/katja-bahini.de\\\/verkoerpertes-gebet\\\/\"]}]},{\"@type\":\"ImageObject\",\"inLanguage\":\"en-US\",\"@id\":\"https:\\\/\\\/katja-bahini.de\\\/verkoerpertes-gebet\\\/#primaryimage\",\"url\":\"https:\\/\\/katja-bahini.de\\/wp-content\\/uploads\\/2026\\/04\\/andrzej-kryszpiniuk-4wFqHZ1ONnM-unsplash-scaled.jpg\",\"contentUrl\":\"https:\\/\\/katja-bahini.de\\/wp-content\\/uploads\\/2026\\/04\\/andrzej-kryszpiniuk-4wFqHZ1ONnM-unsplash-scaled.jpg\",\"width\":2560,\"height\":1707},{\"@type\":\"BreadcrumbList\",\"@id\":\"https:\\\/\\\/katja-bahini.de\\\/verkoerpertes-gebet\\\/#breadcrumb\",\"itemListElement\":[{\"@type\":\"ListItem\",\"position\":1,\"name\":\"Startseite\",\"item\":\"https:\\\/\\\/katja-bahini.de\\\/\"},{\"@type\":\"ListItem\",\"position\":2,\"name\":\"Verk\u00f6rpertes Gebet an das Leben &#8211; Jahreszyklus\"}]},{\"@type\":\"WebSite\",\"@id\":\"https:\\\/\\\/katja-bahini.de\\\/#website\",\"url\":\"https:\\\/\\\/katja-bahini.de\\\/\",\"name\":\"Katja-Bahini\",\"description\":\"Dance into Being | Embodiment \u2022 Dance \u2022 Ecosomatics\",\"publisher\":{\"@id\":\"https:\\\/\\\/katja-bahini.de\\\/#\\\/schema\\\/person\\\/6f44f1174f4e6d5840d23438ec10e170\"},\"potentialAction\":[{\"@type\":\"SearchAction\",\"target\":{\"@type\":\"EntryPoint\",\"urlTemplate\":\"https:\\\/\\\/katja-bahini.de\\\/?s={search_term_string}\"},\"query-input\":{\"@type\":\"PropertyValueSpecification\",\"valueRequired\":true,\"valueName\":\"search_term_string\"}}],\"inLanguage\":\"en-US\"},{\"@type\":[\"Person\",\"Organization\"],\"@id\":\"https:\\\/\\\/katja-bahini.de\\\/#\\\/schema\\\/person\\\/6f44f1174f4e6d5840d23438ec10e170\",\"name\":\"Katja-Bahini Mangold\",\"image\":{\"@type\":\"ImageObject\",\"inLanguage\":\"en-US\",\"@id\":\"https:\\/\\/katja-bahini.de\\/wp-content\\/uploads\\/2019\\/Kreta_18\\/DSC06760.jpg\",\"url\":\"https:\\/\\/katja-bahini.de\\/wp-content\\/uploads\\/2019\\/Kreta_18\\/DSC06760.jpg\",\"contentUrl\":\"https:\\/\\/katja-bahini.de\\/wp-content\\/uploads\\/2019\\/Kreta_18\\/DSC06760.jpg\",\"width\":2000,\"height\":2000,\"caption\":\"Katja-Bahini Mangold\"},\"logo\":{\"@id\":\"https:\\/\\/katja-bahini.de\\/wp-content\\/uploads\\/2019\\/Kreta_18\\/DSC06760.jpg\"},\"description\":\"T\u00e4nzerin, Tanzp\u00e4dagogin, Agrarwissenschaftlerin\",\"sameAs\":[\"http:\\\/\\\/katja-bahini.de\",\"https:\\\/\\\/www.facebook.com\\\/KatjaBahini\",\"https:\\\/\\\/www.instagram.com\\\/KatjaBahini\\\/\"]}]}<\/script>\n<!-- \/ Yoast SEO plugin. -->","yoast_head_json":{"title":"Verk\u00f6rpertes Gebet an das Leben - Jahreszyklus - Katja-Bahini","robots":{"index":"index","follow":"follow","max-snippet":"max-snippet:-1","max-image-preview":"max-image-preview:large","max-video-preview":"max-video-preview:-1"},"canonical":"https:\/\/katja-bahini.de\/verkoerpertes-gebet\/","og_locale":"en_US","og_type":"article","og_title":"Verk\u00f6rpertes Gebet an das Leben - Jahreszyklus - Katja-Bahini","og_url":"https:\/\/katja-bahini.de\/verkoerpertes-gebet\/","og_site_name":"Katja-Bahini","article_publisher":"https:\/\/www.facebook.com\/KatjaBahini","article_modified_time":"2026-04-27T15:05:49+00:00","og_image":[{"width":2560,"height":1707,"url":"https:\/\/ml5fn3turf4g.i.optimole.com\/w:auto\/h:auto\/q:mauto\/f:best\/ig:avif\/https:\/\/katja-bahini.de\/wp-content\/uploads\/2026\/04\/andrzej-kryszpiniuk-4wFqHZ1ONnM-unsplash-scaled.jpg","type":"image\/jpeg"}],"twitter_card":"summary_large_image","twitter_misc":{"Est. reading time":"6 minutes"},"schema":{"@context":"https:\/\/schema.org","@graph":[{"@type":"WebPage","@id":"https:\/\/katja-bahini.de\/verkoerpertes-gebet\/","url":"https:\/\/katja-bahini.de\/verkoerpertes-gebet\/","name":"Verk\u00f6rpertes Gebet an das Leben - Jahreszyklus - Katja-Bahini","isPartOf":{"@id":"https:\/\/katja-bahini.de\/#website"},"primaryImageOfPage":{"@id":"https:\/\/katja-bahini.de\/verkoerpertes-gebet\/#primaryimage"},"image":{"@id":"https:\/\/katja-bahini.de\/verkoerpertes-gebet\/#primaryimage"},"thumbnailUrl":"https:\/\/ml5fn3turf4g.i.optimole.com\/w:auto\/h:auto\/q:mauto\/f:best\/ig:avif\/https:\/\/katja-bahini.de\/wp-content\/uploads\/2026\/04\/andrzej-kryszpiniuk-4wFqHZ1ONnM-unsplash-scaled.jpg","datePublished":"2024-09-17T09:39:18+00:00","dateModified":"2026-04-27T15:05:49+00:00","breadcrumb":{"@id":"https:\/\/katja-bahini.de\/verkoerpertes-gebet\/#breadcrumb"},"inLanguage":"en-US","potentialAction":[{"@type":"ReadAction","target":["https:\/\/katja-bahini.de\/verkoerpertes-gebet\/"]}]},{"@type":"ImageObject","inLanguage":"en-US","@id":"https:\/\/katja-bahini.de\/verkoerpertes-gebet\/#primaryimage","url":"https:\/\/ml5fn3turf4g.i.optimole.com\/w:auto\/h:auto\/q:mauto\/f:best\/ig:avif\/https:\/\/katja-bahini.de\/wp-content\/uploads\/2026\/04\/andrzej-kryszpiniuk-4wFqHZ1ONnM-unsplash-scaled.jpg","contentUrl":"https:\/\/ml5fn3turf4g.i.optimole.com\/w:auto\/h:auto\/q:mauto\/f:best\/ig:avif\/https:\/\/katja-bahini.de\/wp-content\/uploads\/2026\/04\/andrzej-kryszpiniuk-4wFqHZ1ONnM-unsplash-scaled.jpg","width":2560,"height":1707},{"@type":"BreadcrumbList","@id":"https:\/\/katja-bahini.de\/verkoerpertes-gebet\/#breadcrumb","itemListElement":[{"@type":"ListItem","position":1,"name":"Startseite","item":"https:\/\/katja-bahini.de\/"},{"@type":"ListItem","position":2,"name":"Verk\u00f6rpertes Gebet an das Leben &#8211; Jahreszyklus"}]},{"@type":"WebSite","@id":"https:\/\/katja-bahini.de\/#website","url":"https:\/\/katja-bahini.de\/","name":"Katja-Bahini","description":"Dance into Being | Embodiment \u2022 Dance \u2022 Ecosomatics","publisher":{"@id":"https:\/\/katja-bahini.de\/#\/schema\/person\/6f44f1174f4e6d5840d23438ec10e170"},"potentialAction":[{"@type":"SearchAction","target":{"@type":"EntryPoint","urlTemplate":"https:\/\/katja-bahini.de\/?s={search_term_string}"},"query-input":{"@type":"PropertyValueSpecification","valueRequired":true,"valueName":"search_term_string"}}],"inLanguage":"en-US"},{"@type":["Person","Organization"],"@id":"https:\/\/katja-bahini.de\/#\/schema\/person\/6f44f1174f4e6d5840d23438ec10e170","name":"Katja-Bahini Mangold","image":{"@type":"ImageObject","inLanguage":"en-US","@id":"https:\/\/ml5fn3turf4g.i.optimole.com\/w:auto\/h:auto\/q:mauto\/f:best\/ig:avif\/https:\/\/katja-bahini.de\/wp-content\/uploads\/2019\/Kreta_18\/DSC06760.jpg","url":"https:\/\/ml5fn3turf4g.i.optimole.com\/w:auto\/h:auto\/q:mauto\/f:best\/ig:avif\/https:\/\/katja-bahini.de\/wp-content\/uploads\/2019\/Kreta_18\/DSC06760.jpg","contentUrl":"https:\/\/ml5fn3turf4g.i.optimole.com\/w:auto\/h:auto\/q:mauto\/f:best\/ig:avif\/https:\/\/katja-bahini.de\/wp-content\/uploads\/2019\/Kreta_18\/DSC06760.jpg","width":2000,"height":2000,"caption":"Katja-Bahini Mangold"},"logo":{"@id":"https:\/\/ml5fn3turf4g.i.optimole.com\/w:auto\/h:auto\/q:mauto\/f:best\/ig:avif\/https:\/\/katja-bahini.de\/wp-content\/uploads\/2019\/Kreta_18\/DSC06760.jpg"},"description":"T\u00e4nzerin, Tanzp\u00e4dagogin, Agrarwissenschaftlerin","sameAs":["http:\/\/katja-bahini.de","https:\/\/www.facebook.com\/KatjaBahini","https:\/\/www.instagram.com\/KatjaBahini\/"]}]}},"_links":{"self":[{"href":"https:\/\/katja-bahini.de\/en\/wp-json\/wp\/v2\/pages\/4250","targetHints":{"allow":["GET"]}}],"collection":[{"href":"https:\/\/katja-bahini.de\/en\/wp-json\/wp\/v2\/pages"}],"about":[{"href":"https:\/\/katja-bahini.de\/en\/wp-json\/wp\/v2\/types\/page"}],"author":[{"embeddable":true,"href":"https:\/\/katja-bahini.de\/en\/wp-json\/wp\/v2\/users\/1"}],"replies":[{"embeddable":true,"href":"https:\/\/katja-bahini.de\/en\/wp-json\/wp\/v2\/comments?post=4250"}],"version-history":[{"count":133,"href":"https:\/\/katja-bahini.de\/en\/wp-json\/wp\/v2\/pages\/4250\/revisions"}],"predecessor-version":[{"id":5127,"href":"https:\/\/katja-bahini.de\/en\/wp-json\/wp\/v2\/pages\/4250\/revisions\/5127"}],"wp:featuredmedia":[{"embeddable":true,"href":"https:\/\/katja-bahini.de\/en\/wp-json\/wp\/v2\/media\/5031"}],"wp:attachment":[{"href":"https:\/\/katja-bahini.de\/en\/wp-json\/wp\/v2\/media?parent=4250"}],"curies":[{"name":"wp","href":"https:\/\/api.w.org\/{rel}","templated":true}]}}