{"id":3456,"date":"2023-09-05T16:06:55","date_gmt":"2023-09-05T14:06:55","guid":{"rendered":"https:\/\/katja-bahini.de\/?page_id=3456"},"modified":"2023-09-05T23:07:40","modified_gmt":"2023-09-05T21:07:40","slug":"ci-einfuehrung-kassel","status":"publish","type":"page","link":"https:\/\/katja-bahini.de\/en\/ci-einfuehrung-kassel\/","title":{"rendered":"Contact Impro Einf\u00fchrungsseminar Kassel"},"content":{"rendered":"<p>ZEITEN<\/p>\n<p>Samstag 28. Oktober 10-18h \u00a0<span style=\"color: #ff0000;\"><em><span style=\"font-size: 10pt;\">*early bird bis 15.9.\u00a0<\/span><\/em><\/span><\/p>\n<p>Innerhalb des Kurses werden wir\u00a0 grundlegende Prinzipien der Contact Improvisation wie k\u00f6rperliches Zuh\u00f6ren, offene Aufmerksamkeit, F\u00fchren und Folgen, Bewegung durch den Raum mit geteiltem Gewicht, Ebenenwechsel mit geteiltem Gewicht, Bewegen mit rollendem und gleitenden Kontakt&#8230; kennenlernen, bzw. vertiefen.<\/p>\n<p>Wir werden uns Zeit nehmen, miteinander im Kontakt zu landen, ehrliches Gewicht zu teilen mit\u00a0der M\u00f6glichkeit, uns authentisches Feedback zu geben um von hier ausgehend vertrauensvoll im\u00a0Spiel mit der Schwerkraft gemeinsame Bewegungsm\u00f6glichkeiten durch den Raum zu erkunden.<\/p>\n<p>Soloexplorationen, Parter*innen\u00fcbungen und Phasen der freien Improvisation und Integration des Gelernten, sowie verbaler Austausch werden Bestandteil des Kurses sein.<\/p>\n<p>Ich bin immer wieder tief ber\u00fchrt, Menschen darin begleiten zu d\u00fcrfen, ihre ersten Schritte in das Feld der Contact Improvisation zu wagen und Vertrauen zu fassen. Vertrauen in sich selbst und ihre K\u00f6rperwahrnehmung, in den Kontakt mit dem Boden, der uns tr\u00e4gt, und in den Kontakt mit den anderen Tanzenden. Nicht selten habe ich erlebt, dass diese Erfahrungen, weil sie so grundlegend sind und so viel mit Vertrauen und Einander-Zumuten mit den ganz individuellen eigenen Begrenzungen und M\u00f6glichkeiten zu tun haben, ein Leben transformieren.<\/p>\n<p>Als Inspiration lest auch gerne, was ich <a href=\"https:\/\/katja-bahini.de\/contact-impro-einfuehrungsseminar-jetzt-ist-hier-und-so-wie-du-bist\/\" target=\"_blank\" rel=\"noopener\">zur Contact Impro Einf\u00fchrung<\/a> schreibe&#8230;<\/p>\n<p>Ich freue mich auf euch!\u00a0\u00a0Katja-Bahini<\/p>\n<p>&nbsp;<\/p>\n<p>KOSTEN<\/p>\n<p>80\u20ac bis 15.9. (Early Birds)<br \/>\n95\u20ac bis 14.10. (Lazy Birds)<br \/>\n105\u20ac ab 15.10. (Late Birds)<\/p>\n<p>ORT<\/p>\n<p>CI Dojo, Heckerstr. 30c, Kassel<\/p>\n<p>ANMELDUNG &amp; FRAGEN<\/p>\n<p>Ann-Kristin Reimchen: a.reimchen@posteo.de<\/p>\n<p>&nbsp;<\/p>\n<p><em>&#8230;ein paar Infos zu mir &#8230;<\/em><\/p>\n<p>Seit 2012 organisiere ich die w\u00f6chentliche Witzenhausen Contact Impro Jam gemeinsam mit Marielle Gerke. Ich unterrichte CI seit 2014 und zeitgen\u00f6ssischen Tanz inspiriert aus dem Axis Syllabus seit 2017 in Abendkursen, sowie Seminaren und auf internationalen Contact Impro Festivals. Projekte, welche ich (co-)initiierte, sind die Waldfrauenzeit\u2013 Tanz zum Sein, die DIALOGE Contact Impro Jams, das MAMA CONTACT Festival, das CI WITZENHAUSEN WINTER TRAINING, sowie die CI Labbing Culture Witzenhausen.<\/p>\n<p>Meine Tanz- und Unterrichtspraxis ist insbesondere inspiriert durch meine Studienzeit bei J\u00f6rg Hassmann und Daniel Werner (CI), Kira Kirsch, Antoine Ragot und Frey Faust (Axis Syllabus), Emily Conrad und Susan Harper (Continuum), sowie meiner Forschungs- und Unterrichtspraxis gemeinsam mit Marielle Gerke (CI). Dar\u00fcber hinaus bin ich inspiriert durch Einfl\u00fcsse aus dem Butoh Tanz und diverser somatischer und umweltsomatischer Ans\u00e4tze.<\/p>\n<p><em>&#8230;vertiefende Infos zu meinem Lebenslauf findest du <a href=\"https:\/\/katja-bahini.de\/vita\/\">hier&#8230;<\/a><\/em><\/p>\n","protected":false},"excerpt":{"rendered":"<p>ZEITEN Samstag 28. Oktober 10-18h \u00a0*early bird bis 15.9.\u00a0 Innerhalb des Kurses werden wir\u00a0 grundlegende Prinzipien der Contact Improvisation wie k\u00f6rperliches Zuh\u00f6ren, offene Aufmerksamkeit, F\u00fchren und Folgen, Bewegung durch den &hellip; <\/p>\n<p class=\"link-more\"><a href=\"https:\/\/katja-bahini.de\/en\/ci-einfuehrung-kassel\/\" class=\"more-link\">Continue reading<span class=\"screen-reader-text\"> &#8220;Contact Impro Einf\u00fchrungsseminar Kassel&#8221;<\/span><\/a><\/p>\n","protected":false},"author":1,"featured_media":3458,"parent":0,"menu_order":6,"comment_status":"closed","ping_status":"closed","template":"","meta":{"footnotes":""},"class_list":["post-3456","page","type-page","status-publish","has-post-thumbnail","hentry"],"translation":{"provider":"WPGlobus","version":"3.0.2","language":"en","enabled_languages":["de","en"],"languages":{"de":{"title":true,"content":true,"excerpt":false},"en":{"title":false,"content":false,"excerpt":false}}},"yoast_head":"<!-- This site is optimized with the Yoast SEO plugin v27.6 - https:\/\/yoast.com\/product\/yoast-seo-wordpress\/ -->\n<title>Contact Impro Einf\u00fchrungsseminar Kassel - Katja-Bahini<\/title>\n<meta name=\"robots\" content=\"index, follow, max-snippet:-1, max-image-preview:large, max-video-preview:-1\" \/>\n<link rel=\"canonical\" href=\"https:\/\/katja-bahini.de\/ci-einfuehrung-kassel\/\" \/>\n<meta property=\"og:locale\" content=\"en_US\" \/>\n<meta property=\"og:type\" content=\"article\" \/>\n<meta property=\"og:title\" content=\"Contact Impro Einf\u00fchrungsseminar Kassel - Katja-Bahini\" \/>\n<meta property=\"og:url\" content=\"https:\/\/katja-bahini.de\/ci-einfuehrung-kassel\/\" \/>\n<meta property=\"og:site_name\" content=\"Katja-Bahini\" \/>\n<meta property=\"article:publisher\" content=\"https:\/\/www.facebook.com\/KatjaBahini\" \/>\n<meta property=\"article:modified_time\" content=\"2023-09-05T21:07:40+00:00\" \/>\n<meta property=\"og:image\" content=\"https:\/\/ml5fn3turf4g.i.optimole.com\/w:auto\/h:auto\/q:mauto\/f:best\/ig:avif\/https:\/\/katja-bahini.de\/wp-content\/uploads\/2023\/09\/16-jpeg-20x30-cm-print-300-dpi-scaled.jpg\" \/>\n\t<meta property=\"og:image:width\" content=\"2560\" \/>\n\t<meta property=\"og:image:height\" content=\"1707\" \/>\n\t<meta property=\"og:image:type\" content=\"image\/jpeg\" \/>\n<meta name=\"twitter:card\" content=\"summary_large_image\" \/>\n<meta name=\"twitter:label1\" content=\"Est. reading time\" \/>\n\t<meta name=\"twitter:data1\" content=\"3 minutes\" \/>\n<script type=\"application\/ld+json\" class=\"yoast-schema-graph\">{\"@context\":\"https:\\\/\\\/schema.org\",\"@graph\":[{\"@type\":\"WebPage\",\"@id\":\"https:\\\/\\\/katja-bahini.de\\\/ci-einfuehrung-kassel\\\/\",\"url\":\"https:\\\/\\\/katja-bahini.de\\\/ci-einfuehrung-kassel\\\/\",\"name\":\"Contact Impro Einf\u00fchrungsseminar Kassel - Katja-Bahini\",\"isPartOf\":{\"@id\":\"https:\\\/\\\/katja-bahini.de\\\/#website\"},\"primaryImageOfPage\":{\"@id\":\"https:\\\/\\\/katja-bahini.de\\\/ci-einfuehrung-kassel\\\/#primaryimage\"},\"image\":{\"@id\":\"https:\\\/\\\/katja-bahini.de\\\/ci-einfuehrung-kassel\\\/#primaryimage\"},\"thumbnailUrl\":\"https:\\/\\/katja-bahini.de\\/wp-content\\/uploads\\/2023\\/09\\/16-jpeg-20x30-cm-print-300-dpi-scaled.jpg\",\"datePublished\":\"2023-09-05T14:06:55+00:00\",\"dateModified\":\"2023-09-05T21:07:40+00:00\",\"breadcrumb\":{\"@id\":\"https:\\\/\\\/katja-bahini.de\\\/ci-einfuehrung-kassel\\\/#breadcrumb\"},\"inLanguage\":\"en-US\",\"potentialAction\":[{\"@type\":\"ReadAction\",\"target\":[\"https:\\\/\\\/katja-bahini.de\\\/ci-einfuehrung-kassel\\\/\"]}]},{\"@type\":\"ImageObject\",\"inLanguage\":\"en-US\",\"@id\":\"https:\\\/\\\/katja-bahini.de\\\/ci-einfuehrung-kassel\\\/#primaryimage\",\"url\":\"https:\\/\\/katja-bahini.de\\/wp-content\\/uploads\\/2023\\/09\\/16-jpeg-20x30-cm-print-300-dpi-scaled.jpg\",\"contentUrl\":\"https:\\/\\/katja-bahini.de\\/wp-content\\/uploads\\/2023\\/09\\/16-jpeg-20x30-cm-print-300-dpi-scaled.jpg\",\"width\":2560,\"height\":1707,\"caption\":\"CI Kassel Ein\"},{\"@type\":\"BreadcrumbList\",\"@id\":\"https:\\\/\\\/katja-bahini.de\\\/ci-einfuehrung-kassel\\\/#breadcrumb\",\"itemListElement\":[{\"@type\":\"ListItem\",\"position\":1,\"name\":\"Startseite\",\"item\":\"https:\\\/\\\/katja-bahini.de\\\/\"},{\"@type\":\"ListItem\",\"position\":2,\"name\":\"Contact Impro Einf\u00fchrungsseminar Kassel\"}]},{\"@type\":\"WebSite\",\"@id\":\"https:\\\/\\\/katja-bahini.de\\\/#website\",\"url\":\"https:\\\/\\\/katja-bahini.de\\\/\",\"name\":\"Katja-Bahini\",\"description\":\"Dance into Being | Embodiment \u2022 Dance \u2022 Ecosomatics\",\"publisher\":{\"@id\":\"https:\\\/\\\/katja-bahini.de\\\/#\\\/schema\\\/person\\\/6f44f1174f4e6d5840d23438ec10e170\"},\"potentialAction\":[{\"@type\":\"SearchAction\",\"target\":{\"@type\":\"EntryPoint\",\"urlTemplate\":\"https:\\\/\\\/katja-bahini.de\\\/?s={search_term_string}\"},\"query-input\":{\"@type\":\"PropertyValueSpecification\",\"valueRequired\":true,\"valueName\":\"search_term_string\"}}],\"inLanguage\":\"en-US\"},{\"@type\":[\"Person\",\"Organization\"],\"@id\":\"https:\\\/\\\/katja-bahini.de\\\/#\\\/schema\\\/person\\\/6f44f1174f4e6d5840d23438ec10e170\",\"name\":\"Katja-Bahini Mangold\",\"image\":{\"@type\":\"ImageObject\",\"inLanguage\":\"en-US\",\"@id\":\"https:\\/\\/katja-bahini.de\\/wp-content\\/uploads\\/2019\\/Kreta_18\\/DSC06760.jpg\",\"url\":\"https:\\/\\/katja-bahini.de\\/wp-content\\/uploads\\/2019\\/Kreta_18\\/DSC06760.jpg\",\"contentUrl\":\"https:\\/\\/katja-bahini.de\\/wp-content\\/uploads\\/2019\\/Kreta_18\\/DSC06760.jpg\",\"width\":2000,\"height\":2000,\"caption\":\"Katja-Bahini Mangold\"},\"logo\":{\"@id\":\"https:\\/\\/katja-bahini.de\\/wp-content\\/uploads\\/2019\\/Kreta_18\\/DSC06760.jpg\"},\"description\":\"T\u00e4nzerin, Tanzp\u00e4dagogin, Agrarwissenschaftlerin\",\"sameAs\":[\"http:\\\/\\\/katja-bahini.de\",\"https:\\\/\\\/www.facebook.com\\\/KatjaBahini\",\"https:\\\/\\\/www.instagram.com\\\/KatjaBahini\\\/\"]}]}<\/script>\n<!-- \/ Yoast SEO plugin. -->","yoast_head_json":{"title":"Contact Impro Einf\u00fchrungsseminar Kassel - Katja-Bahini","robots":{"index":"index","follow":"follow","max-snippet":"max-snippet:-1","max-image-preview":"max-image-preview:large","max-video-preview":"max-video-preview:-1"},"canonical":"https:\/\/katja-bahini.de\/ci-einfuehrung-kassel\/","og_locale":"en_US","og_type":"article","og_title":"Contact Impro Einf\u00fchrungsseminar Kassel - Katja-Bahini","og_url":"https:\/\/katja-bahini.de\/ci-einfuehrung-kassel\/","og_site_name":"Katja-Bahini","article_publisher":"https:\/\/www.facebook.com\/KatjaBahini","article_modified_time":"2023-09-05T21:07:40+00:00","og_image":[{"width":2560,"height":1707,"url":"https:\/\/ml5fn3turf4g.i.optimole.com\/w:auto\/h:auto\/q:mauto\/f:best\/ig:avif\/https:\/\/katja-bahini.de\/wp-content\/uploads\/2023\/09\/16-jpeg-20x30-cm-print-300-dpi-scaled.jpg","type":"image\/jpeg"}],"twitter_card":"summary_large_image","twitter_misc":{"Est. reading time":"3 minutes"},"schema":{"@context":"https:\/\/schema.org","@graph":[{"@type":"WebPage","@id":"https:\/\/katja-bahini.de\/ci-einfuehrung-kassel\/","url":"https:\/\/katja-bahini.de\/ci-einfuehrung-kassel\/","name":"Contact Impro Einf\u00fchrungsseminar Kassel - Katja-Bahini","isPartOf":{"@id":"https:\/\/katja-bahini.de\/#website"},"primaryImageOfPage":{"@id":"https:\/\/katja-bahini.de\/ci-einfuehrung-kassel\/#primaryimage"},"image":{"@id":"https:\/\/katja-bahini.de\/ci-einfuehrung-kassel\/#primaryimage"},"thumbnailUrl":"https:\/\/ml5fn3turf4g.i.optimole.com\/w:auto\/h:auto\/q:mauto\/f:best\/ig:avif\/https:\/\/katja-bahini.de\/wp-content\/uploads\/2023\/09\/16-jpeg-20x30-cm-print-300-dpi-scaled.jpg","datePublished":"2023-09-05T14:06:55+00:00","dateModified":"2023-09-05T21:07:40+00:00","breadcrumb":{"@id":"https:\/\/katja-bahini.de\/ci-einfuehrung-kassel\/#breadcrumb"},"inLanguage":"en-US","potentialAction":[{"@type":"ReadAction","target":["https:\/\/katja-bahini.de\/ci-einfuehrung-kassel\/"]}]},{"@type":"ImageObject","inLanguage":"en-US","@id":"https:\/\/katja-bahini.de\/ci-einfuehrung-kassel\/#primaryimage","url":"https:\/\/ml5fn3turf4g.i.optimole.com\/w:auto\/h:auto\/q:mauto\/f:best\/ig:avif\/https:\/\/katja-bahini.de\/wp-content\/uploads\/2023\/09\/16-jpeg-20x30-cm-print-300-dpi-scaled.jpg","contentUrl":"https:\/\/ml5fn3turf4g.i.optimole.com\/w:auto\/h:auto\/q:mauto\/f:best\/ig:avif\/https:\/\/katja-bahini.de\/wp-content\/uploads\/2023\/09\/16-jpeg-20x30-cm-print-300-dpi-scaled.jpg","width":2560,"height":1707,"caption":"CI Kassel Ein"},{"@type":"BreadcrumbList","@id":"https:\/\/katja-bahini.de\/ci-einfuehrung-kassel\/#breadcrumb","itemListElement":[{"@type":"ListItem","position":1,"name":"Startseite","item":"https:\/\/katja-bahini.de\/"},{"@type":"ListItem","position":2,"name":"Contact Impro Einf\u00fchrungsseminar Kassel"}]},{"@type":"WebSite","@id":"https:\/\/katja-bahini.de\/#website","url":"https:\/\/katja-bahini.de\/","name":"Katja-Bahini","description":"Dance into Being | Embodiment \u2022 Dance \u2022 Ecosomatics","publisher":{"@id":"https:\/\/katja-bahini.de\/#\/schema\/person\/6f44f1174f4e6d5840d23438ec10e170"},"potentialAction":[{"@type":"SearchAction","target":{"@type":"EntryPoint","urlTemplate":"https:\/\/katja-bahini.de\/?s={search_term_string}"},"query-input":{"@type":"PropertyValueSpecification","valueRequired":true,"valueName":"search_term_string"}}],"inLanguage":"en-US"},{"@type":["Person","Organization"],"@id":"https:\/\/katja-bahini.de\/#\/schema\/person\/6f44f1174f4e6d5840d23438ec10e170","name":"Katja-Bahini Mangold","image":{"@type":"ImageObject","inLanguage":"en-US","@id":"https:\/\/ml5fn3turf4g.i.optimole.com\/w:auto\/h:auto\/q:mauto\/f:best\/ig:avif\/https:\/\/katja-bahini.de\/wp-content\/uploads\/2019\/Kreta_18\/DSC06760.jpg","url":"https:\/\/ml5fn3turf4g.i.optimole.com\/w:auto\/h:auto\/q:mauto\/f:best\/ig:avif\/https:\/\/katja-bahini.de\/wp-content\/uploads\/2019\/Kreta_18\/DSC06760.jpg","contentUrl":"https:\/\/ml5fn3turf4g.i.optimole.com\/w:auto\/h:auto\/q:mauto\/f:best\/ig:avif\/https:\/\/katja-bahini.de\/wp-content\/uploads\/2019\/Kreta_18\/DSC06760.jpg","width":2000,"height":2000,"caption":"Katja-Bahini Mangold"},"logo":{"@id":"https:\/\/ml5fn3turf4g.i.optimole.com\/w:auto\/h:auto\/q:mauto\/f:best\/ig:avif\/https:\/\/katja-bahini.de\/wp-content\/uploads\/2019\/Kreta_18\/DSC06760.jpg"},"description":"T\u00e4nzerin, Tanzp\u00e4dagogin, Agrarwissenschaftlerin","sameAs":["http:\/\/katja-bahini.de","https:\/\/www.facebook.com\/KatjaBahini","https:\/\/www.instagram.com\/KatjaBahini\/"]}]}},"_links":{"self":[{"href":"https:\/\/katja-bahini.de\/en\/wp-json\/wp\/v2\/pages\/3456","targetHints":{"allow":["GET"]}}],"collection":[{"href":"https:\/\/katja-bahini.de\/en\/wp-json\/wp\/v2\/pages"}],"about":[{"href":"https:\/\/katja-bahini.de\/en\/wp-json\/wp\/v2\/types\/page"}],"author":[{"embeddable":true,"href":"https:\/\/katja-bahini.de\/en\/wp-json\/wp\/v2\/users\/1"}],"replies":[{"embeddable":true,"href":"https:\/\/katja-bahini.de\/en\/wp-json\/wp\/v2\/comments?post=3456"}],"version-history":[{"count":11,"href":"https:\/\/katja-bahini.de\/en\/wp-json\/wp\/v2\/pages\/3456\/revisions"}],"predecessor-version":[{"id":3521,"href":"https:\/\/katja-bahini.de\/en\/wp-json\/wp\/v2\/pages\/3456\/revisions\/3521"}],"wp:featuredmedia":[{"embeddable":true,"href":"https:\/\/katja-bahini.de\/en\/wp-json\/wp\/v2\/media\/3458"}],"wp:attachment":[{"href":"https:\/\/katja-bahini.de\/en\/wp-json\/wp\/v2\/media?parent=3456"}],"curies":[{"name":"wp","href":"https:\/\/api.w.org\/{rel}","templated":true}]}}