{"id":2648,"date":"2023-04-07T20:33:53","date_gmt":"2023-04-07T18:33:53","guid":{"rendered":"https:\/\/katja-bahini.de\/?page_id=2648"},"modified":"2025-09-04T15:00:33","modified_gmt":"2025-09-04T13:00:33","slug":"tanz-zum-sein","status":"publish","type":"page","link":"https:\/\/katja-bahini.de\/en\/tanz-zum-sein\/","title":{"rendered":"&#8230;Dance into Being&#8230;"},"content":{"rendered":"<p><span style=\"color: #433c52;\"><b>Katja-Bahini Mangold<\/b><\/span><\/p>\n<p class=\"western\"><span style=\"color: #433c52;\">Seit meiner Jugend begleitet mich der Tanz als erneuernde und transformierende Kraft. So hatte ich als 15-J\u00e4hrige ein Schl\u00fcsselerlebnis, als ich mich intuitiv in Trance tanzte. Dieses tief bewegende Ereignis stellte r\u00fcckblickend den Wendepunkt einer von Depression und negativen K\u00f6rperselbstbildern gepr\u00e4gten Zeit dar. In meinen fr\u00fchen 20ern machte ich Erfahrungen mit unterschiedlichsten Tanzformen, trainierte zeitgen\u00f6ssischen Tanz und Zirkusakrobatik und performte in diversen Kontexten. Der Drang, auf der B\u00fchne zu stehen, war damals gro\u00df. Die Erfahrungen verhalfen mir, meine Facetten und Vielschichtigkeit als Mensch tiefer zu ergr\u00fcnden und ihnen Ausdruck zu verleihen. Eine professionelle B\u00fchnentanzausbildung brach ich aufgrund einer H\u00fcftverletzung unverhofft ab. Bez\u00fcglich meines Vorhabens, B\u00fchnent\u00e4nzerin zu werden, war ich auf mich selbst zur\u00fcckgeworfen. So nahm mein <i>Tanz zum Sein<\/i> einen anderen Lauf. Ich reiste nach Nepal und Indien, um mehr \u00fcber den kulturellen Ursprung meines Zweitnamens\u00a0<i>Bahini\u00a0<\/i>zu erfahren und ein Praktikum in der Permakultur zu absolvieren. Zutiefst ber\u00fchrte mich in dieser Zeit ein fast 5-monatiger Aufenthalt am und im Meer im Jahr 2008. Hier erfuhr ich Tiefen und Ebenen der Erneuerung von deren Existenz ich nichts ahnte. Ich erlebte wie meine H\u00fcftverletzung heilte und meine Empfindungen immer subtiler wurden, w\u00e4hrend ich mich t\u00e4glich wie im Gebet vertrauensvoll den Wassern in und um mich herum hingab.\u00a0 Ich begann meine Aufmerksamkeit und mein Forschen dem innere Erleben in\u00a0 Bewegung, den Bedingungen f\u00fcr tiefe Pr\u00e4senzerfahrung und sinnlich-verwurzelter K\u00f6rperbeheimatung zu widmen. Dies hat meinen Tanz und mein Erleben nachhaltig beeindruckt. Die Begegnung mit Emily Conrad (somatische Pionierin und Entwicklerin des <i>Continuum <\/i>) verhalf mir damals, die tiefgreifenden Erfahrungen zu integrieren und das Meer in mir zu beheimaten. In diesem Sinne liebe ich es und begreife es als meine somatische Kernpraxis , mit den Naturelementen in Kontakt zu treten und unmittelbar mit und von ihnen zu lernen,\u00a0 mit ihnen intime Zwiesprache zu halten.<\/span><\/p>\n<p class=\"western\"><span style=\"color: #433c52;\">Innerhalb der letzten 16 Jahre setzte ich mich intensive mit Contact Improvisation, <i>Axis Syllabus<\/i>,\u00a0<i>Continuum<\/i> und Butoh Tanz auseinander. Dar\u00fcber hinaus bin ich in \u00f6kologischen Agrarwissenschaften ausgebildet mit den Interessensschwerpunkten Wildsammlung &amp; Heilpflanzenverarbeitung, Heilmittelherstellung, Fermentation &amp; ganzheitliche Nahrungsmittelqualit\u00e4t.<\/span><\/p>\n<p class=\"western\"><span style=\"color: #433c52;\">An der Contact Improvisation fasziniert mich die Pr\u00e4senz im Augenblick, mich authentisch mit anderen Menschen in Beziehung zu setzen, sowie Vielf\u00e4ltigkeit und Wandlungsf\u00e4higkeit in Bewegung zu erfahren. Die funktionale Anatomie inspiriert aus dem\u00a0<i>Axis Syllabus<\/i>\u00a0lehrt mich u.a. strukturelle Ausrichtung und f\u00fcr mich moderate Grenzen in Bewegung anzuerkennen. Im\u00a0<i>Continuum<\/i>\u00a0tauche ich durch Microbewegungen und Sound in subtilere Welten ein und rege tiefe Transformationsprozesse an oder begleite diese in absichtsloser Pr\u00e4senz. Der Butoh Tanz hilft mir und lehrt mich, das Unaussprechliche zu tanzen.<\/span><\/p>\n<p class=\"western\"><span style=\"color: #433c52;\">Von 2012 bis 2016 studierte ich Contact Improvisation bei J\u00f6rg Hassmann und Daniel Werner, von 2014 bis 2016 als deren Assistentin. Seit 2012 organisiere ich die w\u00f6chentliche <em>WITZENHAUSEN\u00a0 CONTACT IMPRO JAM<\/em> gemeinsam mit Marielle Gerke. 2014 begann ich, CI auf Seminaren in diversen Kontexten, sowie auf internationalen Festivals (<i>CMC, In Touch Berlin, Berlin New Years Festival, Tempelhof Festival, Czech CI gathering, Impro Ost, Summerflow<\/i>) zu unterrichten. Von 2014 -2018 war ich mit Marielle Gerke in mehrere Performance Projekte, sowie die Entwicklung von gemeinsamen Unterrichtsformaten involviert. Mein Verst\u00e4ndnis \u00fcber Zusammenh\u00e4nge und Funktionen des menschlichen Bewegungsapparats erweitere ich inspiriert durch die Blickwinkel des <em>Axis Syllabus<\/em> als Sch\u00fclerin bei Kira Kirsch, Antoine Ragot (2017-2020) und Frey Faust u.a. (<em>Nomadic College<\/em> 2008 und 2018), sowie durch Weiterbildung in Kin\u00e4sthetik. Seit 2020 studiere ich intensiv mit Susan Harper (<i>Continuum<\/i>) somatische Mystik und die Interaktion von Sound und Mikrobewegungen. Innerhalb einer autonomen Supervisionsgruppe von Absolventinnen des Jahrestrainings\u00a0<i>MOSH GOLD\u00a0<\/i>von Ilan Stefani treffe ich mich wiederkehrend zur Vertiefung und Reflexion der eigenen somatischen Praxis.<\/span><\/p>\n<p class=\"western\"><span style=\"color: #433c52;\">2019 initiierte ich die\u00a0<i>WALDFRAUENZEIT \u2013 Tanz zum Sein<\/i>, einen umweltsomatischen Jahreszyklus f\u00fcr Frauen und die\u00a0<i>DIALOGE Contact Impro Jam<\/i> mit dem Fokus auf der Interaktion zwischen Sound-und Contact Improvisation. In 2022 initiierte ich die <i>CI LABBING CULTURE Witzenhausen,\u00a0<\/i>ein selbstorganisiertes nichtkommerzielles Forschungsformat f\u00fcr CI Praktizierende. 2023 organisierte ich gemeinsam mit Lotte Jirka und Luisa Sarmiento das <i>MAMA<\/i><strong><i>\u2022<\/i><\/strong><i>CONTACT Festival<\/i><i>,\u00a0 <\/i>sowie 2023\u00a0 gemeinsam mit Marielle Gerke das <i>CI WITZENHAUSEN WINTER TRAINING<\/i> .<\/span><\/p>\n<p class=\"western\"><span style=\"color: #433c52;\">Wichtige Impulse f\u00fcr meine t\u00e4nzerische, somatische und mystische Praxis erhielt ich u.a. von J\u00f6rg Hassmann und Daniel Werner (CI), Marielle Gerke (CI Entwicklung\u00a0<span lang=\"de-DE\">gemeinsamer\u00a0<\/span>Unterrichtsformate, Performances), Kira Kirsch, Antoine Ragot, Frey Faust (<i>Axis Syllabus<\/i>), Emily Conrad, Susan Harper u.a. (<i>Continuum<\/i>, somatische Mystik), Imre Thormann, Tadashi Endo, Anahi Chamorro (Butoh), Wal Mayans (Anthropologisches Theater und Tanz, Kompanie\u00a0<i>Hara Theatro<\/i>, Paraguay, 2007), Heide- Marie Weller (feministische ganzheitliche\u00a0<span lang=\"de-DE\">Lebensberatung<\/span>, weibliche Mythologie und Geschichte), Mayona Bliss, Anna Oppermann &amp;Tatjana Bach ( Scho\u00dfraumheilarbeit, Tempelarbeit), Ilan Stefani (nervensysteminformierte somatische Mystik, taoistische Jing-Praxis zur Vermehrung von Lebensenergie) und Annette Rath-Beckmann (matriarchaler Schamanismus).<\/span><\/p>\n","protected":false},"excerpt":{"rendered":"<p>Katja-Bahini Mangold Seit meiner Jugend begleitet mich der Tanz als erneuernde und transformierende Kraft. So hatte ich als 15-J\u00e4hrige ein Schl\u00fcsselerlebnis, als ich mich intuitiv in Trance tanzte. Dieses tief &hellip; <\/p>\n<p class=\"link-more\"><a href=\"https:\/\/katja-bahini.de\/en\/tanz-zum-sein\/\" class=\"more-link\">Continue reading<span class=\"screen-reader-text\"> &#8220;&#8230;Dance into Being&#8230;&#8221;<\/span><\/a><\/p>\n","protected":false},"author":1,"featured_media":3899,"parent":0,"menu_order":15,"comment_status":"closed","ping_status":"closed","template":"","meta":{"footnotes":""},"class_list":["post-2648","page","type-page","status-publish","has-post-thumbnail","hentry"],"translation":{"provider":"WPGlobus","version":"3.0.2","language":"en","enabled_languages":["de","en"],"languages":{"de":{"title":true,"content":true,"excerpt":false},"en":{"title":true,"content":false,"excerpt":false}}},"yoast_head":"<!-- This site is optimized with the Yoast SEO plugin v27.4 - https:\/\/yoast.com\/product\/yoast-seo-wordpress\/ -->\n<title>...Dance into Being... - Katja-Bahini<\/title>\n<meta name=\"robots\" content=\"index, follow, max-snippet:-1, max-image-preview:large, max-video-preview:-1\" \/>\n<link rel=\"canonical\" href=\"https:\/\/katja-bahini.de\/tanz-zum-sein\/\" \/>\n<meta property=\"og:locale\" content=\"en_US\" \/>\n<meta property=\"og:type\" content=\"article\" \/>\n<meta property=\"og:title\" content=\"...Dance into Being... - Katja-Bahini\" \/>\n<meta property=\"og:url\" content=\"https:\/\/katja-bahini.de\/tanz-zum-sein\/\" \/>\n<meta property=\"og:site_name\" content=\"Katja-Bahini\" \/>\n<meta property=\"article:publisher\" content=\"https:\/\/www.facebook.com\/KatjaBahini\" \/>\n<meta property=\"article:modified_time\" content=\"2025-09-04T13:00:33+00:00\" \/>\n<meta property=\"og:image\" content=\"https:\/\/ml5fn3turf4g.i.optimole.com\/w:auto\/h:auto\/q:mauto\/f:best\/ig:avif\/https:\/\/katja-bahini.de\/wp-content\/uploads\/2024\/01\/cropped-Portrait2.jpg\" \/>\n\t<meta property=\"og:image:width\" content=\"2000\" \/>\n\t<meta property=\"og:image:height\" content=\"2040\" \/>\n\t<meta property=\"og:image:type\" content=\"image\/jpeg\" \/>\n<meta name=\"twitter:card\" content=\"summary_large_image\" \/>\n<meta name=\"twitter:label1\" content=\"Est. reading time\" \/>\n\t<meta name=\"twitter:data1\" content=\"5 minutes\" \/>\n<script type=\"application\/ld+json\" class=\"yoast-schema-graph\">{\"@context\":\"https:\\\/\\\/schema.org\",\"@graph\":[{\"@type\":\"WebPage\",\"@id\":\"https:\\\/\\\/katja-bahini.de\\\/tanz-zum-sein\\\/\",\"url\":\"https:\\\/\\\/katja-bahini.de\\\/tanz-zum-sein\\\/\",\"name\":\"...Dance into Being... - Katja-Bahini\",\"isPartOf\":{\"@id\":\"https:\\\/\\\/katja-bahini.de\\\/#website\"},\"primaryImageOfPage\":{\"@id\":\"https:\\\/\\\/katja-bahini.de\\\/tanz-zum-sein\\\/#primaryimage\"},\"image\":{\"@id\":\"https:\\\/\\\/katja-bahini.de\\\/tanz-zum-sein\\\/#primaryimage\"},\"thumbnailUrl\":\"https:\\/\\/katja-bahini.de\\/wp-content\\/uploads\\/2024\\/01\\/cropped-Portrait2.jpg\",\"datePublished\":\"2023-04-07T18:33:53+00:00\",\"dateModified\":\"2025-09-04T13:00:33+00:00\",\"breadcrumb\":{\"@id\":\"https:\\\/\\\/katja-bahini.de\\\/tanz-zum-sein\\\/#breadcrumb\"},\"inLanguage\":\"en-US\",\"potentialAction\":[{\"@type\":\"ReadAction\",\"target\":[\"https:\\\/\\\/katja-bahini.de\\\/tanz-zum-sein\\\/\"]}]},{\"@type\":\"ImageObject\",\"inLanguage\":\"en-US\",\"@id\":\"https:\\\/\\\/katja-bahini.de\\\/tanz-zum-sein\\\/#primaryimage\",\"url\":\"https:\\/\\/katja-bahini.de\\/wp-content\\/uploads\\/2024\\/01\\/cropped-Portrait2.jpg\",\"contentUrl\":\"https:\\/\\/katja-bahini.de\\/wp-content\\/uploads\\/2024\\/01\\/cropped-Portrait2.jpg\",\"width\":2000,\"height\":2040},{\"@type\":\"BreadcrumbList\",\"@id\":\"https:\\\/\\\/katja-bahini.de\\\/tanz-zum-sein\\\/#breadcrumb\",\"itemListElement\":[{\"@type\":\"ListItem\",\"position\":1,\"name\":\"Startseite\",\"item\":\"https:\\\/\\\/katja-bahini.de\\\/\"},{\"@type\":\"ListItem\",\"position\":2,\"name\":\"&#8230;Tanz zum Sein&#8230;\"}]},{\"@type\":\"WebSite\",\"@id\":\"https:\\\/\\\/katja-bahini.de\\\/#website\",\"url\":\"https:\\\/\\\/katja-bahini.de\\\/\",\"name\":\"Katja-Bahini\",\"description\":\"Dance into Being | Embodiment \u2022 Dance \u2022 Ecosomatics\",\"publisher\":{\"@id\":\"https:\\\/\\\/katja-bahini.de\\\/#\\\/schema\\\/person\\\/2965031418d4060cb149ff81bc772f72\"},\"potentialAction\":[{\"@type\":\"SearchAction\",\"target\":{\"@type\":\"EntryPoint\",\"urlTemplate\":\"https:\\\/\\\/katja-bahini.de\\\/?s={search_term_string}\"},\"query-input\":{\"@type\":\"PropertyValueSpecification\",\"valueRequired\":true,\"valueName\":\"search_term_string\"}}],\"inLanguage\":\"en-US\"},{\"@type\":[\"Person\",\"Organization\"],\"@id\":\"https:\\\/\\\/katja-bahini.de\\\/#\\\/schema\\\/person\\\/2965031418d4060cb149ff81bc772f72\",\"name\":\"Katja-Bahini Mangold\",\"image\":{\"@type\":\"ImageObject\",\"inLanguage\":\"en-US\",\"@id\":\"https:\\/\\/katja-bahini.de\\/wp-content\\/uploads\\/2019\\/Kreta_18\\/DSC06760.jpg\",\"url\":\"https:\\/\\/katja-bahini.de\\/wp-content\\/uploads\\/2019\\/Kreta_18\\/DSC06760.jpg\",\"contentUrl\":\"https:\\/\\/katja-bahini.de\\/wp-content\\/uploads\\/2019\\/Kreta_18\\/DSC06760.jpg\",\"width\":2000,\"height\":2000,\"caption\":\"Katja-Bahini Mangold\"},\"logo\":{\"@id\":\"https:\\/\\/katja-bahini.de\\/wp-content\\/uploads\\/2019\\/Kreta_18\\/DSC06760.jpg\"},\"description\":\"T\u00e4nzerin, Tanzp\u00e4dagogin, Agrarwissenschaftlerin\",\"sameAs\":[\"http:\\\/\\\/katja-bahini.de\",\"https:\\\/\\\/www.facebook.com\\\/KatjaBahini\",\"https:\\\/\\\/www.instagram.com\\\/KatjaBahini\\\/\"]}]}<\/script>\n<!-- \/ Yoast SEO plugin. -->","yoast_head_json":{"title":"...Dance into Being... - Katja-Bahini","robots":{"index":"index","follow":"follow","max-snippet":"max-snippet:-1","max-image-preview":"max-image-preview:large","max-video-preview":"max-video-preview:-1"},"canonical":"https:\/\/katja-bahini.de\/tanz-zum-sein\/","og_locale":"en_US","og_type":"article","og_title":"...Dance into Being... - Katja-Bahini","og_url":"https:\/\/katja-bahini.de\/tanz-zum-sein\/","og_site_name":"Katja-Bahini","article_publisher":"https:\/\/www.facebook.com\/KatjaBahini","article_modified_time":"2025-09-04T13:00:33+00:00","og_image":[{"width":2000,"height":2040,"url":"https:\/\/ml5fn3turf4g.i.optimole.com\/w:auto\/h:auto\/q:mauto\/f:best\/ig:avif\/https:\/\/katja-bahini.de\/wp-content\/uploads\/2024\/01\/cropped-Portrait2.jpg","type":"image\/jpeg"}],"twitter_card":"summary_large_image","twitter_misc":{"Est. reading time":"5 minutes"},"schema":{"@context":"https:\/\/schema.org","@graph":[{"@type":"WebPage","@id":"https:\/\/katja-bahini.de\/tanz-zum-sein\/","url":"https:\/\/katja-bahini.de\/tanz-zum-sein\/","name":"...Dance into Being... - Katja-Bahini","isPartOf":{"@id":"https:\/\/katja-bahini.de\/#website"},"primaryImageOfPage":{"@id":"https:\/\/katja-bahini.de\/tanz-zum-sein\/#primaryimage"},"image":{"@id":"https:\/\/katja-bahini.de\/tanz-zum-sein\/#primaryimage"},"thumbnailUrl":"https:\/\/ml5fn3turf4g.i.optimole.com\/w:auto\/h:auto\/q:mauto\/f:best\/ig:avif\/https:\/\/katja-bahini.de\/wp-content\/uploads\/2024\/01\/cropped-Portrait2.jpg","datePublished":"2023-04-07T18:33:53+00:00","dateModified":"2025-09-04T13:00:33+00:00","breadcrumb":{"@id":"https:\/\/katja-bahini.de\/tanz-zum-sein\/#breadcrumb"},"inLanguage":"en-US","potentialAction":[{"@type":"ReadAction","target":["https:\/\/katja-bahini.de\/tanz-zum-sein\/"]}]},{"@type":"ImageObject","inLanguage":"en-US","@id":"https:\/\/katja-bahini.de\/tanz-zum-sein\/#primaryimage","url":"https:\/\/ml5fn3turf4g.i.optimole.com\/w:auto\/h:auto\/q:mauto\/f:best\/ig:avif\/https:\/\/katja-bahini.de\/wp-content\/uploads\/2024\/01\/cropped-Portrait2.jpg","contentUrl":"https:\/\/ml5fn3turf4g.i.optimole.com\/w:auto\/h:auto\/q:mauto\/f:best\/ig:avif\/https:\/\/katja-bahini.de\/wp-content\/uploads\/2024\/01\/cropped-Portrait2.jpg","width":2000,"height":2040},{"@type":"BreadcrumbList","@id":"https:\/\/katja-bahini.de\/tanz-zum-sein\/#breadcrumb","itemListElement":[{"@type":"ListItem","position":1,"name":"Startseite","item":"https:\/\/katja-bahini.de\/"},{"@type":"ListItem","position":2,"name":"&#8230;Tanz zum Sein&#8230;"}]},{"@type":"WebSite","@id":"https:\/\/katja-bahini.de\/#website","url":"https:\/\/katja-bahini.de\/","name":"Katja-Bahini","description":"Dance into Being | Embodiment \u2022 Dance \u2022 Ecosomatics","publisher":{"@id":"https:\/\/katja-bahini.de\/#\/schema\/person\/2965031418d4060cb149ff81bc772f72"},"potentialAction":[{"@type":"SearchAction","target":{"@type":"EntryPoint","urlTemplate":"https:\/\/katja-bahini.de\/?s={search_term_string}"},"query-input":{"@type":"PropertyValueSpecification","valueRequired":true,"valueName":"search_term_string"}}],"inLanguage":"en-US"},{"@type":["Person","Organization"],"@id":"https:\/\/katja-bahini.de\/#\/schema\/person\/2965031418d4060cb149ff81bc772f72","name":"Katja-Bahini Mangold","image":{"@type":"ImageObject","inLanguage":"en-US","@id":"https:\/\/ml5fn3turf4g.i.optimole.com\/w:auto\/h:auto\/q:mauto\/f:best\/ig:avif\/https:\/\/katja-bahini.de\/wp-content\/uploads\/2019\/Kreta_18\/DSC06760.jpg","url":"https:\/\/ml5fn3turf4g.i.optimole.com\/w:auto\/h:auto\/q:mauto\/f:best\/ig:avif\/https:\/\/katja-bahini.de\/wp-content\/uploads\/2019\/Kreta_18\/DSC06760.jpg","contentUrl":"https:\/\/ml5fn3turf4g.i.optimole.com\/w:auto\/h:auto\/q:mauto\/f:best\/ig:avif\/https:\/\/katja-bahini.de\/wp-content\/uploads\/2019\/Kreta_18\/DSC06760.jpg","width":2000,"height":2000,"caption":"Katja-Bahini Mangold"},"logo":{"@id":"https:\/\/ml5fn3turf4g.i.optimole.com\/w:auto\/h:auto\/q:mauto\/f:best\/ig:avif\/https:\/\/katja-bahini.de\/wp-content\/uploads\/2019\/Kreta_18\/DSC06760.jpg"},"description":"T\u00e4nzerin, Tanzp\u00e4dagogin, Agrarwissenschaftlerin","sameAs":["http:\/\/katja-bahini.de","https:\/\/www.facebook.com\/KatjaBahini","https:\/\/www.instagram.com\/KatjaBahini\/"]}]}},"_links":{"self":[{"href":"https:\/\/katja-bahini.de\/en\/wp-json\/wp\/v2\/pages\/2648","targetHints":{"allow":["GET"]}}],"collection":[{"href":"https:\/\/katja-bahini.de\/en\/wp-json\/wp\/v2\/pages"}],"about":[{"href":"https:\/\/katja-bahini.de\/en\/wp-json\/wp\/v2\/types\/page"}],"author":[{"embeddable":true,"href":"https:\/\/katja-bahini.de\/en\/wp-json\/wp\/v2\/users\/1"}],"replies":[{"embeddable":true,"href":"https:\/\/katja-bahini.de\/en\/wp-json\/wp\/v2\/comments?post=2648"}],"version-history":[{"count":14,"href":"https:\/\/katja-bahini.de\/en\/wp-json\/wp\/v2\/pages\/2648\/revisions"}],"predecessor-version":[{"id":4730,"href":"https:\/\/katja-bahini.de\/en\/wp-json\/wp\/v2\/pages\/2648\/revisions\/4730"}],"wp:featuredmedia":[{"embeddable":true,"href":"https:\/\/katja-bahini.de\/en\/wp-json\/wp\/v2\/media\/3899"}],"wp:attachment":[{"href":"https:\/\/katja-bahini.de\/en\/wp-json\/wp\/v2\/media?parent=2648"}],"curies":[{"name":"wp","href":"https:\/\/api.w.org\/{rel}","templated":true}]}}