{"id":2603,"date":"2023-04-06T21:23:00","date_gmt":"2023-04-06T19:23:00","guid":{"rendered":"https:\/\/katja-bahini.de\/?page_id=2603"},"modified":"2025-12-17T23:12:04","modified_gmt":"2025-12-17T22:12:04","slug":"contact-impro-einfuehrung-kassel","status":"publish","type":"page","link":"https:\/\/katja-bahini.de\/en\/contact-impro-einfuehrung-kassel\/","title":{"rendered":"Contact Impro basic Introduction"},"content":{"rendered":"<p><strong><span style=\"color: #336666;\">3- teilige SEMINARREIHE CONTACT IMPRO Einf\u00fchrung in Kassel ab Herbst 25 <\/span><\/strong><\/p>\n<p><span style=\"color: #336666;\"><span style=\"color: #ff0000;\"><em>*<\/em><\/span><\/span><span style=\"color: #ff0000;\"><em>Anmeldung f\u00fcr Teil 2 &amp; 3 bei entsprechender Vorerfahrung m\u00f6glich *<\/em><\/span><\/p>\n<p><span style=\"color: #336666;\">:: <strong>Teil 2<\/strong> \u2013 Sa, 17. Jan \u2013 So, 18. Jan<br \/>\n:: <strong>Teil 3<\/strong> \u2013 Sa, 21. Feb \u2013 So, 22. Feb 26<br \/>\n<\/span><\/p>\n<p><span style=\"color: #336666; font-size: 10pt;\">Sa\u00a0 10 &#8211; 13h\u00a0 &amp;\u00a0 16 &#8211; 18h\u00a0 , So 10 &#8211; 13h\u00a0 &amp;\u00a0 15 &#8211; 17h<\/span><\/p>\n<p><span style=\"color: #ffffff;\">zuerzeile<\/span><\/p>\n<p><span style=\"color: #336666;\"><span style=\"font-size: 10pt;\">Teil 1, bzw. die gesamte Reihe richtet sich an Menschen OHNE Vorerfahrung.\u00a0 Teil 2 &amp; 3\u00a0 \u00a0sind bei entsprechender Vorkenntnis belegbar, jedoch werden Teilnehmende an der gesamten Reihe bevorzugt. Details siehe unten<\/span><\/span><\/p>\n<p><span style=\"color: #336666;\"><strong><em>Wie kann ich im Kontakt mit anderen mir selber treu bleiben und authentisch meine Impulse artikuliere?<\/em><\/strong><\/span><\/p>\n<p><span style=\"color: #336666;\"><strong><em>Wie ist es mir m\u00f6glich,\u00a0 gleichzeitig Durchl\u00e4ssigkeit und Offenheit zuzulassen f\u00fcr den Dialog?<\/em><\/strong><\/span><\/p>\n<p><span style=\"color: #336666;\"><strong><em>Wie k\u00f6nnen wir uns so, wie wir sind in unserer Unterschiedlichkeit und Vielfalt authentisch begegnen?<\/em><\/strong><\/span><\/p>\n<p><span style=\"color: #336666;\"><strong><em>Wie entsteht Vertrauen?\u00a0 Wann lasse ich mich wirklich ein auf Improvisation im Augenblick?<\/em><\/strong><\/span><\/p>\n<p><span style=\"color: #336666;\">Dies ist ist die Aufforderung, auf der k\u00f6rperlich-t\u00e4nzerischen Ebene an diesen Fragen alleine und gemeinsam zu forschen, neue Wege zu gehen und genauer hinzuh\u00f6ren\u2026andere Entscheidungen zu treffen und unsere getroffenen Entscheidungen bewusst wahrzunehmen. Die Technik, welche uns dabei inspirieren wird und den N\u00e4hrboden bildet f\u00fcr unseren Erfahrungsraum ist die Contact Improvisation.<\/span><\/p>\n<p><span style=\"color: #336666;\">Die Contact Improvisation l\u00e4dt uns ein, den eigenen Impulsen zu folgen, sowie uns auf einen feinen nonverbalen Dialog mit anderen Menschen einzulassen. Ein wichtiges Merkmal dieser Improvisationsform ist das Bewegen mit geteiltem Gewicht. Hierbei gehen die Beteiligten das \u201eWagnis\u201c ein, aus der eigenen Balance zu fallen, gegeneinander zu lehnen und ihr Gewicht zu teilen. Hierdurch entstehen spannungsreiche Momente und eine Vielfalt neuer Entscheidungsm\u00f6glichkeiten in der gemeinsamen Bewegung.<\/span><\/p>\n<p><span style=\"color: #336666;\">Die Beziehung zum Boden oder unserer Erde ist in der Contact Improvisation elementar. Durch unsere Bewegung setzen wie uns st\u00e4ndig neu in Beziehung zu ihr. Wir ertasten ihre Oberfl\u00e4che und Beschaffenheit und erfahren wie die Schwerkraft auf uns wirkt. Im Kontakt mit unseren Tanzpartner*innen erweitert sich unsere Bezugsfl\u00e4che zur Erde um die\u00a0 anderer Menschen, bzw. K\u00f6rper im Raum und wird somit zu einer sich st\u00e4ndig wandelnden Bezugsfl\u00e4che. Die Art und Weise, wie wir uns k\u00f6rperlich in Beziehung zur Erde setzen, entscheidet wiederum, in welcher Weise wir Halt und Orientierung finden und bieten k\u00f6nnen in unseren T\u00e4nzen.\u00a0 Das so entstehende Vertrauen bietet die Basis f\u00fcr unsere T\u00e4nze und erlaubt uns, uns in alle Richtungen und Ebenen im Raum zu bewegen und wahre Improvisation und Nicht-Wissen zuzulassen!<\/span><\/p>\n<p><span style=\"color: #336666;\">W\u00e4hrend der CI Einf\u00fchrungsserie werden wir die grundlegende Prinzipien der Contact-Improvisation <em>\u00a0<\/em>kennen lernen. Wir lernen auf unterschiedlichen Wegen in Dialog mit unseren Tanzpartner*innen zu gehen und unser Ausdrucksspektrum in Bewegung alleine und im Kontakt zu erweitern, sowie unsere Sinneswahrnehmung zu verfeinern. Mal beginnen wir mit somatischen Soloexplorationen und entwickeln von hier ausgehend bestimmte Bewegungs- und\u00a0 Ber\u00fchrungsqualit\u00e4ten, welche wir in unsere T\u00e4nze einflie\u00dfen lassen.\u00a0 Mal forschen wir mit konkreten exemplarischen Bewegungsabfolgen. W\u00e4hrend dessen sind sowohl t\u00e4nzerisch als auch verbal im Austausch \u00fcber das Erlebte. Die Contact Improvisation bietet uns hierbei ein reichhaltiges Lernfeld, unser So-Sein liebevoll anzunehmen und von da aus in den Kontakt mit unseren Mitmenschen zu gehen.<\/span><\/p>\n<p><span style=\"color: #336666;\">Es ist mir ein besonderes Anliegen, auf die unterschiedlichen Erfahrungslevel und Bed\u00fcrfnisse der Teilnehmer*Innen nach meinen besten M\u00f6glichkeiten einzugehen und allen eine angenehme, bereichernde und inspirierende Erfahrung zu erm\u00f6glichen. Die Diversit\u00e4t der Gruppe verstehe ich als Bereicherung, ganz gleich welchen Alters, Geschlechts und welche pers\u00f6nlichen Voraussetzungen Du mitbringst, Du bist herzlich Willkommen! <\/span><\/p>\n<p><a href=\"https:\/\/katja-bahini.de\/teilnehmerinnenstimmen-allgemein\/\" target=\"_blank\" rel=\"noopener\"><em><span style=\"color: #336666;\">Dies schreiben ehemalige Teilnehmer*innen&#8230;.<\/span><\/em><\/a><\/p>\n<p><span style=\"color: #ffffff;\">leerzeile<\/span><\/p>\n<p><span style=\"color: #336666;\">ZIELGRUPPE &amp; THEMEN*<\/span><\/p>\n<p><span style=\"color: #336666;\"><b>\u00a0:: \u00a0Teil 1<\/b>\u00a0 (Grundkurs) <strong>\u00a0<\/strong><\/span><br \/>\n<span style=\"color: #336666;\">F\u00fcr Anf\u00e4nger*innen in der Contact Improvisation, alle Menschen mit Interesse an Bewegung, Tanz und authentischem Kontakt!<\/span><\/p>\n<p><span style=\"color: #336666;\">THEMEN\u00a0 Schwerkraft wahrnehmen, k\u00f6rperliches Zuh\u00f6ren, offene Aufmerksamkeit, Bewegung durch den Raum mit geteiltem Gewicht (Lehnen), gemeinsames Fallen durch den Raum, F\u00fchren und Folgen, rollender, haftender und gleitender Kontaktpunkt, Ebenenwechsel mit geteiltem Gewicht, Wege in den Kontakt und aus dem Kontakt (&#8230;)<\/span><\/p>\n<p>&nbsp;<\/p>\n<p><span style=\"color: #336666;\"><b>::\u00a0 Teil 2<\/b><br \/>\nAufbauend auf dem Grundkurs, dar\u00fcber hinaus zug\u00e4nglich f\u00fcr Menschen mit Grundkenntnissen in der CI, welche ihr Verst\u00e4ndnis vertiefen wollen.<\/span><\/p>\n<p><span style=\"color: #336666;\">THEMEN Voraussetzungen f\u00fcr gute Kraft\u00fcbertragung und Gewichtsverlagerungen zwischen K\u00f6rpern, Transportieren von Gewicht, Balancieren auf anderen K\u00f6rpern (&#8230;)<\/span><\/p>\n<div><span style=\"color: #336666;\"><i>VORAUSSETZUNGEN\u00a0 <\/i>Lehnen mit geteiltem Gewicht, einfache Ebenenwechsel mit geteiltem Gewicht (noch ohne Gewichtsverlagerung), Unterscheidung von rollendem, klebenden &amp; gleitender Kontaktpunkt<\/span><\/div>\n<div><\/div>\n<p>&nbsp;<\/p>\n<p><span style=\"color: #336666;\"><strong>::\u00a0 \u00a0Teil 3<\/strong>\u00a0 \u00a0 \u00a0 \u00a0 \u00a0 \u00a0 \u00a0 \u00a0 \u00a0 \u00a0 \u00a0 \u00a0 \u00a0 \u00a0 \u00a0 \u00a0 \u00a0 \u00a0 \u00a0 \u00a0 \u00a0 \u00a0 \u00a0 \u00a0 \u00a0 \u00a0 \u00a0 \u00a0<\/span><br \/>\n<span style=\"color: #336666;\">Aufbauend auf Teil 1 &amp; 2 , dar\u00fcber hinaus zug\u00e4nglich f\u00fcr Menschen mit entsprechenden Kenntnissen in der CI, welche ihr Verst\u00e4ndnis vertiefen wollen.<\/span><\/p>\n<p><span style=\"color: #336666;\">THEMEN dynamische Kraft\u00fcbertragung, Bewegungsorganisation in zunehmend komplexeren Situationen, Artikulation der Brustwirbels\u00e4ule\u00a0 (&#8230;)<\/span><\/p>\n<p><span style=\"color: #336666;\"><i>VORAUSSETZUNGEN <\/i>\u00a0Grundlagenkenntnis f\u00fcr einfache Beckenlifts &amp;\u00a0 dynamische Kraft\u00fcbertragung<\/span><\/p>\n<p><span style=\"font-size: 10pt; color: #336666;\">*Bez\u00fcglich der Themen orientiere ich mich stets mehr an der Gruppe als an einem festgelegten Konzept und arbeite mit dem, was sich im Moment zeigt.<\/span><\/p>\n<p>&nbsp;<\/p>\n<p><span style=\"color: #336666;\"><span style=\"font-family: Libre Franklin, Helvetica Neue, helvetica, arial, sans-serif;\"><span style=\"font-size: medium;\">PREISE **<\/span><\/span><\/span><\/p>\n<p><strong><span style=\"color: #336666;\"><span style=\"font-family: Libre Franklin, Helvetica Neue, helvetica, arial, sans-serif;\"><span style=\"font-size: medium;\"><b>:: 3-teilige Seminarreihe CI Einf\u00fchrung<\/b><\/span><\/span><\/span><\/strong><span style=\"color: #333333;\"><span style=\"font-family: Libre Franklin, Helvetica Neue, helvetica, arial, sans-serif;\"><span style=\"font-size: medium;\"><br \/>\n<\/span><\/span><\/span><span style=\"color: #336666;\"><span style=\"font-family: Libre Franklin, Helvetica Neue, helvetica, arial, sans-serif;\"><span style=\"font-size: medium;\">465 \u2013 720\u20ac\u00a0 <\/span><\/span><\/span><span style=\"color: #ff0000;\"><span style=\"font-family: Libre Franklin, Helvetica Neue, helvetica, arial, sans-serif;\"><span style=\"font-size: small;\"><em>early bird<\/em>\u00a0 bis\u00a0 1. Oktober 25 , Verl\u00e4ngert bei Anmeldung zu zweit bis 6.12.<\/span><\/span><\/span><span style=\"color: #333333;\"><span style=\"font-family: Libre Franklin, Helvetica Neue, helvetica, arial, sans-serif;\"><span style=\"font-size: medium;\"><br \/>\n<\/span><\/span><\/span><span style=\"color: #336666;\"><span style=\"font-family: Libre Franklin, Helvetica Neue, helvetica, arial, sans-serif;\"><span style=\"font-size: medium;\">5<\/span><\/span><\/span><span style=\"color: #336666;\"><span style=\"font-family: Libre Franklin, Helvetica Neue, helvetica, arial, sans-serif;\"><span style=\"font-size: medium;\">00 <\/span><\/span><\/span><span style=\"color: #336666;\"><span style=\"font-family: Libre Franklin, Helvetica Neue, helvetica, arial, sans-serif;\"><span style=\"font-size: medium;\">\u2013 720\u20ac\u00a0 <\/span><\/span><\/span><span style=\"color: #336666;\"><span style=\"font-family: Libre Franklin, Helvetica Neue, helvetica, arial, sans-serif;\"><span style=\"font-size: small;\">bis 10. November 25\u00a0<\/span><\/span><\/span><span style=\"color: #333333;\"><span style=\"font-family: Libre Franklin, Helvetica Neue, helvetica, arial, sans-serif;\"><span style=\"font-size: medium;\"><br \/>\n<\/span><\/span><\/span><span style=\"color: #336666;\"><span style=\"font-family: Libre Franklin, Helvetica Neue, helvetica, arial, sans-serif;\"><span style=\"font-size: medium;\">5<\/span><\/span><\/span><span style=\"color: #336666;\"><span style=\"font-family: Libre Franklin, Helvetica Neue, helvetica, arial, sans-serif;\"><span style=\"font-size: medium;\">25<\/span><\/span><\/span><span style=\"color: #336666;\"><span style=\"font-family: Libre Franklin, Helvetica Neue, helvetica, arial, sans-serif;\"><span style=\"font-size: medium;\"> \u2013 720\u20ac\u00a0 \u00a0<\/span><\/span><\/span><span style=\"color: #336666;\"><span style=\"font-family: Libre Franklin, Helvetica Neue, helvetica, arial, sans-serif;\"><span style=\"font-size: small;\">ab 11. November 25 <\/span><\/span><\/span><\/p>\n<p><strong><span style=\"color: #336666;\"><span style=\"font-family: Libre Franklin, Helvetica Neue, helvetica, arial, sans-serif;\"><span style=\"font-size: medium;\"><b>:: <\/b><\/span><\/span><\/span><\/strong><strong><span style=\"color: #336666;\"><span style=\"font-family: Libre Franklin, Helvetica Neue, helvetica, arial, sans-serif;\"><span style=\"font-size: medium;\"><b>einzelne<\/b><\/span><\/span><\/span><\/strong><span style=\"color: #336666;\"><span style=\"font-family: Libre Franklin, Helvetica Neue, helvetica, arial, sans-serif;\"><span style=\"font-size: medium;\"><strong> Kursteile<\/strong>*<\/span><\/span><\/span><\/p>\n<p><span style=\"color: #336666;\"><span style=\"font-family: Libre Franklin, Helvetica Neue, helvetica, arial, sans-serif;\"><span style=\"font-size: small;\"><span style=\"font-size: 12pt;\">185 \u2013 260\u20ac<\/span>\u00a0\u00a0<span style=\"color: #ff0000;\"> early bird\u00a0 bis je 6 Wochen vor Kursbeginn\u00a0<\/span><br \/>\n<span style=\"font-size: 12pt;\">220 \u2013 260\u20ac<\/span>\u00a0 \u00a0regul\u00e4rer Preis<br \/>\n<span style=\"font-size: 12pt;\">240 \u2013 260\u20ac\u00a0<\/span> \u00a0late bird ab 1 Woche vor Kursbeginn<\/span><\/span><\/span><\/p>\n<p><span style=\"color: #336666;\"><span style=\"font-family: Libre Franklin, Helvetica Neue, helvetica, arial, sans-serif;\"><span style=\"font-size: small;\"><span style=\"font-size: 10pt;\">* <\/span>Anmeldung ab 1. November m\u00f6glich, Teilnehmende am gesamten Training werden bevorzugt. Interessensbekundungen gerne vorab an <a href=\"https:\/\/katja-bahini.de\/kontakt\/\" target=\"_blank\" rel=\"noopener\"><span style=\"color: #0f0f0f;\">info(at)katja-bahini.de<\/span><\/a><\/span><\/span><\/span><br \/>\n<span style=\"color: #336666;\"><span style=\"font-family: Libre Franklin, Helvetica Neue, helvetica, arial, sans-serif;\"><span style=\"font-size: small;\">** die Anmeldung ist jeweils verbindlich mit ZahlungsEINgang des Kursbeitrages<\/span><\/span><\/span><\/p>\n<p>&nbsp;<\/p>\n<p><span style=\"color: #336666;\">ORT<\/span><\/p>\n<p><span style=\"color: #336666;\">Dojo Heckerstra\u00dfe 30c, Hinterhof, Kassel<\/span><\/p>\n<p>&nbsp;<\/p>\n<p><span style=\"color: #336666;\">ANMELDUNG<\/span><\/p>\n<p><span style=\"color: #336666;\">\u00a0bitte sende mir eine mail an\u00a0 <strong>info(at)katja-bahini.de<\/strong> mit Betreff <strong>&#8220;CI_Ein_Kassel&#8221;<\/strong> und melde dich \u00fcber das <a href=\"https:\/\/docs.google.com\/forms\/d\/e\/1FAIpQLSeMZRRGZPLynfNR0zTgmJ69kFF_wcfdwv5k3XHZ28fHB-LXtQ\/viewform?usp=sf_link\" target=\"_blank\" rel=\"noopener\">Anmeldeformular<\/a> an.<br \/>\n<\/span><\/p>\n<p>&nbsp;<\/p>\n","protected":false},"excerpt":{"rendered":"<p>3- teilige SEMINARREIHE CONTACT IMPRO Einf\u00fchrung in Kassel ab Herbst 25 *Anmeldung f\u00fcr Teil 2 &amp; 3 bei entsprechender Vorerfahrung m\u00f6glich * :: Teil 2 \u2013 Sa, 17. Jan \u2013 &hellip; <\/p>\n<p class=\"link-more\"><a href=\"https:\/\/katja-bahini.de\/en\/contact-impro-einfuehrung-kassel\/\" class=\"more-link\">Continue reading<span class=\"screen-reader-text\"> &#8220;Contact Impro basic Introduction&#8221;<\/span><\/a><\/p>\n","protected":false},"author":1,"featured_media":3458,"parent":0,"menu_order":17,"comment_status":"closed","ping_status":"closed","template":"","meta":{"footnotes":""},"class_list":["post-2603","page","type-page","status-publish","has-post-thumbnail","hentry"],"translation":{"provider":"WPGlobus","version":"3.0.2","language":"en","enabled_languages":["de","en"],"languages":{"de":{"title":true,"content":true,"excerpt":false},"en":{"title":true,"content":false,"excerpt":false}}},"yoast_head":"<!-- This site is optimized with the Yoast SEO plugin v27.6 - https:\/\/yoast.com\/product\/yoast-seo-wordpress\/ -->\n<title>Contact Impro basic Introduction - Katja-Bahini<\/title>\n<meta name=\"robots\" content=\"index, follow, max-snippet:-1, max-image-preview:large, max-video-preview:-1\" \/>\n<link rel=\"canonical\" href=\"https:\/\/katja-bahini.de\/contact-impro-einfuehrung-kassel\/\" \/>\n<meta property=\"og:locale\" content=\"en_US\" \/>\n<meta property=\"og:type\" content=\"article\" \/>\n<meta property=\"og:title\" content=\"Contact Impro basic Introduction - Katja-Bahini\" \/>\n<meta property=\"og:url\" content=\"https:\/\/katja-bahini.de\/contact-impro-einfuehrung-kassel\/\" \/>\n<meta property=\"og:site_name\" content=\"Katja-Bahini\" \/>\n<meta property=\"article:publisher\" content=\"https:\/\/www.facebook.com\/KatjaBahini\" \/>\n<meta property=\"article:modified_time\" content=\"2025-12-17T22:12:04+00:00\" \/>\n<meta property=\"og:image\" content=\"https:\/\/ml5fn3turf4g.i.optimole.com\/w:auto\/h:auto\/q:mauto\/f:best\/ig:avif\/https:\/\/katja-bahini.de\/wp-content\/uploads\/2023\/09\/16-jpeg-20x30-cm-print-300-dpi-scaled.jpg\" \/>\n\t<meta property=\"og:image:width\" content=\"2560\" \/>\n\t<meta property=\"og:image:height\" content=\"1707\" \/>\n\t<meta property=\"og:image:type\" content=\"image\/jpeg\" \/>\n<meta name=\"twitter:card\" content=\"summary_large_image\" \/>\n<meta name=\"twitter:label1\" content=\"Est. reading time\" \/>\n\t<meta name=\"twitter:data1\" content=\"5 minutes\" \/>\n<script type=\"application\/ld+json\" class=\"yoast-schema-graph\">{\"@context\":\"https:\\\/\\\/schema.org\",\"@graph\":[{\"@type\":\"WebPage\",\"@id\":\"https:\\\/\\\/katja-bahini.de\\\/contact-impro-einfuehrung-kassel\\\/\",\"url\":\"https:\\\/\\\/katja-bahini.de\\\/contact-impro-einfuehrung-kassel\\\/\",\"name\":\"Contact Impro basic Introduction - Katja-Bahini\",\"isPartOf\":{\"@id\":\"https:\\\/\\\/katja-bahini.de\\\/#website\"},\"primaryImageOfPage\":{\"@id\":\"https:\\\/\\\/katja-bahini.de\\\/contact-impro-einfuehrung-kassel\\\/#primaryimage\"},\"image\":{\"@id\":\"https:\\\/\\\/katja-bahini.de\\\/contact-impro-einfuehrung-kassel\\\/#primaryimage\"},\"thumbnailUrl\":\"https:\\/\\/katja-bahini.de\\/wp-content\\/uploads\\/2023\\/09\\/16-jpeg-20x30-cm-print-300-dpi-scaled.jpg\",\"datePublished\":\"2023-04-06T19:23:00+00:00\",\"dateModified\":\"2025-12-17T22:12:04+00:00\",\"breadcrumb\":{\"@id\":\"https:\\\/\\\/katja-bahini.de\\\/contact-impro-einfuehrung-kassel\\\/#breadcrumb\"},\"inLanguage\":\"en-US\",\"potentialAction\":[{\"@type\":\"ReadAction\",\"target\":[\"https:\\\/\\\/katja-bahini.de\\\/contact-impro-einfuehrung-kassel\\\/\"]}]},{\"@type\":\"ImageObject\",\"inLanguage\":\"en-US\",\"@id\":\"https:\\\/\\\/katja-bahini.de\\\/contact-impro-einfuehrung-kassel\\\/#primaryimage\",\"url\":\"https:\\/\\/katja-bahini.de\\/wp-content\\/uploads\\/2023\\/09\\/16-jpeg-20x30-cm-print-300-dpi-scaled.jpg\",\"contentUrl\":\"https:\\/\\/katja-bahini.de\\/wp-content\\/uploads\\/2023\\/09\\/16-jpeg-20x30-cm-print-300-dpi-scaled.jpg\",\"width\":2560,\"height\":1707,\"caption\":\"CI Kassel Ein\"},{\"@type\":\"BreadcrumbList\",\"@id\":\"https:\\\/\\\/katja-bahini.de\\\/contact-impro-einfuehrung-kassel\\\/#breadcrumb\",\"itemListElement\":[{\"@type\":\"ListItem\",\"position\":1,\"name\":\"Startseite\",\"item\":\"https:\\\/\\\/katja-bahini.de\\\/\"},{\"@type\":\"ListItem\",\"position\":2,\"name\":\"Contact Impro Einf\u00fchrung\"}]},{\"@type\":\"WebSite\",\"@id\":\"https:\\\/\\\/katja-bahini.de\\\/#website\",\"url\":\"https:\\\/\\\/katja-bahini.de\\\/\",\"name\":\"Katja-Bahini\",\"description\":\"Dance into Being | Embodiment \u2022 Dance \u2022 Ecosomatics\",\"publisher\":{\"@id\":\"https:\\\/\\\/katja-bahini.de\\\/#\\\/schema\\\/person\\\/6f44f1174f4e6d5840d23438ec10e170\"},\"potentialAction\":[{\"@type\":\"SearchAction\",\"target\":{\"@type\":\"EntryPoint\",\"urlTemplate\":\"https:\\\/\\\/katja-bahini.de\\\/?s={search_term_string}\"},\"query-input\":{\"@type\":\"PropertyValueSpecification\",\"valueRequired\":true,\"valueName\":\"search_term_string\"}}],\"inLanguage\":\"en-US\"},{\"@type\":[\"Person\",\"Organization\"],\"@id\":\"https:\\\/\\\/katja-bahini.de\\\/#\\\/schema\\\/person\\\/6f44f1174f4e6d5840d23438ec10e170\",\"name\":\"Katja-Bahini Mangold\",\"image\":{\"@type\":\"ImageObject\",\"inLanguage\":\"en-US\",\"@id\":\"https:\\/\\/katja-bahini.de\\/wp-content\\/uploads\\/2019\\/Kreta_18\\/DSC06760.jpg\",\"url\":\"https:\\/\\/katja-bahini.de\\/wp-content\\/uploads\\/2019\\/Kreta_18\\/DSC06760.jpg\",\"contentUrl\":\"https:\\/\\/katja-bahini.de\\/wp-content\\/uploads\\/2019\\/Kreta_18\\/DSC06760.jpg\",\"width\":2000,\"height\":2000,\"caption\":\"Katja-Bahini Mangold\"},\"logo\":{\"@id\":\"https:\\/\\/katja-bahini.de\\/wp-content\\/uploads\\/2019\\/Kreta_18\\/DSC06760.jpg\"},\"description\":\"T\u00e4nzerin, Tanzp\u00e4dagogin, Agrarwissenschaftlerin\",\"sameAs\":[\"http:\\\/\\\/katja-bahini.de\",\"https:\\\/\\\/www.facebook.com\\\/KatjaBahini\",\"https:\\\/\\\/www.instagram.com\\\/KatjaBahini\\\/\"]}]}<\/script>\n<!-- \/ Yoast SEO plugin. -->","yoast_head_json":{"title":"Contact Impro basic Introduction - Katja-Bahini","robots":{"index":"index","follow":"follow","max-snippet":"max-snippet:-1","max-image-preview":"max-image-preview:large","max-video-preview":"max-video-preview:-1"},"canonical":"https:\/\/katja-bahini.de\/contact-impro-einfuehrung-kassel\/","og_locale":"en_US","og_type":"article","og_title":"Contact Impro basic Introduction - Katja-Bahini","og_url":"https:\/\/katja-bahini.de\/contact-impro-einfuehrung-kassel\/","og_site_name":"Katja-Bahini","article_publisher":"https:\/\/www.facebook.com\/KatjaBahini","article_modified_time":"2025-12-17T22:12:04+00:00","og_image":[{"width":2560,"height":1707,"url":"https:\/\/ml5fn3turf4g.i.optimole.com\/w:auto\/h:auto\/q:mauto\/f:best\/ig:avif\/https:\/\/katja-bahini.de\/wp-content\/uploads\/2023\/09\/16-jpeg-20x30-cm-print-300-dpi-scaled.jpg","type":"image\/jpeg"}],"twitter_card":"summary_large_image","twitter_misc":{"Est. reading time":"5 minutes"},"schema":{"@context":"https:\/\/schema.org","@graph":[{"@type":"WebPage","@id":"https:\/\/katja-bahini.de\/contact-impro-einfuehrung-kassel\/","url":"https:\/\/katja-bahini.de\/contact-impro-einfuehrung-kassel\/","name":"Contact Impro basic Introduction - Katja-Bahini","isPartOf":{"@id":"https:\/\/katja-bahini.de\/#website"},"primaryImageOfPage":{"@id":"https:\/\/katja-bahini.de\/contact-impro-einfuehrung-kassel\/#primaryimage"},"image":{"@id":"https:\/\/katja-bahini.de\/contact-impro-einfuehrung-kassel\/#primaryimage"},"thumbnailUrl":"https:\/\/ml5fn3turf4g.i.optimole.com\/w:auto\/h:auto\/q:mauto\/f:best\/ig:avif\/https:\/\/katja-bahini.de\/wp-content\/uploads\/2023\/09\/16-jpeg-20x30-cm-print-300-dpi-scaled.jpg","datePublished":"2023-04-06T19:23:00+00:00","dateModified":"2025-12-17T22:12:04+00:00","breadcrumb":{"@id":"https:\/\/katja-bahini.de\/contact-impro-einfuehrung-kassel\/#breadcrumb"},"inLanguage":"en-US","potentialAction":[{"@type":"ReadAction","target":["https:\/\/katja-bahini.de\/contact-impro-einfuehrung-kassel\/"]}]},{"@type":"ImageObject","inLanguage":"en-US","@id":"https:\/\/katja-bahini.de\/contact-impro-einfuehrung-kassel\/#primaryimage","url":"https:\/\/ml5fn3turf4g.i.optimole.com\/w:auto\/h:auto\/q:mauto\/f:best\/ig:avif\/https:\/\/katja-bahini.de\/wp-content\/uploads\/2023\/09\/16-jpeg-20x30-cm-print-300-dpi-scaled.jpg","contentUrl":"https:\/\/ml5fn3turf4g.i.optimole.com\/w:auto\/h:auto\/q:mauto\/f:best\/ig:avif\/https:\/\/katja-bahini.de\/wp-content\/uploads\/2023\/09\/16-jpeg-20x30-cm-print-300-dpi-scaled.jpg","width":2560,"height":1707,"caption":"CI Kassel Ein"},{"@type":"BreadcrumbList","@id":"https:\/\/katja-bahini.de\/contact-impro-einfuehrung-kassel\/#breadcrumb","itemListElement":[{"@type":"ListItem","position":1,"name":"Startseite","item":"https:\/\/katja-bahini.de\/"},{"@type":"ListItem","position":2,"name":"Contact Impro Einf\u00fchrung"}]},{"@type":"WebSite","@id":"https:\/\/katja-bahini.de\/#website","url":"https:\/\/katja-bahini.de\/","name":"Katja-Bahini","description":"Dance into Being | Embodiment \u2022 Dance \u2022 Ecosomatics","publisher":{"@id":"https:\/\/katja-bahini.de\/#\/schema\/person\/6f44f1174f4e6d5840d23438ec10e170"},"potentialAction":[{"@type":"SearchAction","target":{"@type":"EntryPoint","urlTemplate":"https:\/\/katja-bahini.de\/?s={search_term_string}"},"query-input":{"@type":"PropertyValueSpecification","valueRequired":true,"valueName":"search_term_string"}}],"inLanguage":"en-US"},{"@type":["Person","Organization"],"@id":"https:\/\/katja-bahini.de\/#\/schema\/person\/6f44f1174f4e6d5840d23438ec10e170","name":"Katja-Bahini Mangold","image":{"@type":"ImageObject","inLanguage":"en-US","@id":"https:\/\/ml5fn3turf4g.i.optimole.com\/w:auto\/h:auto\/q:mauto\/f:best\/ig:avif\/https:\/\/katja-bahini.de\/wp-content\/uploads\/2019\/Kreta_18\/DSC06760.jpg","url":"https:\/\/ml5fn3turf4g.i.optimole.com\/w:auto\/h:auto\/q:mauto\/f:best\/ig:avif\/https:\/\/katja-bahini.de\/wp-content\/uploads\/2019\/Kreta_18\/DSC06760.jpg","contentUrl":"https:\/\/ml5fn3turf4g.i.optimole.com\/w:auto\/h:auto\/q:mauto\/f:best\/ig:avif\/https:\/\/katja-bahini.de\/wp-content\/uploads\/2019\/Kreta_18\/DSC06760.jpg","width":2000,"height":2000,"caption":"Katja-Bahini Mangold"},"logo":{"@id":"https:\/\/ml5fn3turf4g.i.optimole.com\/w:auto\/h:auto\/q:mauto\/f:best\/ig:avif\/https:\/\/katja-bahini.de\/wp-content\/uploads\/2019\/Kreta_18\/DSC06760.jpg"},"description":"T\u00e4nzerin, Tanzp\u00e4dagogin, Agrarwissenschaftlerin","sameAs":["http:\/\/katja-bahini.de","https:\/\/www.facebook.com\/KatjaBahini","https:\/\/www.instagram.com\/KatjaBahini\/"]}]}},"_links":{"self":[{"href":"https:\/\/katja-bahini.de\/en\/wp-json\/wp\/v2\/pages\/2603","targetHints":{"allow":["GET"]}}],"collection":[{"href":"https:\/\/katja-bahini.de\/en\/wp-json\/wp\/v2\/pages"}],"about":[{"href":"https:\/\/katja-bahini.de\/en\/wp-json\/wp\/v2\/types\/page"}],"author":[{"embeddable":true,"href":"https:\/\/katja-bahini.de\/en\/wp-json\/wp\/v2\/users\/1"}],"replies":[{"embeddable":true,"href":"https:\/\/katja-bahini.de\/en\/wp-json\/wp\/v2\/comments?post=2603"}],"version-history":[{"count":98,"href":"https:\/\/katja-bahini.de\/en\/wp-json\/wp\/v2\/pages\/2603\/revisions"}],"predecessor-version":[{"id":4893,"href":"https:\/\/katja-bahini.de\/en\/wp-json\/wp\/v2\/pages\/2603\/revisions\/4893"}],"wp:featuredmedia":[{"embeddable":true,"href":"https:\/\/katja-bahini.de\/en\/wp-json\/wp\/v2\/media\/3458"}],"wp:attachment":[{"href":"https:\/\/katja-bahini.de\/en\/wp-json\/wp\/v2\/media?parent=2603"}],"curies":[{"name":"wp","href":"https:\/\/api.w.org\/{rel}","templated":true}]}}