{"id":2265,"date":"2023-02-15T12:56:53","date_gmt":"2023-02-15T11:56:53","guid":{"rendered":"https:\/\/katja-bahini.de\/?page_id=2265"},"modified":"2023-02-15T12:57:05","modified_gmt":"2023-02-15T11:57:05","slug":"ann-kristin-reimchen","status":"publish","type":"page","link":"https:\/\/katja-bahini.de\/en\/ann-kristin-reimchen\/","title":{"rendered":"Ann-Kristin Reimchen"},"content":{"rendered":"<p><img data-opt-id=1389887294  fetchpriority=\"high\" decoding=\"async\" class=\"alignnone wp-image-2266\" src=\"https:\/\/ml5fn3turf4g.i.optimole.com\/w:733\/h:1024\/q:mauto\/f:best\/ig:avif\/https:\/\/katja-bahini.de\/wp-content\/uploads\/2023\/02\/D3X_0129.jpg\" alt=\"\" width=\"429\" height=\"599\" srcset=\"https:\/\/ml5fn3turf4g.i.optimole.com\/w:733\/h:1024\/q:mauto\/f:best\/ig:avif\/https:\/\/katja-bahini.de\/wp-content\/uploads\/2023\/02\/D3X_0129-scaled.jpg 733w, https:\/\/ml5fn3turf4g.i.optimole.com\/w:215\/h:300\/q:mauto\/f:best\/ig:avif\/https:\/\/katja-bahini.de\/wp-content\/uploads\/2023\/02\/D3X_0129-scaled.jpg 215w, https:\/\/ml5fn3turf4g.i.optimole.com\/w:768\/h:1074\/q:mauto\/f:best\/ig:avif\/https:\/\/katja-bahini.de\/wp-content\/uploads\/2023\/02\/D3X_0129-scaled.jpg 768w, https:\/\/ml5fn3turf4g.i.optimole.com\/w:772\/h:1080\/q:mauto\/f:best\/ig:avif\/https:\/\/katja-bahini.de\/wp-content\/uploads\/2023\/02\/D3X_0129-scaled.jpg 1099w, https:\/\/ml5fn3turf4g.i.optimole.com\/w:772\/h:1080\/q:mauto\/f:best\/ig:avif\/https:\/\/katja-bahini.de\/wp-content\/uploads\/2023\/02\/D3X_0129-scaled.jpg 1465w, https:\/\/ml5fn3turf4g.i.optimole.com\/w:772\/h:1080\/q:mauto\/f:best\/ig:avif\/https:\/\/katja-bahini.de\/wp-content\/uploads\/2023\/02\/D3X_0129-scaled.jpg 1831w\" sizes=\"(max-width: 429px) 100vw, 429px\" \/><\/p>\n<p>Die Faszination f\u00fcr Stimme und ihre magische Ausdruckskraft entfachte in mir den Ruf mich ausgiebig mit der zwischenmenschlichen Kommunikation zu besch\u00e4ftigen. Vorerst in Form einer Ausbildung als Sprecherzieherin, im Studium (Speech Science) und sp\u00e4ter als Dozentin an Universit\u00e4ten und Bildungseinrichtungen. Die Faszination f\u00fcr die Stimme f\u00fchrte mich immer tiefer zu mir selbst. Durch und mit Stimme \u00f6ffnen sich innere R\u00e4ume in mir. So wird Platz geschaffen f\u00fcr die Begegnung, f\u00fcr mein Gegen\u00fcber. Raum im Innen scheint mir eine grundlegende Voraussetzung f\u00fcr liebevolle zwischenmenschliche Kommunikation. In der CI wird das Erschlie\u00dfen von Raum ganz konkret erfahr- und anwendbar, um dann mit dieser Erweiterung des eigenen selbst nach au\u00dfen zu schauen, entdecken wer da noch so ist, die andere ber\u00fchren und sich ber\u00fchren lassen. Ich lasse gern die Stimme dazu flie\u00dfen und freue mich auf liebevolle Dialoge.<\/p>\n<p>ht<a href=\"https:\/\/truecommunication.de\/\" target=\"_blank\" rel=\"noopener\">tps:\/\/truecommunication.de\/<\/a><\/p>\n","protected":false},"excerpt":{"rendered":"<p>Die Faszination f\u00fcr Stimme und ihre magische Ausdruckskraft entfachte in mir den Ruf mich ausgiebig mit der zwischenmenschlichen Kommunikation zu besch\u00e4ftigen. Vorerst in Form einer Ausbildung als Sprecherzieherin, im Studium &hellip; <\/p>\n<p class=\"link-more\"><a href=\"https:\/\/katja-bahini.de\/en\/ann-kristin-reimchen\/\" class=\"more-link\">Continue reading<span class=\"screen-reader-text\"> &#8220;Ann-Kristin Reimchen&#8221;<\/span><\/a><\/p>\n","protected":false},"author":1,"featured_media":0,"parent":0,"menu_order":29,"comment_status":"closed","ping_status":"closed","template":"","meta":{"footnotes":""},"class_list":["post-2265","page","type-page","status-publish","hentry"],"translation":{"provider":"WPGlobus","version":"3.0.2","language":"en","enabled_languages":["de","en"],"languages":{"de":{"title":true,"content":true,"excerpt":false},"en":{"title":false,"content":false,"excerpt":false}}},"yoast_head":"<!-- This site is optimized with the Yoast SEO plugin v27.6 - https:\/\/yoast.com\/product\/yoast-seo-wordpress\/ -->\n<title>Ann-Kristin Reimchen - Katja-Bahini<\/title>\n<meta name=\"robots\" content=\"index, follow, max-snippet:-1, max-image-preview:large, max-video-preview:-1\" \/>\n<link rel=\"canonical\" href=\"https:\/\/katja-bahini.de\/ann-kristin-reimchen\/\" \/>\n<meta property=\"og:locale\" content=\"en_US\" \/>\n<meta property=\"og:type\" content=\"article\" \/>\n<meta property=\"og:title\" content=\"Ann-Kristin Reimchen - Katja-Bahini\" \/>\n<meta property=\"og:url\" content=\"https:\/\/katja-bahini.de\/ann-kristin-reimchen\/\" \/>\n<meta property=\"og:site_name\" content=\"Katja-Bahini\" \/>\n<meta property=\"article:publisher\" content=\"https:\/\/www.facebook.com\/KatjaBahini\" \/>\n<meta property=\"article:modified_time\" content=\"2023-02-15T11:57:05+00:00\" \/>\n<meta property=\"og:image\" content=\"https:\/\/ml5fn3turf4g.i.optimole.com\/w:733\/h:1024\/q:mauto\/f:best\/ig:avif\/https:\/\/katja-bahini.de\/wp-content\/uploads\/2023\/02\/D3X_0129.jpg\" \/>\n<meta name=\"twitter:card\" content=\"summary_large_image\" \/>\n<meta name=\"twitter:label1\" content=\"Est. reading time\" \/>\n\t<meta name=\"twitter:data1\" content=\"1 minute\" \/>\n<script type=\"application\/ld+json\" class=\"yoast-schema-graph\">{\"@context\":\"https:\\\/\\\/schema.org\",\"@graph\":[{\"@type\":\"WebPage\",\"@id\":\"https:\\\/\\\/katja-bahini.de\\\/ann-kristin-reimchen\\\/\",\"url\":\"https:\\\/\\\/katja-bahini.de\\\/ann-kristin-reimchen\\\/\",\"name\":\"Ann-Kristin Reimchen - Katja-Bahini\",\"isPartOf\":{\"@id\":\"https:\\\/\\\/katja-bahini.de\\\/#website\"},\"primaryImageOfPage\":{\"@id\":\"https:\\\/\\\/katja-bahini.de\\\/ann-kristin-reimchen\\\/#primaryimage\"},\"image\":{\"@id\":\"https:\\\/\\\/katja-bahini.de\\\/ann-kristin-reimchen\\\/#primaryimage\"},\"thumbnailUrl\":\"https:\\/\\/katja-bahini.de\\/wp-content\\/uploads\\/2023\\/02\\/D3X_0129-733x1024.jpg\",\"datePublished\":\"2023-02-15T11:56:53+00:00\",\"dateModified\":\"2023-02-15T11:57:05+00:00\",\"breadcrumb\":{\"@id\":\"https:\\\/\\\/katja-bahini.de\\\/ann-kristin-reimchen\\\/#breadcrumb\"},\"inLanguage\":\"en-US\",\"potentialAction\":[{\"@type\":\"ReadAction\",\"target\":[\"https:\\\/\\\/katja-bahini.de\\\/ann-kristin-reimchen\\\/\"]}]},{\"@type\":\"ImageObject\",\"inLanguage\":\"en-US\",\"@id\":\"https:\\\/\\\/katja-bahini.de\\\/ann-kristin-reimchen\\\/#primaryimage\",\"url\":\"https:\\/\\/katja-bahini.de\\/wp-content\\/uploads\\/2023\\/02\\/D3X_0129-733x1024.jpg\",\"contentUrl\":\"https:\\/\\/katja-bahini.de\\/wp-content\\/uploads\\/2023\\/02\\/D3X_0129-733x1024.jpg\"},{\"@type\":\"BreadcrumbList\",\"@id\":\"https:\\\/\\\/katja-bahini.de\\\/ann-kristin-reimchen\\\/#breadcrumb\",\"itemListElement\":[{\"@type\":\"ListItem\",\"position\":1,\"name\":\"Startseite\",\"item\":\"https:\\\/\\\/katja-bahini.de\\\/\"},{\"@type\":\"ListItem\",\"position\":2,\"name\":\"Ann-Kristin Reimchen\"}]},{\"@type\":\"WebSite\",\"@id\":\"https:\\\/\\\/katja-bahini.de\\\/#website\",\"url\":\"https:\\\/\\\/katja-bahini.de\\\/\",\"name\":\"Katja-Bahini\",\"description\":\"Dance into Being | Embodiment \u2022 Dance \u2022 Ecosomatics\",\"publisher\":{\"@id\":\"https:\\\/\\\/katja-bahini.de\\\/#\\\/schema\\\/person\\\/6f44f1174f4e6d5840d23438ec10e170\"},\"potentialAction\":[{\"@type\":\"SearchAction\",\"target\":{\"@type\":\"EntryPoint\",\"urlTemplate\":\"https:\\\/\\\/katja-bahini.de\\\/?s={search_term_string}\"},\"query-input\":{\"@type\":\"PropertyValueSpecification\",\"valueRequired\":true,\"valueName\":\"search_term_string\"}}],\"inLanguage\":\"en-US\"},{\"@type\":[\"Person\",\"Organization\"],\"@id\":\"https:\\\/\\\/katja-bahini.de\\\/#\\\/schema\\\/person\\\/6f44f1174f4e6d5840d23438ec10e170\",\"name\":\"Katja-Bahini Mangold\",\"image\":{\"@type\":\"ImageObject\",\"inLanguage\":\"en-US\",\"@id\":\"https:\\/\\/katja-bahini.de\\/wp-content\\/uploads\\/2019\\/Kreta_18\\/DSC06760.jpg\",\"url\":\"https:\\/\\/katja-bahini.de\\/wp-content\\/uploads\\/2019\\/Kreta_18\\/DSC06760.jpg\",\"contentUrl\":\"https:\\/\\/katja-bahini.de\\/wp-content\\/uploads\\/2019\\/Kreta_18\\/DSC06760.jpg\",\"width\":2000,\"height\":2000,\"caption\":\"Katja-Bahini Mangold\"},\"logo\":{\"@id\":\"https:\\/\\/katja-bahini.de\\/wp-content\\/uploads\\/2019\\/Kreta_18\\/DSC06760.jpg\"},\"description\":\"T\u00e4nzerin, Tanzp\u00e4dagogin, Agrarwissenschaftlerin\",\"sameAs\":[\"http:\\\/\\\/katja-bahini.de\",\"https:\\\/\\\/www.facebook.com\\\/KatjaBahini\",\"https:\\\/\\\/www.instagram.com\\\/KatjaBahini\\\/\"]}]}<\/script>\n<!-- \/ Yoast SEO plugin. -->","yoast_head_json":{"title":"Ann-Kristin Reimchen - Katja-Bahini","robots":{"index":"index","follow":"follow","max-snippet":"max-snippet:-1","max-image-preview":"max-image-preview:large","max-video-preview":"max-video-preview:-1"},"canonical":"https:\/\/katja-bahini.de\/ann-kristin-reimchen\/","og_locale":"en_US","og_type":"article","og_title":"Ann-Kristin Reimchen - Katja-Bahini","og_url":"https:\/\/katja-bahini.de\/ann-kristin-reimchen\/","og_site_name":"Katja-Bahini","article_publisher":"https:\/\/www.facebook.com\/KatjaBahini","article_modified_time":"2023-02-15T11:57:05+00:00","og_image":[{"url":"https:\/\/ml5fn3turf4g.i.optimole.com\/w:733\/h:1024\/q:mauto\/f:best\/ig:avif\/https:\/\/katja-bahini.de\/wp-content\/uploads\/2023\/02\/D3X_0129.jpg","type":"","width":"","height":""}],"twitter_card":"summary_large_image","twitter_misc":{"Est. reading time":"1 minute"},"schema":{"@context":"https:\/\/schema.org","@graph":[{"@type":"WebPage","@id":"https:\/\/katja-bahini.de\/ann-kristin-reimchen\/","url":"https:\/\/katja-bahini.de\/ann-kristin-reimchen\/","name":"Ann-Kristin Reimchen - Katja-Bahini","isPartOf":{"@id":"https:\/\/katja-bahini.de\/#website"},"primaryImageOfPage":{"@id":"https:\/\/katja-bahini.de\/ann-kristin-reimchen\/#primaryimage"},"image":{"@id":"https:\/\/katja-bahini.de\/ann-kristin-reimchen\/#primaryimage"},"thumbnailUrl":"https:\/\/ml5fn3turf4g.i.optimole.com\/w:733\/h:1024\/q:mauto\/f:best\/ig:avif\/https:\/\/katja-bahini.de\/wp-content\/uploads\/2023\/02\/D3X_0129.jpg","datePublished":"2023-02-15T11:56:53+00:00","dateModified":"2023-02-15T11:57:05+00:00","breadcrumb":{"@id":"https:\/\/katja-bahini.de\/ann-kristin-reimchen\/#breadcrumb"},"inLanguage":"en-US","potentialAction":[{"@type":"ReadAction","target":["https:\/\/katja-bahini.de\/ann-kristin-reimchen\/"]}]},{"@type":"ImageObject","inLanguage":"en-US","@id":"https:\/\/katja-bahini.de\/ann-kristin-reimchen\/#primaryimage","url":"https:\/\/ml5fn3turf4g.i.optimole.com\/w:733\/h:1024\/q:mauto\/f:best\/ig:avif\/https:\/\/katja-bahini.de\/wp-content\/uploads\/2023\/02\/D3X_0129.jpg","contentUrl":"https:\/\/ml5fn3turf4g.i.optimole.com\/w:733\/h:1024\/q:mauto\/f:best\/ig:avif\/https:\/\/katja-bahini.de\/wp-content\/uploads\/2023\/02\/D3X_0129.jpg"},{"@type":"BreadcrumbList","@id":"https:\/\/katja-bahini.de\/ann-kristin-reimchen\/#breadcrumb","itemListElement":[{"@type":"ListItem","position":1,"name":"Startseite","item":"https:\/\/katja-bahini.de\/"},{"@type":"ListItem","position":2,"name":"Ann-Kristin Reimchen"}]},{"@type":"WebSite","@id":"https:\/\/katja-bahini.de\/#website","url":"https:\/\/katja-bahini.de\/","name":"Katja-Bahini","description":"Dance into Being | Embodiment \u2022 Dance \u2022 Ecosomatics","publisher":{"@id":"https:\/\/katja-bahini.de\/#\/schema\/person\/6f44f1174f4e6d5840d23438ec10e170"},"potentialAction":[{"@type":"SearchAction","target":{"@type":"EntryPoint","urlTemplate":"https:\/\/katja-bahini.de\/?s={search_term_string}"},"query-input":{"@type":"PropertyValueSpecification","valueRequired":true,"valueName":"search_term_string"}}],"inLanguage":"en-US"},{"@type":["Person","Organization"],"@id":"https:\/\/katja-bahini.de\/#\/schema\/person\/6f44f1174f4e6d5840d23438ec10e170","name":"Katja-Bahini Mangold","image":{"@type":"ImageObject","inLanguage":"en-US","@id":"https:\/\/ml5fn3turf4g.i.optimole.com\/w:auto\/h:auto\/q:mauto\/f:best\/ig:avif\/https:\/\/katja-bahini.de\/wp-content\/uploads\/2019\/Kreta_18\/DSC06760.jpg","url":"https:\/\/ml5fn3turf4g.i.optimole.com\/w:auto\/h:auto\/q:mauto\/f:best\/ig:avif\/https:\/\/katja-bahini.de\/wp-content\/uploads\/2019\/Kreta_18\/DSC06760.jpg","contentUrl":"https:\/\/ml5fn3turf4g.i.optimole.com\/w:auto\/h:auto\/q:mauto\/f:best\/ig:avif\/https:\/\/katja-bahini.de\/wp-content\/uploads\/2019\/Kreta_18\/DSC06760.jpg","width":2000,"height":2000,"caption":"Katja-Bahini Mangold"},"logo":{"@id":"https:\/\/ml5fn3turf4g.i.optimole.com\/w:auto\/h:auto\/q:mauto\/f:best\/ig:avif\/https:\/\/katja-bahini.de\/wp-content\/uploads\/2019\/Kreta_18\/DSC06760.jpg"},"description":"T\u00e4nzerin, Tanzp\u00e4dagogin, Agrarwissenschaftlerin","sameAs":["http:\/\/katja-bahini.de","https:\/\/www.facebook.com\/KatjaBahini","https:\/\/www.instagram.com\/KatjaBahini\/"]}]}},"_links":{"self":[{"href":"https:\/\/katja-bahini.de\/en\/wp-json\/wp\/v2\/pages\/2265","targetHints":{"allow":["GET"]}}],"collection":[{"href":"https:\/\/katja-bahini.de\/en\/wp-json\/wp\/v2\/pages"}],"about":[{"href":"https:\/\/katja-bahini.de\/en\/wp-json\/wp\/v2\/types\/page"}],"author":[{"embeddable":true,"href":"https:\/\/katja-bahini.de\/en\/wp-json\/wp\/v2\/users\/1"}],"replies":[{"embeddable":true,"href":"https:\/\/katja-bahini.de\/en\/wp-json\/wp\/v2\/comments?post=2265"}],"version-history":[{"count":2,"href":"https:\/\/katja-bahini.de\/en\/wp-json\/wp\/v2\/pages\/2265\/revisions"}],"predecessor-version":[{"id":2268,"href":"https:\/\/katja-bahini.de\/en\/wp-json\/wp\/v2\/pages\/2265\/revisions\/2268"}],"wp:attachment":[{"href":"https:\/\/katja-bahini.de\/en\/wp-json\/wp\/v2\/media?parent=2265"}],"curies":[{"name":"wp","href":"https:\/\/api.w.org\/{rel}","templated":true}]}}