{"id":1697,"date":"2022-06-26T16:29:12","date_gmt":"2022-06-26T14:29:12","guid":{"rendered":"http:\/\/katja-bahini.de\/?page_id=1697"},"modified":"2024-06-10T23:13:47","modified_gmt":"2024-06-10T21:13:47","slug":"shaking-events","status":"publish","type":"page","link":"https:\/\/katja-bahini.de\/en\/woechentliche-veranstaltungen\/shaking-events\/","title":{"rendered":"Shaking Witzenhausen \ud83c\udf08\u2728GO TO GLOW!\u2728\ud83c\udf08\u2728"},"content":{"rendered":"<p><em><span style=\"font-size: 10pt;\">Sch\u00fcttel Praxis * Wege aus dem kollektiven Kollaps * Regulation des Nervensystems * Taubheit, Starre und Vermeidung in Lebendigkeit wandeln * Selbstkontakt\u00a0 * Kultivierung von Pr\u00e4senz und Bezogenheit\u00a0 *\u00a0 tiefsitzende Gef\u00fchle zulassen und ihnen k\u00f6rperlichen Ausdruck verleihen * K\u00f6rperwahrnehmung verfeinern *\u00a0 Extase und Vitalit\u00e4t *\u00a0 Werden und Vergehen *<\/span><\/em><\/p>\n<p>f\u00fcr ein Leben mit mehr Lebendigkeit und Kraft sowie weniger Vermeidung &#8211; St\u00fcrze dich rein ins Chaos und sp\u00fcre das Vibrieren deiner Zellen im Hier und Jetzt.<br \/>\n\u2728\ud83c\udf08\u2728GO TO GLOW!\u2728\ud83c\udf08\u2728<\/p>\n<p>mit Katja Bahini Mangold und Kathrin Godehardt<\/p>\n<p><strong>aktuelle Termine Witzenhausen\u00a0 <\/strong><span style=\"color: #ff0000; font-size: 10pt;\"><em>\u00a0<a href=\"https:\/\/t.me\/+FKMJT2TpHksyNjJi\" target=\"_blank\" rel=\"noopener\">Telegramgruppe Shaking Witzenhausen<\/a>\u00a0<\/em><\/span><\/p>\n<p><strong> aktuelle Termine\u00a0 Kassel <\/strong>\u00a0<span style=\"font-size: 10pt;\"><a href=\"https:\/\/t.me\/+bTqJiNi3u-IxNWQy\" target=\"_blank\" rel=\"noopener\"><em>Telegramgruppe <\/em><\/a><a href=\"https:\/\/t.me\/+bTqJiNi3u-IxNWQy\" target=\"_blank\" rel=\"noopener\"><em>Outdoor Bewegungsangebote\u00a0in Kassel<\/em><\/a><\/span><\/p>\n<p><span style=\"color: #ffffff;\">leerzeile<\/span><span style=\"color: #ffffff;\">leerzeile<\/span><\/p>\n<p>Teilnehmerinnenstimme einer vergangenen einw\u00f6chigen Sch\u00fcttel- Challenge:<\/p>\n<p><span style=\"font-size: 10pt;\"><em>&#8220;Hey, an alle, die noch \u00fcberlegen, ob sie bei der n\u00e4chsten Challenge mitmachen sollen, hier ein paar ganz pers\u00f6nliche Eindr\u00fccke:<\/em><\/span><br \/>\n<span style=\"font-size: 10pt;\"><em>Mir tat es extrem gut, jeden Tag das Commitment zu haben. Auch wenn ich teilweise wirklich gar keine Lust hatte bei Wind und Wetter eine Stunde herum zu sch\u00fctteln, habe ich schnell gemerkt, dass egal wie es mir geht, egal in welcher Stimmung ich ankomme und egal was meine Themen sind &#8211; es war richtig gut hingegangen zu sein. Der Raum ist so gro\u00df, alles was da ist ist willkommen und es braucht nichts als Anwesenheit. Den Tag mitzubekommen, sich selbst zu sp\u00fcren und alles in Bewegung zu bringen, l\u00e4sst mich noch immer neugierig, forschend und sp\u00fcrend durch den Tag gehen.&#8221;<\/em><\/span><\/p>\n<p><span style=\"color: #ffffff;\">leerzeile<\/span><\/p>\n<p><strong>Orte Witzenhausen \/ Kassel<\/strong><br \/>\nin Witzenhausen an wechselnden Orten, z.B.\u00a0 Unipark, Steinstra\u00dfe 19a\u00a0 oder auf der Werrawiese. In Kassel in der Aue<\/p>\n<p><span style=\"color: #ffffff;\">leerzeile<\/span><\/p>\n<p><strong>Beschreibung<\/strong><\/p>\n<p>Wir sch\u00fctteln uns,\u00a0 weil das Leben zu kostbar ist um in Vermeidung zu verharren. Wir sch\u00fctteln uns, weil wir hungrig sind auf mehr Lebendigkeit und bereit sind zu f\u00fchlen, was uns davon abh\u00e4lt. Wir tun es gemeinsam weil es so viel leichter ist.\u00a0 Wir tun es immer wieder.<\/p>\n<p>Die Praxis kann dich in Kontakt bringen mit unterdr\u00fcckten Gef\u00fchlen wie Schmerz und Scham, aber auch tiefer Freude und Lebendigkeit und allem dazwischen&#8230;. Das Sch\u00fctteln im gehaltenen Rahmen kann dich unterst\u00fctzen, die Dinge so zu f\u00fchlen, wie sie sich zeigen und gebundener Lebensenergie wieder ins Flie\u00dfen zu bringen und zu transformieren. Du entscheidest, wie tief du einsteigst. Die Praxis ersetzt keine therapeutische Behandlung. Probier es aus wenn es dich ruft. Die Erde tr\u00e4gt uns.<\/p>\n<p>Die Shaking events sind inspiriert aus der Jahresfortbildung MOSH\u00a0 GOLD mit <a href=\"https:\/\/ilanstephani.com\/de\/willkommen\/\" target=\"_blank\" rel=\"noopener\">\u00a0Ilan Stefani\u00a0<\/a>, an welcher sowohl Kathrin als auch ich teilgenommen haben. Innerhalb der Fortbildung forschten wir vertiefend\u00a0 und ganzk\u00f6rperlich zu\u00a0 kollektivem Kollaps, Trauma, der Regulation des Nervensystems, Extase und Lebendigkeit. Die Sch\u00fcttel Praxis ist ein zentraler Bestandteil dieser Arbeit, den wir hier in den Shaking Events vor Ort weitergeben m\u00f6chte und welchen wir erg\u00e4nzen um unseren vielf\u00e4ltigen Hintergrund in somatischer Arbeit.<\/p>\n<p><strong>Konditionen<\/strong><\/p>\n<p>Die Praxis findet auf Spendenbasis statt mit einer konkreten Empfehlung von 8-15\u20ac\/ Person oder wenn vorab bekannt gegeben mit einer solidarischen Vorfinanzierung inspiriert aus der solidarischen Landwirtschaft. Solltest du finanziell gerade nicht gut aufgestellt sein, sprich uns bitte an und wir finden eine L\u00f6sung!<br \/>\n<span style=\"color: #ffffff;\">leerzeile<\/span><\/p>\n<p><em><span style=\"font-size: 10pt;\">* Sch\u00fcttel Praxis * Wege aus dem kollektiven Kollaps * Regulation des Nervensystems * Taubheit, Starre und Vermeidung in Lebendigkeit wandeln * Selbstkontakt *\u00a0 tiefsitzende Gef\u00fchle zulassen und ihnen k\u00f6rperlichen Ausdruck verleihen * K\u00f6rperwahrnehmung verfeinern *\u00a0 Extase und Vitalit\u00e4t *\u00a0 Shaking Event *<\/span><\/em><\/p>\n","protected":false},"excerpt":{"rendered":"<p>Sch\u00fcttel Praxis * Wege aus dem kollektiven Kollaps * Regulation des Nervensystems * Taubheit, Starre und Vermeidung in Lebendigkeit wandeln * Selbstkontakt\u00a0 * Kultivierung von Pr\u00e4senz und Bezogenheit\u00a0 *\u00a0 tiefsitzende &hellip; <\/p>\n<p class=\"link-more\"><a href=\"https:\/\/katja-bahini.de\/en\/woechentliche-veranstaltungen\/shaking-events\/\" class=\"more-link\">Continue reading<span class=\"screen-reader-text\"> &#8220;Shaking Witzenhausen \ud83c\udf08\u2728GO TO GLOW!\u2728\ud83c\udf08\u2728&#8221;<\/span><\/a><\/p>\n","protected":false},"author":1,"featured_media":4136,"parent":130,"menu_order":35,"comment_status":"closed","ping_status":"closed","template":"","meta":{"footnotes":""},"class_list":["post-1697","page","type-page","status-publish","has-post-thumbnail","hentry"],"translation":{"provider":"WPGlobus","version":"3.0.2","language":"en","enabled_languages":["de","en"],"languages":{"de":{"title":true,"content":true,"excerpt":false},"en":{"title":false,"content":false,"excerpt":false}}},"yoast_head":"<!-- This site is optimized with the Yoast SEO plugin v27.6 - https:\/\/yoast.com\/product\/yoast-seo-wordpress\/ -->\n<title>Shaking Witzenhausen \ud83c\udf08\u2728GO TO GLOW!\u2728\ud83c\udf08\u2728 - Katja-Bahini<\/title>\n<meta name=\"robots\" content=\"index, follow, max-snippet:-1, max-image-preview:large, max-video-preview:-1\" \/>\n<link rel=\"canonical\" href=\"https:\/\/katja-bahini.de\/woechentliche-veranstaltungen\/shaking-events\/\" \/>\n<meta property=\"og:locale\" content=\"en_US\" \/>\n<meta property=\"og:type\" content=\"article\" \/>\n<meta property=\"og:title\" content=\"Shaking Witzenhausen \ud83c\udf08\u2728GO TO GLOW!\u2728\ud83c\udf08\u2728 - Katja-Bahini\" \/>\n<meta property=\"og:url\" content=\"https:\/\/katja-bahini.de\/woechentliche-veranstaltungen\/shaking-events\/\" \/>\n<meta property=\"og:site_name\" content=\"Katja-Bahini\" \/>\n<meta property=\"article:publisher\" content=\"https:\/\/www.facebook.com\/KatjaBahini\" \/>\n<meta property=\"article:modified_time\" content=\"2024-06-10T21:13:47+00:00\" \/>\n<meta property=\"og:image\" content=\"https:\/\/ml5fn3turf4g.i.optimole.com\/w:auto\/h:auto\/q:mauto\/f:best\/ig:avif\/https:\/\/katja-bahini.de\/wp-content\/uploads\/2024\/05\/Shaking_Witzenhausen.jpg\" \/>\n\t<meta property=\"og:image:width\" content=\"640\" \/>\n\t<meta property=\"og:image:height\" content=\"640\" \/>\n\t<meta property=\"og:image:type\" content=\"image\/jpeg\" \/>\n<meta name=\"twitter:card\" content=\"summary_large_image\" \/>\n<meta name=\"twitter:label1\" content=\"Est. reading time\" \/>\n\t<meta name=\"twitter:data1\" content=\"4 minutes\" \/>\n<script type=\"application\/ld+json\" class=\"yoast-schema-graph\">{\"@context\":\"https:\\\/\\\/schema.org\",\"@graph\":[{\"@type\":\"WebPage\",\"@id\":\"https:\\\/\\\/katja-bahini.de\\\/woechentliche-veranstaltungen\\\/shaking-events\\\/\",\"url\":\"https:\\\/\\\/katja-bahini.de\\\/woechentliche-veranstaltungen\\\/shaking-events\\\/\",\"name\":\"Shaking Witzenhausen \ud83c\udf08\u2728GO TO GLOW!\u2728\ud83c\udf08\u2728 - Katja-Bahini\",\"isPartOf\":{\"@id\":\"https:\\\/\\\/katja-bahini.de\\\/#website\"},\"primaryImageOfPage\":{\"@id\":\"https:\\\/\\\/katja-bahini.de\\\/woechentliche-veranstaltungen\\\/shaking-events\\\/#primaryimage\"},\"image\":{\"@id\":\"https:\\\/\\\/katja-bahini.de\\\/woechentliche-veranstaltungen\\\/shaking-events\\\/#primaryimage\"},\"thumbnailUrl\":\"https:\\/\\/katja-bahini.de\\/wp-content\\/uploads\\/2024\\/05\\/Shaking_Witzenhausen.jpg\",\"datePublished\":\"2022-06-26T14:29:12+00:00\",\"dateModified\":\"2024-06-10T21:13:47+00:00\",\"breadcrumb\":{\"@id\":\"https:\\\/\\\/katja-bahini.de\\\/woechentliche-veranstaltungen\\\/shaking-events\\\/#breadcrumb\"},\"inLanguage\":\"en-US\",\"potentialAction\":[{\"@type\":\"ReadAction\",\"target\":[\"https:\\\/\\\/katja-bahini.de\\\/woechentliche-veranstaltungen\\\/shaking-events\\\/\"]}]},{\"@type\":\"ImageObject\",\"inLanguage\":\"en-US\",\"@id\":\"https:\\\/\\\/katja-bahini.de\\\/woechentliche-veranstaltungen\\\/shaking-events\\\/#primaryimage\",\"url\":\"https:\\/\\/katja-bahini.de\\/wp-content\\/uploads\\/2024\\/05\\/Shaking_Witzenhausen.jpg\",\"contentUrl\":\"https:\\/\\/katja-bahini.de\\/wp-content\\/uploads\\/2024\\/05\\/Shaking_Witzenhausen.jpg\",\"width\":640,\"height\":640,\"caption\":\"Netzfund....\"},{\"@type\":\"BreadcrumbList\",\"@id\":\"https:\\\/\\\/katja-bahini.de\\\/woechentliche-veranstaltungen\\\/shaking-events\\\/#breadcrumb\",\"itemListElement\":[{\"@type\":\"ListItem\",\"position\":1,\"name\":\"Startseite\",\"item\":\"https:\\\/\\\/katja-bahini.de\\\/\"},{\"@type\":\"ListItem\",\"position\":2,\"name\":\"w\u00f6chentliche Veranstaltungen\",\"item\":\"https:\\\/\\\/katja-bahini.de\\\/woechentliche-veranstaltungen\\\/\"},{\"@type\":\"ListItem\",\"position\":3,\"name\":\"Shaking Witzenhausen \ud83c\udf08\u2728GO TO GLOW!\u2728\ud83c\udf08\u2728\"}]},{\"@type\":\"WebSite\",\"@id\":\"https:\\\/\\\/katja-bahini.de\\\/#website\",\"url\":\"https:\\\/\\\/katja-bahini.de\\\/\",\"name\":\"Katja-Bahini\",\"description\":\"Dance into Being | Embodiment \u2022 Dance \u2022 Ecosomatics\",\"publisher\":{\"@id\":\"https:\\\/\\\/katja-bahini.de\\\/#\\\/schema\\\/person\\\/6f44f1174f4e6d5840d23438ec10e170\"},\"potentialAction\":[{\"@type\":\"SearchAction\",\"target\":{\"@type\":\"EntryPoint\",\"urlTemplate\":\"https:\\\/\\\/katja-bahini.de\\\/?s={search_term_string}\"},\"query-input\":{\"@type\":\"PropertyValueSpecification\",\"valueRequired\":true,\"valueName\":\"search_term_string\"}}],\"inLanguage\":\"en-US\"},{\"@type\":[\"Person\",\"Organization\"],\"@id\":\"https:\\\/\\\/katja-bahini.de\\\/#\\\/schema\\\/person\\\/6f44f1174f4e6d5840d23438ec10e170\",\"name\":\"Katja-Bahini Mangold\",\"image\":{\"@type\":\"ImageObject\",\"inLanguage\":\"en-US\",\"@id\":\"https:\\/\\/katja-bahini.de\\/wp-content\\/uploads\\/2019\\/Kreta_18\\/DSC06760.jpg\",\"url\":\"https:\\/\\/katja-bahini.de\\/wp-content\\/uploads\\/2019\\/Kreta_18\\/DSC06760.jpg\",\"contentUrl\":\"https:\\/\\/katja-bahini.de\\/wp-content\\/uploads\\/2019\\/Kreta_18\\/DSC06760.jpg\",\"width\":2000,\"height\":2000,\"caption\":\"Katja-Bahini Mangold\"},\"logo\":{\"@id\":\"https:\\/\\/katja-bahini.de\\/wp-content\\/uploads\\/2019\\/Kreta_18\\/DSC06760.jpg\"},\"description\":\"T\u00e4nzerin, Tanzp\u00e4dagogin, Agrarwissenschaftlerin\",\"sameAs\":[\"http:\\\/\\\/katja-bahini.de\",\"https:\\\/\\\/www.facebook.com\\\/KatjaBahini\",\"https:\\\/\\\/www.instagram.com\\\/KatjaBahini\\\/\"]}]}<\/script>\n<!-- \/ Yoast SEO plugin. -->","yoast_head_json":{"title":"Shaking Witzenhausen \ud83c\udf08\u2728GO TO GLOW!\u2728\ud83c\udf08\u2728 - Katja-Bahini","robots":{"index":"index","follow":"follow","max-snippet":"max-snippet:-1","max-image-preview":"max-image-preview:large","max-video-preview":"max-video-preview:-1"},"canonical":"https:\/\/katja-bahini.de\/woechentliche-veranstaltungen\/shaking-events\/","og_locale":"en_US","og_type":"article","og_title":"Shaking Witzenhausen \ud83c\udf08\u2728GO TO GLOW!\u2728\ud83c\udf08\u2728 - Katja-Bahini","og_url":"https:\/\/katja-bahini.de\/woechentliche-veranstaltungen\/shaking-events\/","og_site_name":"Katja-Bahini","article_publisher":"https:\/\/www.facebook.com\/KatjaBahini","article_modified_time":"2024-06-10T21:13:47+00:00","og_image":[{"width":640,"height":640,"url":"https:\/\/ml5fn3turf4g.i.optimole.com\/w:auto\/h:auto\/q:mauto\/f:best\/ig:avif\/https:\/\/katja-bahini.de\/wp-content\/uploads\/2024\/05\/Shaking_Witzenhausen.jpg","type":"image\/jpeg"}],"twitter_card":"summary_large_image","twitter_misc":{"Est. reading time":"4 minutes"},"schema":{"@context":"https:\/\/schema.org","@graph":[{"@type":"WebPage","@id":"https:\/\/katja-bahini.de\/woechentliche-veranstaltungen\/shaking-events\/","url":"https:\/\/katja-bahini.de\/woechentliche-veranstaltungen\/shaking-events\/","name":"Shaking Witzenhausen \ud83c\udf08\u2728GO TO GLOW!\u2728\ud83c\udf08\u2728 - Katja-Bahini","isPartOf":{"@id":"https:\/\/katja-bahini.de\/#website"},"primaryImageOfPage":{"@id":"https:\/\/katja-bahini.de\/woechentliche-veranstaltungen\/shaking-events\/#primaryimage"},"image":{"@id":"https:\/\/katja-bahini.de\/woechentliche-veranstaltungen\/shaking-events\/#primaryimage"},"thumbnailUrl":"https:\/\/ml5fn3turf4g.i.optimole.com\/w:auto\/h:auto\/q:mauto\/f:best\/ig:avif\/https:\/\/katja-bahini.de\/wp-content\/uploads\/2024\/05\/Shaking_Witzenhausen.jpg","datePublished":"2022-06-26T14:29:12+00:00","dateModified":"2024-06-10T21:13:47+00:00","breadcrumb":{"@id":"https:\/\/katja-bahini.de\/woechentliche-veranstaltungen\/shaking-events\/#breadcrumb"},"inLanguage":"en-US","potentialAction":[{"@type":"ReadAction","target":["https:\/\/katja-bahini.de\/woechentliche-veranstaltungen\/shaking-events\/"]}]},{"@type":"ImageObject","inLanguage":"en-US","@id":"https:\/\/katja-bahini.de\/woechentliche-veranstaltungen\/shaking-events\/#primaryimage","url":"https:\/\/ml5fn3turf4g.i.optimole.com\/w:auto\/h:auto\/q:mauto\/f:best\/ig:avif\/https:\/\/katja-bahini.de\/wp-content\/uploads\/2024\/05\/Shaking_Witzenhausen.jpg","contentUrl":"https:\/\/ml5fn3turf4g.i.optimole.com\/w:auto\/h:auto\/q:mauto\/f:best\/ig:avif\/https:\/\/katja-bahini.de\/wp-content\/uploads\/2024\/05\/Shaking_Witzenhausen.jpg","width":640,"height":640,"caption":"Netzfund...."},{"@type":"BreadcrumbList","@id":"https:\/\/katja-bahini.de\/woechentliche-veranstaltungen\/shaking-events\/#breadcrumb","itemListElement":[{"@type":"ListItem","position":1,"name":"Startseite","item":"https:\/\/katja-bahini.de\/"},{"@type":"ListItem","position":2,"name":"w\u00f6chentliche Veranstaltungen","item":"https:\/\/katja-bahini.de\/woechentliche-veranstaltungen\/"},{"@type":"ListItem","position":3,"name":"Shaking Witzenhausen \ud83c\udf08\u2728GO TO GLOW!\u2728\ud83c\udf08\u2728"}]},{"@type":"WebSite","@id":"https:\/\/katja-bahini.de\/#website","url":"https:\/\/katja-bahini.de\/","name":"Katja-Bahini","description":"Dance into Being | Embodiment \u2022 Dance \u2022 Ecosomatics","publisher":{"@id":"https:\/\/katja-bahini.de\/#\/schema\/person\/6f44f1174f4e6d5840d23438ec10e170"},"potentialAction":[{"@type":"SearchAction","target":{"@type":"EntryPoint","urlTemplate":"https:\/\/katja-bahini.de\/?s={search_term_string}"},"query-input":{"@type":"PropertyValueSpecification","valueRequired":true,"valueName":"search_term_string"}}],"inLanguage":"en-US"},{"@type":["Person","Organization"],"@id":"https:\/\/katja-bahini.de\/#\/schema\/person\/6f44f1174f4e6d5840d23438ec10e170","name":"Katja-Bahini Mangold","image":{"@type":"ImageObject","inLanguage":"en-US","@id":"https:\/\/ml5fn3turf4g.i.optimole.com\/w:auto\/h:auto\/q:mauto\/f:best\/ig:avif\/https:\/\/katja-bahini.de\/wp-content\/uploads\/2019\/Kreta_18\/DSC06760.jpg","url":"https:\/\/ml5fn3turf4g.i.optimole.com\/w:auto\/h:auto\/q:mauto\/f:best\/ig:avif\/https:\/\/katja-bahini.de\/wp-content\/uploads\/2019\/Kreta_18\/DSC06760.jpg","contentUrl":"https:\/\/ml5fn3turf4g.i.optimole.com\/w:auto\/h:auto\/q:mauto\/f:best\/ig:avif\/https:\/\/katja-bahini.de\/wp-content\/uploads\/2019\/Kreta_18\/DSC06760.jpg","width":2000,"height":2000,"caption":"Katja-Bahini Mangold"},"logo":{"@id":"https:\/\/ml5fn3turf4g.i.optimole.com\/w:auto\/h:auto\/q:mauto\/f:best\/ig:avif\/https:\/\/katja-bahini.de\/wp-content\/uploads\/2019\/Kreta_18\/DSC06760.jpg"},"description":"T\u00e4nzerin, Tanzp\u00e4dagogin, Agrarwissenschaftlerin","sameAs":["http:\/\/katja-bahini.de","https:\/\/www.facebook.com\/KatjaBahini","https:\/\/www.instagram.com\/KatjaBahini\/"]}]}},"_links":{"self":[{"href":"https:\/\/katja-bahini.de\/en\/wp-json\/wp\/v2\/pages\/1697","targetHints":{"allow":["GET"]}}],"collection":[{"href":"https:\/\/katja-bahini.de\/en\/wp-json\/wp\/v2\/pages"}],"about":[{"href":"https:\/\/katja-bahini.de\/en\/wp-json\/wp\/v2\/types\/page"}],"author":[{"embeddable":true,"href":"https:\/\/katja-bahini.de\/en\/wp-json\/wp\/v2\/users\/1"}],"replies":[{"embeddable":true,"href":"https:\/\/katja-bahini.de\/en\/wp-json\/wp\/v2\/comments?post=1697"}],"version-history":[{"count":34,"href":"https:\/\/katja-bahini.de\/en\/wp-json\/wp\/v2\/pages\/1697\/revisions"}],"predecessor-version":[{"id":4168,"href":"https:\/\/katja-bahini.de\/en\/wp-json\/wp\/v2\/pages\/1697\/revisions\/4168"}],"up":[{"embeddable":true,"href":"https:\/\/katja-bahini.de\/en\/wp-json\/wp\/v2\/pages\/130"}],"wp:featuredmedia":[{"embeddable":true,"href":"https:\/\/katja-bahini.de\/en\/wp-json\/wp\/v2\/media\/4136"}],"wp:attachment":[{"href":"https:\/\/katja-bahini.de\/en\/wp-json\/wp\/v2\/media?parent=1697"}],"curies":[{"name":"wp","href":"https:\/\/api.w.org\/{rel}","templated":true}]}}