{"id":1634,"date":"2022-06-03T10:30:32","date_gmt":"2022-06-03T08:30:32","guid":{"rendered":"http:\/\/katja-bahini.de\/?page_id=1634"},"modified":"2026-03-09T16:43:54","modified_gmt":"2026-03-09T15:43:54","slug":"contact-impro-klasse-witzenhausen","status":"publish","type":"page","link":"https:\/\/katja-bahini.de\/en\/contact-impro-klasse-witzenhausen\/","title":{"rendered":"Contact Impro Klasse Witzenhausen"},"content":{"rendered":"<div role=\"heading\">\n<p>\u2013\u00a0 mit <a href=\"https:\/\/katja-bahini.de\/vita-referces\/\" target=\"_blank\" rel=\"noopener\">Katja-Bahini Mangold <\/a>\u00a0mit gelegentlicher Vertretung<\/p>\n<p>ZEIT\u00a0 \u00a0 \u00a0 \u00a0mittwochs\u00a0 17:45 &#8211; 19:45<\/p>\n<p>ORT\u00a0 \u00a0 \u00a0 \u00a0 Zeichensaal im Klosterbau, EG links, Steinstra\u00dfe 19a , Witzenhausen<\/p>\n<p><span style=\"color: #ff0000;\">Wenn du noch nie an einem meiner Angebote teilgenommen hast, komm gerne einmalig zum Schnuppern vorbei.<\/span><\/p>\n<\/div>\n<div id=\"T1078\" class=\"bs_angblock\">\n<div id=\"bs_kb451D088B38\" class=\"bs_kursbeschreibung\">\n<div class=\"bs_head\" role=\"heading\"><span style=\"font-size: 1rem;\">Contact Improvisation ist eine Tanzform, die sich mit der Frage besch\u00e4ftigt, wie sich zwei oder mehr K\u00f6rper gemeinsam durch den Raum bewegen k\u00f6nnen, ohne sich zuvor auf eine feste Schrittfolge geeinigt zu haben. Von zentraler Bedeutung ist es dabei, einen Weg zu finden, einander ohne Worte zu verstehen und in jedem Augenblick gemeinsam neu auszuhandeln, wohin die Reise gehen k\u00f6nnte. Dazu ist es sehr wertvoll, die F\u00e4higkeit zu entwickeln, gleichzeitig das eigene Selbst und ein Gegen\u00fcber wahrnehmen zu k\u00f6nnen.<\/span><\/div>\n<div id=\"T1078\" class=\"bs_angblock\">\n<div id=\"bs_kb451D088B38\" class=\"bs_kursbeschreibung\">\n<p>In diesem Kurs wird es also einerseits darum gehen, die eigene K\u00f6rperwahrnehmung zu schulen, die Effekte der Schwerkraft auf den eigenen K\u00f6rper zu beobachten und die eigene Bewegung differenziert zu betrachten. Andererseits sollen mithilfe von Partner\u00fcbungen M\u00f6glichkeiten einer wortlosen Kommunikation, das Prinzip des F\u00fchrens und Folgens und exemplarische Bewegungsabfolgen zu zweit erforscht werden.<\/p>\n<p>Ein weiteres Augenmerk wird auf der Entwicklung einer gewissen Neugier f\u00fcr den eigenen K\u00f6rper und einer Freiheit im eigenen Tanz liegen, so dass die Teilnehmer in Phasen des Improvisierens das erlernte Material frei verwenden und neu kombinieren k\u00f6nnen.<\/p>\n<p>Stets wird es zudem einen Raum und Zeit f\u00fcr einen verbalen Austausch geben, um nach dem Erlebten Erfahrungen und Erkenntnisse miteinander zu teilen.<br \/>\nF\u00fcr das Praktizieren der Form ist bequeme Sportkleidung mit langen \u00c4rmeln und ohne Rei\u00dfverschl\u00fcsse gut geeignet.<\/p>\n<p>Bei regelm\u00e4\u00dfiger Teilnahme ist die <a href=\"http:\/\/www.uni-kassel.de\/einrichtung\/hochschulsport\/kursprogramm\/mitglied-werden\" target=\"_blank\" rel=\"noopener\">Mitgliedschaft beim Hochschulsport Kassel<\/a>, sowie <a href=\"https:\/\/www.hochschulsport.uni-kassel.de\/angebote\/aktueller_zeitraum\/_Contact_Impro_Klasse_in_Witzenhausen.html\" target=\"_blank\" rel=\"noopener\">Anmeldung f\u00fcr den jeweiligen Kurs<\/a>\u00a0 \u00a0erforderlich.<\/p>\n<p>Aktuelle besteht die M\u00f6glichkeit, sich wahlweise f\u00fcr einen bestimmten Zeitraum oder f\u00fcr einzelne Termine anzumelden.<\/p>\n<\/div>\n<\/div>\n<\/div>\n<\/div>\n","protected":false},"excerpt":{"rendered":"<p>\u2013\u00a0 mit Katja-Bahini Mangold \u00a0mit gelegentlicher Vertretung ZEIT\u00a0 \u00a0 \u00a0 \u00a0mittwochs\u00a0 17:45 &#8211; 19:45 ORT\u00a0 \u00a0 \u00a0 \u00a0 Zeichensaal im Klosterbau, EG links, Steinstra\u00dfe 19a , Witzenhausen Wenn du noch &hellip; <\/p>\n<p class=\"link-more\"><a href=\"https:\/\/katja-bahini.de\/en\/contact-impro-klasse-witzenhausen\/\" class=\"more-link\">Continue reading<span class=\"screen-reader-text\"> &#8220;Contact Impro Klasse Witzenhausen&#8221;<\/span><\/a><\/p>\n","protected":false},"author":1,"featured_media":0,"parent":0,"menu_order":37,"comment_status":"closed","ping_status":"closed","template":"","meta":{"footnotes":""},"class_list":["post-1634","page","type-page","status-publish","hentry"],"translation":{"provider":"WPGlobus","version":"3.0.2","language":"en","enabled_languages":["de","en"],"languages":{"de":{"title":true,"content":true,"excerpt":false},"en":{"title":false,"content":false,"excerpt":false}}},"yoast_head":"<!-- This site is optimized with the Yoast SEO plugin v27.6 - https:\/\/yoast.com\/product\/yoast-seo-wordpress\/ -->\n<title>Contact Impro Klasse Witzenhausen - Katja-Bahini<\/title>\n<meta name=\"robots\" content=\"index, follow, max-snippet:-1, max-image-preview:large, max-video-preview:-1\" \/>\n<link rel=\"canonical\" href=\"https:\/\/katja-bahini.de\/contact-impro-klasse-witzenhausen\/\" \/>\n<meta property=\"og:locale\" content=\"en_US\" \/>\n<meta property=\"og:type\" content=\"article\" \/>\n<meta property=\"og:title\" content=\"Contact Impro Klasse Witzenhausen - Katja-Bahini\" \/>\n<meta property=\"og:url\" content=\"https:\/\/katja-bahini.de\/contact-impro-klasse-witzenhausen\/\" \/>\n<meta property=\"og:site_name\" content=\"Katja-Bahini\" \/>\n<meta property=\"article:publisher\" content=\"https:\/\/www.facebook.com\/KatjaBahini\" \/>\n<meta property=\"article:modified_time\" content=\"2026-03-09T15:43:54+00:00\" \/>\n<meta name=\"twitter:card\" content=\"summary_large_image\" \/>\n<meta name=\"twitter:label1\" content=\"Est. reading time\" \/>\n\t<meta name=\"twitter:data1\" content=\"2 minutes\" \/>\n<script type=\"application\/ld+json\" class=\"yoast-schema-graph\">{\"@context\":\"https:\\\/\\\/schema.org\",\"@graph\":[{\"@type\":\"WebPage\",\"@id\":\"https:\\\/\\\/katja-bahini.de\\\/contact-impro-klasse-witzenhausen\\\/\",\"url\":\"https:\\\/\\\/katja-bahini.de\\\/contact-impro-klasse-witzenhausen\\\/\",\"name\":\"Contact Impro Klasse Witzenhausen - Katja-Bahini\",\"isPartOf\":{\"@id\":\"https:\\\/\\\/katja-bahini.de\\\/#website\"},\"datePublished\":\"2022-06-03T08:30:32+00:00\",\"dateModified\":\"2026-03-09T15:43:54+00:00\",\"breadcrumb\":{\"@id\":\"https:\\\/\\\/katja-bahini.de\\\/contact-impro-klasse-witzenhausen\\\/#breadcrumb\"},\"inLanguage\":\"en-US\",\"potentialAction\":[{\"@type\":\"ReadAction\",\"target\":[\"https:\\\/\\\/katja-bahini.de\\\/contact-impro-klasse-witzenhausen\\\/\"]}]},{\"@type\":\"BreadcrumbList\",\"@id\":\"https:\\\/\\\/katja-bahini.de\\\/contact-impro-klasse-witzenhausen\\\/#breadcrumb\",\"itemListElement\":[{\"@type\":\"ListItem\",\"position\":1,\"name\":\"Startseite\",\"item\":\"https:\\\/\\\/katja-bahini.de\\\/\"},{\"@type\":\"ListItem\",\"position\":2,\"name\":\"Contact Impro Klasse Witzenhausen\"}]},{\"@type\":\"WebSite\",\"@id\":\"https:\\\/\\\/katja-bahini.de\\\/#website\",\"url\":\"https:\\\/\\\/katja-bahini.de\\\/\",\"name\":\"Katja-Bahini\",\"description\":\"Dance into Being | Embodiment \u2022 Dance \u2022 Ecosomatics\",\"publisher\":{\"@id\":\"https:\\\/\\\/katja-bahini.de\\\/#\\\/schema\\\/person\\\/6f44f1174f4e6d5840d23438ec10e170\"},\"potentialAction\":[{\"@type\":\"SearchAction\",\"target\":{\"@type\":\"EntryPoint\",\"urlTemplate\":\"https:\\\/\\\/katja-bahini.de\\\/?s={search_term_string}\"},\"query-input\":{\"@type\":\"PropertyValueSpecification\",\"valueRequired\":true,\"valueName\":\"search_term_string\"}}],\"inLanguage\":\"en-US\"},{\"@type\":[\"Person\",\"Organization\"],\"@id\":\"https:\\\/\\\/katja-bahini.de\\\/#\\\/schema\\\/person\\\/6f44f1174f4e6d5840d23438ec10e170\",\"name\":\"Katja-Bahini Mangold\",\"image\":{\"@type\":\"ImageObject\",\"inLanguage\":\"en-US\",\"@id\":\"https:\\/\\/katja-bahini.de\\/wp-content\\/uploads\\/2019\\/Kreta_18\\/DSC06760.jpg\",\"url\":\"https:\\/\\/katja-bahini.de\\/wp-content\\/uploads\\/2019\\/Kreta_18\\/DSC06760.jpg\",\"contentUrl\":\"https:\\/\\/katja-bahini.de\\/wp-content\\/uploads\\/2019\\/Kreta_18\\/DSC06760.jpg\",\"width\":2000,\"height\":2000,\"caption\":\"Katja-Bahini Mangold\"},\"logo\":{\"@id\":\"https:\\/\\/katja-bahini.de\\/wp-content\\/uploads\\/2019\\/Kreta_18\\/DSC06760.jpg\"},\"description\":\"T\u00e4nzerin, Tanzp\u00e4dagogin, Agrarwissenschaftlerin\",\"sameAs\":[\"http:\\\/\\\/katja-bahini.de\",\"https:\\\/\\\/www.facebook.com\\\/KatjaBahini\",\"https:\\\/\\\/www.instagram.com\\\/KatjaBahini\\\/\"]}]}<\/script>\n<!-- \/ Yoast SEO plugin. -->","yoast_head_json":{"title":"Contact Impro Klasse Witzenhausen - Katja-Bahini","robots":{"index":"index","follow":"follow","max-snippet":"max-snippet:-1","max-image-preview":"max-image-preview:large","max-video-preview":"max-video-preview:-1"},"canonical":"https:\/\/katja-bahini.de\/contact-impro-klasse-witzenhausen\/","og_locale":"en_US","og_type":"article","og_title":"Contact Impro Klasse Witzenhausen - Katja-Bahini","og_url":"https:\/\/katja-bahini.de\/contact-impro-klasse-witzenhausen\/","og_site_name":"Katja-Bahini","article_publisher":"https:\/\/www.facebook.com\/KatjaBahini","article_modified_time":"2026-03-09T15:43:54+00:00","twitter_card":"summary_large_image","twitter_misc":{"Est. reading time":"2 minutes"},"schema":{"@context":"https:\/\/schema.org","@graph":[{"@type":"WebPage","@id":"https:\/\/katja-bahini.de\/contact-impro-klasse-witzenhausen\/","url":"https:\/\/katja-bahini.de\/contact-impro-klasse-witzenhausen\/","name":"Contact Impro Klasse Witzenhausen - Katja-Bahini","isPartOf":{"@id":"https:\/\/katja-bahini.de\/#website"},"datePublished":"2022-06-03T08:30:32+00:00","dateModified":"2026-03-09T15:43:54+00:00","breadcrumb":{"@id":"https:\/\/katja-bahini.de\/contact-impro-klasse-witzenhausen\/#breadcrumb"},"inLanguage":"en-US","potentialAction":[{"@type":"ReadAction","target":["https:\/\/katja-bahini.de\/contact-impro-klasse-witzenhausen\/"]}]},{"@type":"BreadcrumbList","@id":"https:\/\/katja-bahini.de\/contact-impro-klasse-witzenhausen\/#breadcrumb","itemListElement":[{"@type":"ListItem","position":1,"name":"Startseite","item":"https:\/\/katja-bahini.de\/"},{"@type":"ListItem","position":2,"name":"Contact Impro Klasse Witzenhausen"}]},{"@type":"WebSite","@id":"https:\/\/katja-bahini.de\/#website","url":"https:\/\/katja-bahini.de\/","name":"Katja-Bahini","description":"Dance into Being | Embodiment \u2022 Dance \u2022 Ecosomatics","publisher":{"@id":"https:\/\/katja-bahini.de\/#\/schema\/person\/6f44f1174f4e6d5840d23438ec10e170"},"potentialAction":[{"@type":"SearchAction","target":{"@type":"EntryPoint","urlTemplate":"https:\/\/katja-bahini.de\/?s={search_term_string}"},"query-input":{"@type":"PropertyValueSpecification","valueRequired":true,"valueName":"search_term_string"}}],"inLanguage":"en-US"},{"@type":["Person","Organization"],"@id":"https:\/\/katja-bahini.de\/#\/schema\/person\/6f44f1174f4e6d5840d23438ec10e170","name":"Katja-Bahini Mangold","image":{"@type":"ImageObject","inLanguage":"en-US","@id":"https:\/\/ml5fn3turf4g.i.optimole.com\/w:auto\/h:auto\/q:mauto\/f:best\/ig:avif\/https:\/\/katja-bahini.de\/wp-content\/uploads\/2019\/Kreta_18\/DSC06760.jpg","url":"https:\/\/ml5fn3turf4g.i.optimole.com\/w:auto\/h:auto\/q:mauto\/f:best\/ig:avif\/https:\/\/katja-bahini.de\/wp-content\/uploads\/2019\/Kreta_18\/DSC06760.jpg","contentUrl":"https:\/\/ml5fn3turf4g.i.optimole.com\/w:auto\/h:auto\/q:mauto\/f:best\/ig:avif\/https:\/\/katja-bahini.de\/wp-content\/uploads\/2019\/Kreta_18\/DSC06760.jpg","width":2000,"height":2000,"caption":"Katja-Bahini Mangold"},"logo":{"@id":"https:\/\/ml5fn3turf4g.i.optimole.com\/w:auto\/h:auto\/q:mauto\/f:best\/ig:avif\/https:\/\/katja-bahini.de\/wp-content\/uploads\/2019\/Kreta_18\/DSC06760.jpg"},"description":"T\u00e4nzerin, Tanzp\u00e4dagogin, Agrarwissenschaftlerin","sameAs":["http:\/\/katja-bahini.de","https:\/\/www.facebook.com\/KatjaBahini","https:\/\/www.instagram.com\/KatjaBahini\/"]}]}},"_links":{"self":[{"href":"https:\/\/katja-bahini.de\/en\/wp-json\/wp\/v2\/pages\/1634","targetHints":{"allow":["GET"]}}],"collection":[{"href":"https:\/\/katja-bahini.de\/en\/wp-json\/wp\/v2\/pages"}],"about":[{"href":"https:\/\/katja-bahini.de\/en\/wp-json\/wp\/v2\/types\/page"}],"author":[{"embeddable":true,"href":"https:\/\/katja-bahini.de\/en\/wp-json\/wp\/v2\/users\/1"}],"replies":[{"embeddable":true,"href":"https:\/\/katja-bahini.de\/en\/wp-json\/wp\/v2\/comments?post=1634"}],"version-history":[{"count":13,"href":"https:\/\/katja-bahini.de\/en\/wp-json\/wp\/v2\/pages\/1634\/revisions"}],"predecessor-version":[{"id":4996,"href":"https:\/\/katja-bahini.de\/en\/wp-json\/wp\/v2\/pages\/1634\/revisions\/4996"}],"wp:attachment":[{"href":"https:\/\/katja-bahini.de\/en\/wp-json\/wp\/v2\/media?parent=1634"}],"curies":[{"name":"wp","href":"https:\/\/api.w.org\/{rel}","templated":true}]}}