{"id":1556,"date":"2022-02-23T00:54:16","date_gmt":"2022-02-22T23:54:16","guid":{"rendered":"https:\/\/katja-bahini.de\/?page_id=1556"},"modified":"2022-03-02T20:52:26","modified_gmt":"2022-03-02T19:52:26","slug":"not-zum-wenden-tanz-zum-sein","status":"publish","type":"page","link":"https:\/\/katja-bahini.de\/en\/media\/auffuehrungen\/not-zum-wenden-tanz-zum-sein\/","title":{"rendered":"&#8220;Not zum Wenden -Tanz zum Sein&#8221;"},"content":{"rendered":"<p><iframe src=\"\/\/player.vimeo.com\/video\/683926382?title=0&amp;amp;byline=0\" width=\"425\" height=\"350\" allowfullscreen=\"allowfullscreen\"><\/iframe><\/p>\n<p><strong>Die Not zum Wenden<\/strong><\/p>\n<p>Intentional widmet die T\u00e4nzerin ihren K\u00f6rper den vielschichtigen und fordernden Transformationsprozessen, verursacht durch multiple Krisen, welche alle Lebewesen in Form massiver lebensver\u00e4ndernder Umw\u00e4lzungen durchleben.<\/p>\n<p>Der Film zeigt k\u00f6rperliche Prozesse, welche in diesem Zusammenhang entstanden sind. Sie haben den Charakter des Unvollst\u00e4ndigen und verstehen sich als Ann\u00e4herungen und Versuch,\u00a0 Umw\u00e4lzungs- und Ver\u00e4nderungsprozesse unabh\u00e4ngig ihres Ausgangs\u00a0 als Solche zu w\u00fcrdigen.<\/p>\n<p>Das Projekt wurde erm\u00f6glicht durch das Stipendium NEUSTART KULTUR der GVL.\u00a0 Im Rahmen des Stipendiums war es der T\u00e4nzerin m\u00f6glich, trotz erschwerter Arbeitsbedingungen seit der Corona- Pandemie, wie z.B. dem eingeschr\u00e4nkten Zugang zu Trainingsr\u00e4umlichkeiten und dem Wegfall von Auftr\u00e4gen,\u00a0 ihre k\u00fcnstlerische T\u00e4tigkeit aufrecht zu erhalten und sich dar\u00fcber hinaus Mittel und Fertigkeiten der Dokumentation anzueignen.<\/p>\n<p>Tanz: Katja-Bahini Mangold\u00a0 \u00a0 \u00a0 \u00a0 \u00a0 \u00a0 \u00a0 Film: J\u00f6rn Berger, Igal Singer<\/p>\n<p><img data-opt-id=1057318835  fetchpriority=\"high\" decoding=\"async\" class=\"alignnone wp-image-1569\" src=\"https:\/\/ml5fn3turf4g.i.optimole.com\/w:auto\/h:auto\/q:mauto\/f:best\/ig:avif\/http:\/\/katja-bahini.de\/wp-content\/uploads\/2022\/03\/logo_new_start.d9d4c30.png\" alt=\"\" width=\"95\" height=\"92\" \/>\u00a0 \u00a0 \u00a0 \u00a0 \u00a0 \u00a0 \u00a0 \u00a0 \u00a0 \u00a0 \u00a0 \u00a0 \u00a0 \u00a0 \u00a0 \u00a0 \u00a0 \u00a0 \u00a0 \u00a0 \u00a0 \u00a0 \u00a0 \u00a0 \u00a0 \u00a0 \u00a0 <img data-opt-id=1559916208  fetchpriority=\"high\" decoding=\"async\" class=\"alignnone size-full wp-image-1570\" src=\"https:\/\/ml5fn3turf4g.i.optimole.com\/w:auto\/h:auto\/q:mauto\/f:best\/ig:avif\/http:\/\/katja-bahini.de\/wp-content\/uploads\/2022\/03\/index.png\" alt=\"\" width=\"263\" height=\"145\" \/><\/p>\n<p>&nbsp;<\/p>\n<p>&nbsp;<\/p>\n<p>&nbsp;<\/p>\n<p>&nbsp;<\/p>\n<p>&nbsp;<\/p>\n<p>&nbsp;<\/p>\n","protected":false},"excerpt":{"rendered":"<p>Die Not zum Wenden Intentional widmet die T\u00e4nzerin ihren K\u00f6rper den vielschichtigen und fordernden Transformationsprozessen, verursacht durch multiple Krisen, welche alle Lebewesen in Form massiver lebensver\u00e4ndernder Umw\u00e4lzungen durchleben. Der Film &hellip; <\/p>\n<p class=\"link-more\"><a href=\"https:\/\/katja-bahini.de\/en\/media\/auffuehrungen\/not-zum-wenden-tanz-zum-sein\/\" class=\"more-link\">Continue reading<span class=\"screen-reader-text\"> &#8220;&#8220;Not zum Wenden -Tanz zum Sein&#8221;&#8221;<\/span><\/a><\/p>\n","protected":false},"author":1,"featured_media":0,"parent":819,"menu_order":40,"comment_status":"closed","ping_status":"closed","template":"","meta":{"footnotes":""},"class_list":["post-1556","page","type-page","status-publish","hentry"],"translation":{"provider":"WPGlobus","version":"3.0.2","language":"en","enabled_languages":["de","en"],"languages":{"de":{"title":true,"content":true,"excerpt":false},"en":{"title":false,"content":false,"excerpt":false}}},"yoast_head":"<!-- This site is optimized with the Yoast SEO plugin v27.6 - https:\/\/yoast.com\/product\/yoast-seo-wordpress\/ -->\n<title>&quot;Not zum Wenden -Tanz zum Sein&quot; - Katja-Bahini<\/title>\n<meta name=\"robots\" content=\"index, follow, max-snippet:-1, max-image-preview:large, max-video-preview:-1\" \/>\n<link rel=\"canonical\" href=\"https:\/\/katja-bahini.de\/en\/media\/auffuehrungen\/not-zum-wenden-tanz-zum-sein\/\" \/>\n<meta property=\"og:locale\" content=\"en_US\" \/>\n<meta property=\"og:type\" content=\"article\" \/>\n<meta property=\"og:title\" content=\"&quot;Not zum Wenden -Tanz zum Sein&quot; - Katja-Bahini\" \/>\n<meta property=\"og:url\" content=\"https:\/\/katja-bahini.de\/en\/media\/auffuehrungen\/not-zum-wenden-tanz-zum-sein\/\" \/>\n<meta property=\"og:site_name\" content=\"Katja-Bahini\" \/>\n<meta property=\"article:publisher\" content=\"https:\/\/www.facebook.com\/KatjaBahini\" \/>\n<meta property=\"article:modified_time\" content=\"2022-03-02T19:52:26+00:00\" \/>\n<meta property=\"og:image\" content=\"https:\/\/ml5fn3turf4g.i.optimole.com\/w:auto\/h:auto\/q:mauto\/f:best\/ig:avif\/http:\/\/katja-bahini.de\/wp-content\/uploads\/2022\/03\/logo_new_start.d9d4c30.png\" \/>\n<meta name=\"twitter:card\" content=\"summary_large_image\" \/>\n<meta name=\"twitter:label1\" content=\"Est. reading time\" \/>\n\t<meta name=\"twitter:data1\" content=\"2 minutes\" \/>\n<script type=\"application\/ld+json\" class=\"yoast-schema-graph\">{\"@context\":\"https:\\\/\\\/schema.org\",\"@graph\":[{\"@type\":\"WebPage\",\"@id\":\"https:\\\/\\\/katja-bahini.de\\\/en\\\/media\\\/auffuehrungen\\\/not-zum-wenden-tanz-zum-sein\\\/\",\"url\":\"https:\\\/\\\/katja-bahini.de\\\/en\\\/media\\\/auffuehrungen\\\/not-zum-wenden-tanz-zum-sein\\\/\",\"name\":\"\\\"Not zum Wenden -Tanz zum Sein\\\" - Katja-Bahini\",\"isPartOf\":{\"@id\":\"https:\\\/\\\/katja-bahini.de\\\/#website\"},\"primaryImageOfPage\":{\"@id\":\"https:\\\/\\\/katja-bahini.de\\\/en\\\/media\\\/auffuehrungen\\\/not-zum-wenden-tanz-zum-sein\\\/#primaryimage\"},\"image\":{\"@id\":\"https:\\\/\\\/katja-bahini.de\\\/en\\\/media\\\/auffuehrungen\\\/not-zum-wenden-tanz-zum-sein\\\/#primaryimage\"},\"thumbnailUrl\":\"http:\\/\\/katja-bahini.de\\/wp-content\\/uploads\\/2022\\/03\\/logo_new_start.d9d4c30.png\",\"datePublished\":\"2022-02-22T23:54:16+00:00\",\"dateModified\":\"2022-03-02T19:52:26+00:00\",\"breadcrumb\":{\"@id\":\"https:\\\/\\\/katja-bahini.de\\\/en\\\/media\\\/auffuehrungen\\\/not-zum-wenden-tanz-zum-sein\\\/#breadcrumb\"},\"inLanguage\":\"en-US\",\"potentialAction\":[{\"@type\":\"ReadAction\",\"target\":[\"https:\\\/\\\/katja-bahini.de\\\/en\\\/media\\\/auffuehrungen\\\/not-zum-wenden-tanz-zum-sein\\\/\"]}]},{\"@type\":\"ImageObject\",\"inLanguage\":\"en-US\",\"@id\":\"https:\\\/\\\/katja-bahini.de\\\/en\\\/media\\\/auffuehrungen\\\/not-zum-wenden-tanz-zum-sein\\\/#primaryimage\",\"url\":\"http:\\/\\/katja-bahini.de\\/wp-content\\/uploads\\/2022\\/03\\/logo_new_start.d9d4c30.png\",\"contentUrl\":\"http:\\/\\/katja-bahini.de\\/wp-content\\/uploads\\/2022\\/03\\/logo_new_start.d9d4c30.png\"},{\"@type\":\"BreadcrumbList\",\"@id\":\"https:\\\/\\\/katja-bahini.de\\\/en\\\/media\\\/auffuehrungen\\\/not-zum-wenden-tanz-zum-sein\\\/#breadcrumb\",\"itemListElement\":[{\"@type\":\"ListItem\",\"position\":1,\"name\":\"Startseite\",\"item\":\"https:\\\/\\\/katja-bahini.de\\\/\"},{\"@type\":\"ListItem\",\"position\":2,\"name\":\"Media\",\"item\":\"https:\\\/\\\/katja-bahini.de\\\/en\\\/media\\\/\"},{\"@type\":\"ListItem\",\"position\":3,\"name\":\"Performances\",\"item\":\"https:\\\/\\\/katja-bahini.de\\\/en\\\/media\\\/auffuehrungen\\\/\"},{\"@type\":\"ListItem\",\"position\":4,\"name\":\"&#8220;Not zum Wenden -Tanz zum Sein&#8221;\"}]},{\"@type\":\"WebSite\",\"@id\":\"https:\\\/\\\/katja-bahini.de\\\/#website\",\"url\":\"https:\\\/\\\/katja-bahini.de\\\/\",\"name\":\"Katja-Bahini\",\"description\":\"Dance into Being | Embodiment \u2022 Dance \u2022 Ecosomatics\",\"publisher\":{\"@id\":\"https:\\\/\\\/katja-bahini.de\\\/#\\\/schema\\\/person\\\/6f44f1174f4e6d5840d23438ec10e170\"},\"potentialAction\":[{\"@type\":\"SearchAction\",\"target\":{\"@type\":\"EntryPoint\",\"urlTemplate\":\"https:\\\/\\\/katja-bahini.de\\\/?s={search_term_string}\"},\"query-input\":{\"@type\":\"PropertyValueSpecification\",\"valueRequired\":true,\"valueName\":\"search_term_string\"}}],\"inLanguage\":\"en-US\"},{\"@type\":[\"Person\",\"Organization\"],\"@id\":\"https:\\\/\\\/katja-bahini.de\\\/#\\\/schema\\\/person\\\/6f44f1174f4e6d5840d23438ec10e170\",\"name\":\"Katja-Bahini Mangold\",\"image\":{\"@type\":\"ImageObject\",\"inLanguage\":\"en-US\",\"@id\":\"https:\\/\\/katja-bahini.de\\/wp-content\\/uploads\\/2019\\/Kreta_18\\/DSC06760.jpg\",\"url\":\"https:\\/\\/katja-bahini.de\\/wp-content\\/uploads\\/2019\\/Kreta_18\\/DSC06760.jpg\",\"contentUrl\":\"https:\\/\\/katja-bahini.de\\/wp-content\\/uploads\\/2019\\/Kreta_18\\/DSC06760.jpg\",\"width\":2000,\"height\":2000,\"caption\":\"Katja-Bahini Mangold\"},\"logo\":{\"@id\":\"https:\\/\\/katja-bahini.de\\/wp-content\\/uploads\\/2019\\/Kreta_18\\/DSC06760.jpg\"},\"description\":\"T\u00e4nzerin, Tanzp\u00e4dagogin, Agrarwissenschaftlerin\",\"sameAs\":[\"http:\\\/\\\/katja-bahini.de\",\"https:\\\/\\\/www.facebook.com\\\/KatjaBahini\",\"https:\\\/\\\/www.instagram.com\\\/KatjaBahini\\\/\"]}]}<\/script>\n<!-- \/ Yoast SEO plugin. -->","yoast_head_json":{"title":"\"Not zum Wenden -Tanz zum Sein\" - Katja-Bahini","robots":{"index":"index","follow":"follow","max-snippet":"max-snippet:-1","max-image-preview":"max-image-preview:large","max-video-preview":"max-video-preview:-1"},"canonical":"https:\/\/katja-bahini.de\/en\/media\/auffuehrungen\/not-zum-wenden-tanz-zum-sein\/","og_locale":"en_US","og_type":"article","og_title":"\"Not zum Wenden -Tanz zum Sein\" - Katja-Bahini","og_url":"https:\/\/katja-bahini.de\/en\/media\/auffuehrungen\/not-zum-wenden-tanz-zum-sein\/","og_site_name":"Katja-Bahini","article_publisher":"https:\/\/www.facebook.com\/KatjaBahini","article_modified_time":"2022-03-02T19:52:26+00:00","og_image":[{"url":"https:\/\/ml5fn3turf4g.i.optimole.com\/w:auto\/h:auto\/q:mauto\/f:best\/ig:avif\/http:\/\/katja-bahini.de\/wp-content\/uploads\/2022\/03\/logo_new_start.d9d4c30.png","type":"","width":"","height":""}],"twitter_card":"summary_large_image","twitter_misc":{"Est. reading time":"2 minutes"},"schema":{"@context":"https:\/\/schema.org","@graph":[{"@type":"WebPage","@id":"https:\/\/katja-bahini.de\/en\/media\/auffuehrungen\/not-zum-wenden-tanz-zum-sein\/","url":"https:\/\/katja-bahini.de\/en\/media\/auffuehrungen\/not-zum-wenden-tanz-zum-sein\/","name":"\"Not zum Wenden -Tanz zum Sein\" - Katja-Bahini","isPartOf":{"@id":"https:\/\/katja-bahini.de\/#website"},"primaryImageOfPage":{"@id":"https:\/\/katja-bahini.de\/en\/media\/auffuehrungen\/not-zum-wenden-tanz-zum-sein\/#primaryimage"},"image":{"@id":"https:\/\/katja-bahini.de\/en\/media\/auffuehrungen\/not-zum-wenden-tanz-zum-sein\/#primaryimage"},"thumbnailUrl":"https:\/\/ml5fn3turf4g.i.optimole.com\/w:auto\/h:auto\/q:mauto\/f:best\/ig:avif\/http:\/\/katja-bahini.de\/wp-content\/uploads\/2022\/03\/logo_new_start.d9d4c30.png","datePublished":"2022-02-22T23:54:16+00:00","dateModified":"2022-03-02T19:52:26+00:00","breadcrumb":{"@id":"https:\/\/katja-bahini.de\/en\/media\/auffuehrungen\/not-zum-wenden-tanz-zum-sein\/#breadcrumb"},"inLanguage":"en-US","potentialAction":[{"@type":"ReadAction","target":["https:\/\/katja-bahini.de\/en\/media\/auffuehrungen\/not-zum-wenden-tanz-zum-sein\/"]}]},{"@type":"ImageObject","inLanguage":"en-US","@id":"https:\/\/katja-bahini.de\/en\/media\/auffuehrungen\/not-zum-wenden-tanz-zum-sein\/#primaryimage","url":"https:\/\/ml5fn3turf4g.i.optimole.com\/w:auto\/h:auto\/q:mauto\/f:best\/ig:avif\/http:\/\/katja-bahini.de\/wp-content\/uploads\/2022\/03\/logo_new_start.d9d4c30.png","contentUrl":"https:\/\/ml5fn3turf4g.i.optimole.com\/w:auto\/h:auto\/q:mauto\/f:best\/ig:avif\/http:\/\/katja-bahini.de\/wp-content\/uploads\/2022\/03\/logo_new_start.d9d4c30.png"},{"@type":"BreadcrumbList","@id":"https:\/\/katja-bahini.de\/en\/media\/auffuehrungen\/not-zum-wenden-tanz-zum-sein\/#breadcrumb","itemListElement":[{"@type":"ListItem","position":1,"name":"Startseite","item":"https:\/\/katja-bahini.de\/"},{"@type":"ListItem","position":2,"name":"Media","item":"https:\/\/katja-bahini.de\/en\/media\/"},{"@type":"ListItem","position":3,"name":"Performances","item":"https:\/\/katja-bahini.de\/en\/media\/auffuehrungen\/"},{"@type":"ListItem","position":4,"name":"&#8220;Not zum Wenden -Tanz zum Sein&#8221;"}]},{"@type":"WebSite","@id":"https:\/\/katja-bahini.de\/#website","url":"https:\/\/katja-bahini.de\/","name":"Katja-Bahini","description":"Dance into Being | Embodiment \u2022 Dance \u2022 Ecosomatics","publisher":{"@id":"https:\/\/katja-bahini.de\/#\/schema\/person\/6f44f1174f4e6d5840d23438ec10e170"},"potentialAction":[{"@type":"SearchAction","target":{"@type":"EntryPoint","urlTemplate":"https:\/\/katja-bahini.de\/?s={search_term_string}"},"query-input":{"@type":"PropertyValueSpecification","valueRequired":true,"valueName":"search_term_string"}}],"inLanguage":"en-US"},{"@type":["Person","Organization"],"@id":"https:\/\/katja-bahini.de\/#\/schema\/person\/6f44f1174f4e6d5840d23438ec10e170","name":"Katja-Bahini Mangold","image":{"@type":"ImageObject","inLanguage":"en-US","@id":"https:\/\/ml5fn3turf4g.i.optimole.com\/w:auto\/h:auto\/q:mauto\/f:best\/ig:avif\/https:\/\/katja-bahini.de\/wp-content\/uploads\/2019\/Kreta_18\/DSC06760.jpg","url":"https:\/\/ml5fn3turf4g.i.optimole.com\/w:auto\/h:auto\/q:mauto\/f:best\/ig:avif\/https:\/\/katja-bahini.de\/wp-content\/uploads\/2019\/Kreta_18\/DSC06760.jpg","contentUrl":"https:\/\/ml5fn3turf4g.i.optimole.com\/w:auto\/h:auto\/q:mauto\/f:best\/ig:avif\/https:\/\/katja-bahini.de\/wp-content\/uploads\/2019\/Kreta_18\/DSC06760.jpg","width":2000,"height":2000,"caption":"Katja-Bahini Mangold"},"logo":{"@id":"https:\/\/ml5fn3turf4g.i.optimole.com\/w:auto\/h:auto\/q:mauto\/f:best\/ig:avif\/https:\/\/katja-bahini.de\/wp-content\/uploads\/2019\/Kreta_18\/DSC06760.jpg"},"description":"T\u00e4nzerin, Tanzp\u00e4dagogin, Agrarwissenschaftlerin","sameAs":["http:\/\/katja-bahini.de","https:\/\/www.facebook.com\/KatjaBahini","https:\/\/www.instagram.com\/KatjaBahini\/"]}]}},"_links":{"self":[{"href":"https:\/\/katja-bahini.de\/en\/wp-json\/wp\/v2\/pages\/1556","targetHints":{"allow":["GET"]}}],"collection":[{"href":"https:\/\/katja-bahini.de\/en\/wp-json\/wp\/v2\/pages"}],"about":[{"href":"https:\/\/katja-bahini.de\/en\/wp-json\/wp\/v2\/types\/page"}],"author":[{"embeddable":true,"href":"https:\/\/katja-bahini.de\/en\/wp-json\/wp\/v2\/users\/1"}],"replies":[{"embeddable":true,"href":"https:\/\/katja-bahini.de\/en\/wp-json\/wp\/v2\/comments?post=1556"}],"version-history":[{"count":11,"href":"https:\/\/katja-bahini.de\/en\/wp-json\/wp\/v2\/pages\/1556\/revisions"}],"predecessor-version":[{"id":1573,"href":"https:\/\/katja-bahini.de\/en\/wp-json\/wp\/v2\/pages\/1556\/revisions\/1573"}],"up":[{"embeddable":true,"href":"https:\/\/katja-bahini.de\/en\/wp-json\/wp\/v2\/pages\/819"}],"wp:attachment":[{"href":"https:\/\/katja-bahini.de\/en\/wp-json\/wp\/v2\/media?parent=1556"}],"curies":[{"name":"wp","href":"https:\/\/api.w.org\/{rel}","templated":true}]}}