{"id":1353,"date":"2021-06-02T17:58:33","date_gmt":"2021-06-02T15:58:33","guid":{"rendered":"http:\/\/katja-bahini.de\/?page_id=1353"},"modified":"2023-04-09T16:08:24","modified_gmt":"2023-04-09T14:08:24","slug":"waldfrauenzeit-fuer-alle-menschen","status":"publish","type":"page","link":"https:\/\/katja-bahini.de\/en\/waldfrauenzeit-fuer-alle-menschen\/","title":{"rendered":"WALDFRAUENZEIT f\u00fcr ALLE Menschen"},"content":{"rendered":"<p><span style=\"color: #ff0000;\"><span style=\"font-size: 10pt; color: #801919;\"><em>* intuitiver &amp; archaischer Tanz\u00a0 *\u00a0 K\u00f6rperbeheimatung\u00a0 *\u00a0 Umweltsomatik\u00a0 *\u00a0 Contact Improvisation in und mit der Natur *\u00a0 Authentic Movement\u00a0 *\u00a0 \u00a0emanzipatorische Frauenarbeit * Selbstwirksamkeit\u00a0 &amp;\u00a0 Manifestation\u00a0 *\u00a0 somatische Mystik *<\/em><\/span><\/span><\/p>\n<p><span style=\"color: #ff0000;\">f\u00fcr 2023 ist keine Waldfrauenzeit f\u00fcr alle Menschen geplant.\u00a0<\/span><span style=\"color: #ff0000;\">In 2021 und 2022 war jeweils eine Waldfrauenzeit f\u00fcr ALLE Menschen ausgeschrieben, hat jedoch aufgrund zu weniger Anmeldungen nicht stattgefunden. Es gab aber sehr wohl Interessensbekundungen!\u00a0 Bei Interesse nimm sehr gerne mit mir Kontakt auf.<\/span><\/p>\n<p><span style=\"color: #823434;\">WALDFRAUENZEIT f\u00fcr ALLE Menschen<\/span><\/p>\n<p><span style=\"color: #823434;\">eine t\u00e4nzerisch- somatische K\u00f6rperreise in Dein Frau*sein unter dem Motto\u00a0 &#8220;Es auf die Erde bringen!&#8221; im Naturpark M\u00e4rkische Schweiz bei Berlin<\/span><\/p>\n<p><span style=\"color: #823434;\">DATUM<\/span><\/p>\n<p><span style=\"color: #823434;\">20.-24. Juli 2022<\/span><br \/>\n<span style=\"color: #823434;\">Anreise &amp; pers\u00f6nliches Ankommen ab 16h<\/span><br \/>\n<span style=\"color: #823434;\">Beginn\u00a0 20. Juli um 16h; Ende\u00a0 24. Juli um 14h nach dem Mittagessen<\/span><\/p>\n<p><span style=\"color: #823434;\">STRUKTUR<\/span><\/p>\n<p><span style=\"color: #823434;\">Ca 5h \/ Tag angeleitete\u00a0 Tanz- und Bewegungspraxis<\/span><br \/>\n<span style=\"color: #823434;\">Die angeleiteten Phasen finden \u00fcberwiegend in der Natur- und Seenlandschaft drau\u00dfen statt, gelegentlich auch im Tanzraum.\u00a0\u00a0 Sie enthalten somatisch-poetische, samtig-weiche oder wilde Sp\u00fcr- und Bewegungspraxis und verbalen Austausch und Reflexion \u00fcber unser inneres Erleben darin.<\/span><br \/>\n<span style=\"color: #823434;\">Dar\u00fcber hinaus wird es auch Phasen der SOLOZEIT geben, Dein intimer Raum, Verdauungszeit, mit Dir und Deiner Wildnatur oder im Schwarm.<\/span><\/p>\n<p><span style=\"color: #823434;\">Oft verbringen wir die Abende gemeinsam am Feuer, musizieren oder erz\u00e4hlen unsere Geschichten&#8230;<\/span><\/p>\n<p><span style=\"color: #823434;\">ANMELDUNG &#8211; No risk no fun. Stand 2021, bitte beachte Aktualisierungen f\u00fcr 2022 Mitte M\u00e4rz\u00a0<\/span><\/p>\n<p><span style=\"color: #823434;\">Die &#8220;<em>Waldfrauenzeit f\u00fcr ALLE Menschen&#8221;<\/em>\u00a0 ist ausgelegt f\u00fcr eine Gruppengr\u00f6\u00dfe von ca 15 Menschen (inklusive Team), die Pl\u00e4tze werden nach Eingang der Anmeldung vergeben. Deine Anmeldung ist vollst\u00e4ndig, wenn die Zahlung des <strong>Fixkostenbeitrages von 190\u20ac\u00a0\u00a0<\/strong> f\u00fcr Unterkunft, Verpflegung, Raummiete und Materialkosten bei mir eingegangen ist.\u00a0 Der Fixkostenbeitrag ist nicht erstattbar.\u00a0 Du kannst deinen Platz aber an eine andere Person weitergeben!\u00a0 Einzige Ausnahme: bei Vorlage eines Attests oder bei einem Todesfall\u00a0\u00a0 Angeh\u00f6rigen.\u00a0\u00a0\u00a0\u00a0 Mit dem Beitrag stellst du sicher und \u00fcbernimmst mit Verantwortung, dass die\u00a0 Veranstaltung\u2013 mit oder ohne dich \u2013 in jedem Falle stattfinden kann und die Fixkosten gedeckt sind. Detaillierte Infos folgen.<\/span><\/p>\n<p><span style=\"color: #823434;\">Bei Anmeldung WENIGER als 7 Tage vor Kursbeginn erhebe ich einen Servicebeitrag von 30\u20ac, welchen ich zu 100% an<a style=\"color: #823434;\" href=\"https:\/\/www.target-nehberg.de\/de\" target=\"_blank\" rel=\"noopener noreferrer\"> TARGET e.V.<\/a> spende.\u00a0 Der Grund: Viele von uns sch\u00e4tzen Spontanit\u00e4t, mir verursacht sie allerdings\u00a0 Mehraufwand in der Planung. Target e.V. setzt sich u.a. f\u00fcr die Opfer weiblicher Genitalverst\u00fcmmelung ein.<\/span><\/p>\n<p><span style=\"color: #823434;\">Bei Kursausfall durch h\u00f6here Gewalt ( z.B. \u00c4nderung der Gesetzeslage oder Erkrankung der Seminarleitung) wird dir der volle Fixkostenbetrag erstattet, ein Beitrag f\u00fcr meinen organisatorischen Aufwand ist freiwillig.<\/span><\/p>\n<p><span style=\"color: #823434;\">PREISE &#8211; No risk no fun.<\/span><\/p>\n<p><span style=\"color: #823434;\"><strong>Ich schenke dir die Teilnahme an der\u00a0 &#8220;<em>Waldfrauenzeit\u00a0 f\u00fcr ALLE Menschen&#8221;.<\/em><\/strong> Am Ende des Seminars lasse ich dich teilhaben an meinen \u00dcberlegungen zum Budget. Du hast dann die M\u00f6glichkeit, eine <strong>freiwillige Zahlung<\/strong> zu t\u00e4tigen. Mit dieser Zahlung <strong>schenkst du<\/strong> <strong>anderen<\/strong> Menschen die Teilnahme an einer zuk\u00fcnftigen &#8220;<em>Waldfrauenzeit f\u00fcr ALLE Menschen&#8221;<\/em>, indem du zu dem Budget der folgenden Veranstaltung beitr\u00e4gst. Das <strong>Budget<\/strong> besteht aus:<\/span><\/p>\n<p><span style=\"color: #823434;\">50% als Honorar f\u00fcr meinen\u00a0 Lebensunterhalt\u00a0 \u00a0 \u00a0 25% f\u00fcr meine kontinuierliche\u00a0 Fort-\u00a0 und Weiterbildung\u00a0\u00a0\u00a0\u00a0\u00a0\u00a0\u00a0\u00a0\u00a0\u00a0\u00a0\u00a0\u00a0\u00a0\u00a0\u00a0\u00a0\u00a0\u00a0\u00a0\u00a0\u00a0\u00a0\u00a0\u00a0\u00a0\u00a0\u00a0\u00a0\u00a0\u00a0\u00a0\u00a0\u00a0\u00a0\u00a0\u00a0 \u00a0 25% f\u00fcr Investitionen\u00a0 (z.B. Outdoor-Equipment, Technik, Dokumentation)<\/span><\/p>\n<p><span style=\"color: #823434;\">Es ist sowohl m\u00f6glich, \u00fcber eine einmalige Zahlung, aber auch \u00fcber mehrere kleinere Zahlungen zu dem Budget beizutragen. Dar\u00fcber hinaus sind auch Spenden von Menschen, die die <em>&#8220;Waldfrauenzeit f\u00fcr ALLE Menschen&#8221;<\/em> unterst\u00fctzen m\u00f6chten, willkommen. Detaillierte Infos zum Budget folgen.<\/span><\/p>\n<p><span style=\"color: #823434;\">\u00dcBERNACHTUNG &amp; VERPFLEGUNG<\/span><\/p>\n<p><span style=\"color: #823434;\">Bio- vegane Vollverpflegung, weitestgehend regional! Wir \u00fcbernachten auf einer Zeltwiese im Wald neben unserem Tanzraum. Bei Bedarf k\u00f6nnen einzelne Zelte vor Ort ausgeliehen werden<\/span><\/p>\n<p><span style=\"color: #823434;\">ORT<\/span><\/p>\n<p><span style=\"color: #823434;\">Naturpark M\u00e4rkische Schweiz<\/span><br \/>\n<span style=\"color: #823434;\"><a style=\"color: #823434;\" href=\"https:\/\/www.maerkische-schweiz-naturpark.de\/\">https:\/\/www.maerkische-schweiz-naturpark.de\/<\/a><\/span><\/p>\n<p><span style=\"color: #823434;\">Genauere Infos zum Ort erhaltet ihr bei Anmeldung.<\/span><\/p>\n<p><span style=\"color: #823434;\">INFOS &amp; FRAGEN<\/span><\/p>\n<p><span style=\"color: #823434;\">info(at einf\u00fcgen)waldfrauenzeit.de<\/span><\/p>\n<p><span style=\"color: #ff0000;\"><i>* die Veranstaltung findet unter Ber\u00fccksitigung der aktuellen Kontakt- und Hygieneregeln aufgrund von Covid-19 statt, sodass ggf. Elemente von Contact Improvisation nicht im direkten K\u00f6rperkontakt praktiziert werden, wohl aber im Kontakt mit unserer Umwelt und Umgebung.<\/i><\/span><\/p>\n","protected":false},"excerpt":{"rendered":"<p>* intuitiver &amp; archaischer Tanz\u00a0 *\u00a0 K\u00f6rperbeheimatung\u00a0 *\u00a0 Umweltsomatik\u00a0 *\u00a0 Contact Improvisation in und mit der Natur *\u00a0 Authentic Movement\u00a0 *\u00a0 \u00a0emanzipatorische Frauenarbeit * Selbstwirksamkeit\u00a0 &amp;\u00a0 Manifestation\u00a0 *\u00a0 somatische Mystik &hellip; <\/p>\n<p class=\"link-more\"><a href=\"https:\/\/katja-bahini.de\/en\/waldfrauenzeit-fuer-alle-menschen\/\" class=\"more-link\">Continue reading<span class=\"screen-reader-text\"> &#8220;WALDFRAUENZEIT f\u00fcr ALLE Menschen&#8221;<\/span><\/a><\/p>\n","protected":false},"author":1,"featured_media":0,"parent":0,"menu_order":47,"comment_status":"closed","ping_status":"closed","template":"","meta":{"footnotes":""},"class_list":["post-1353","page","type-page","status-publish","hentry"],"translation":{"provider":"WPGlobus","version":"3.0.2","language":"en","enabled_languages":["de","en"],"languages":{"de":{"title":true,"content":true,"excerpt":false},"en":{"title":false,"content":false,"excerpt":false}}},"yoast_head":"<!-- This site is optimized with the Yoast SEO plugin v27.4 - https:\/\/yoast.com\/product\/yoast-seo-wordpress\/ -->\n<title>WALDFRAUENZEIT f\u00fcr ALLE Menschen - Katja-Bahini<\/title>\n<meta name=\"robots\" content=\"index, follow, max-snippet:-1, max-image-preview:large, max-video-preview:-1\" \/>\n<link rel=\"canonical\" href=\"https:\/\/katja-bahini.de\/waldfrauenzeit-fuer-alle-menschen\/\" \/>\n<meta property=\"og:locale\" content=\"en_US\" \/>\n<meta property=\"og:type\" content=\"article\" \/>\n<meta property=\"og:title\" content=\"WALDFRAUENZEIT f\u00fcr ALLE Menschen - Katja-Bahini\" \/>\n<meta property=\"og:url\" content=\"https:\/\/katja-bahini.de\/waldfrauenzeit-fuer-alle-menschen\/\" \/>\n<meta property=\"og:site_name\" content=\"Katja-Bahini\" \/>\n<meta property=\"article:publisher\" content=\"https:\/\/www.facebook.com\/KatjaBahini\" \/>\n<meta property=\"article:modified_time\" content=\"2023-04-09T14:08:24+00:00\" \/>\n<meta name=\"twitter:card\" content=\"summary_large_image\" \/>\n<meta name=\"twitter:label1\" content=\"Est. reading time\" \/>\n\t<meta name=\"twitter:data1\" content=\"4 minutes\" \/>\n<script type=\"application\/ld+json\" class=\"yoast-schema-graph\">{\"@context\":\"https:\\\/\\\/schema.org\",\"@graph\":[{\"@type\":\"WebPage\",\"@id\":\"https:\\\/\\\/katja-bahini.de\\\/waldfrauenzeit-fuer-alle-menschen\\\/\",\"url\":\"https:\\\/\\\/katja-bahini.de\\\/waldfrauenzeit-fuer-alle-menschen\\\/\",\"name\":\"WALDFRAUENZEIT f\u00fcr ALLE Menschen - Katja-Bahini\",\"isPartOf\":{\"@id\":\"https:\\\/\\\/katja-bahini.de\\\/#website\"},\"datePublished\":\"2021-06-02T15:58:33+00:00\",\"dateModified\":\"2023-04-09T14:08:24+00:00\",\"breadcrumb\":{\"@id\":\"https:\\\/\\\/katja-bahini.de\\\/waldfrauenzeit-fuer-alle-menschen\\\/#breadcrumb\"},\"inLanguage\":\"en-US\",\"potentialAction\":[{\"@type\":\"ReadAction\",\"target\":[\"https:\\\/\\\/katja-bahini.de\\\/waldfrauenzeit-fuer-alle-menschen\\\/\"]}]},{\"@type\":\"BreadcrumbList\",\"@id\":\"https:\\\/\\\/katja-bahini.de\\\/waldfrauenzeit-fuer-alle-menschen\\\/#breadcrumb\",\"itemListElement\":[{\"@type\":\"ListItem\",\"position\":1,\"name\":\"Startseite\",\"item\":\"https:\\\/\\\/katja-bahini.de\\\/\"},{\"@type\":\"ListItem\",\"position\":2,\"name\":\"WALDFRAUENZEIT f\u00fcr ALLE Menschen\"}]},{\"@type\":\"WebSite\",\"@id\":\"https:\\\/\\\/katja-bahini.de\\\/#website\",\"url\":\"https:\\\/\\\/katja-bahini.de\\\/\",\"name\":\"Katja-Bahini\",\"description\":\"Dance into Being | Embodiment \u2022 Dance \u2022 Ecosomatics\",\"publisher\":{\"@id\":\"https:\\\/\\\/katja-bahini.de\\\/#\\\/schema\\\/person\\\/2965031418d4060cb149ff81bc772f72\"},\"potentialAction\":[{\"@type\":\"SearchAction\",\"target\":{\"@type\":\"EntryPoint\",\"urlTemplate\":\"https:\\\/\\\/katja-bahini.de\\\/?s={search_term_string}\"},\"query-input\":{\"@type\":\"PropertyValueSpecification\",\"valueRequired\":true,\"valueName\":\"search_term_string\"}}],\"inLanguage\":\"en-US\"},{\"@type\":[\"Person\",\"Organization\"],\"@id\":\"https:\\\/\\\/katja-bahini.de\\\/#\\\/schema\\\/person\\\/2965031418d4060cb149ff81bc772f72\",\"name\":\"Katja-Bahini Mangold\",\"image\":{\"@type\":\"ImageObject\",\"inLanguage\":\"en-US\",\"@id\":\"https:\\/\\/katja-bahini.de\\/wp-content\\/uploads\\/2019\\/Kreta_18\\/DSC06760.jpg\",\"url\":\"https:\\/\\/katja-bahini.de\\/wp-content\\/uploads\\/2019\\/Kreta_18\\/DSC06760.jpg\",\"contentUrl\":\"https:\\/\\/katja-bahini.de\\/wp-content\\/uploads\\/2019\\/Kreta_18\\/DSC06760.jpg\",\"width\":2000,\"height\":2000,\"caption\":\"Katja-Bahini Mangold\"},\"logo\":{\"@id\":\"https:\\/\\/katja-bahini.de\\/wp-content\\/uploads\\/2019\\/Kreta_18\\/DSC06760.jpg\"},\"description\":\"T\u00e4nzerin, Tanzp\u00e4dagogin, Agrarwissenschaftlerin\",\"sameAs\":[\"http:\\\/\\\/katja-bahini.de\",\"https:\\\/\\\/www.facebook.com\\\/KatjaBahini\",\"https:\\\/\\\/www.instagram.com\\\/KatjaBahini\\\/\"]}]}<\/script>\n<!-- \/ Yoast SEO plugin. -->","yoast_head_json":{"title":"WALDFRAUENZEIT f\u00fcr ALLE Menschen - Katja-Bahini","robots":{"index":"index","follow":"follow","max-snippet":"max-snippet:-1","max-image-preview":"max-image-preview:large","max-video-preview":"max-video-preview:-1"},"canonical":"https:\/\/katja-bahini.de\/waldfrauenzeit-fuer-alle-menschen\/","og_locale":"en_US","og_type":"article","og_title":"WALDFRAUENZEIT f\u00fcr ALLE Menschen - Katja-Bahini","og_url":"https:\/\/katja-bahini.de\/waldfrauenzeit-fuer-alle-menschen\/","og_site_name":"Katja-Bahini","article_publisher":"https:\/\/www.facebook.com\/KatjaBahini","article_modified_time":"2023-04-09T14:08:24+00:00","twitter_card":"summary_large_image","twitter_misc":{"Est. reading time":"4 minutes"},"schema":{"@context":"https:\/\/schema.org","@graph":[{"@type":"WebPage","@id":"https:\/\/katja-bahini.de\/waldfrauenzeit-fuer-alle-menschen\/","url":"https:\/\/katja-bahini.de\/waldfrauenzeit-fuer-alle-menschen\/","name":"WALDFRAUENZEIT f\u00fcr ALLE Menschen - Katja-Bahini","isPartOf":{"@id":"https:\/\/katja-bahini.de\/#website"},"datePublished":"2021-06-02T15:58:33+00:00","dateModified":"2023-04-09T14:08:24+00:00","breadcrumb":{"@id":"https:\/\/katja-bahini.de\/waldfrauenzeit-fuer-alle-menschen\/#breadcrumb"},"inLanguage":"en-US","potentialAction":[{"@type":"ReadAction","target":["https:\/\/katja-bahini.de\/waldfrauenzeit-fuer-alle-menschen\/"]}]},{"@type":"BreadcrumbList","@id":"https:\/\/katja-bahini.de\/waldfrauenzeit-fuer-alle-menschen\/#breadcrumb","itemListElement":[{"@type":"ListItem","position":1,"name":"Startseite","item":"https:\/\/katja-bahini.de\/"},{"@type":"ListItem","position":2,"name":"WALDFRAUENZEIT f\u00fcr ALLE Menschen"}]},{"@type":"WebSite","@id":"https:\/\/katja-bahini.de\/#website","url":"https:\/\/katja-bahini.de\/","name":"Katja-Bahini","description":"Dance into Being | Embodiment \u2022 Dance \u2022 Ecosomatics","publisher":{"@id":"https:\/\/katja-bahini.de\/#\/schema\/person\/2965031418d4060cb149ff81bc772f72"},"potentialAction":[{"@type":"SearchAction","target":{"@type":"EntryPoint","urlTemplate":"https:\/\/katja-bahini.de\/?s={search_term_string}"},"query-input":{"@type":"PropertyValueSpecification","valueRequired":true,"valueName":"search_term_string"}}],"inLanguage":"en-US"},{"@type":["Person","Organization"],"@id":"https:\/\/katja-bahini.de\/#\/schema\/person\/2965031418d4060cb149ff81bc772f72","name":"Katja-Bahini Mangold","image":{"@type":"ImageObject","inLanguage":"en-US","@id":"https:\/\/ml5fn3turf4g.i.optimole.com\/w:auto\/h:auto\/q:mauto\/f:best\/ig:avif\/https:\/\/katja-bahini.de\/wp-content\/uploads\/2019\/Kreta_18\/DSC06760.jpg","url":"https:\/\/ml5fn3turf4g.i.optimole.com\/w:auto\/h:auto\/q:mauto\/f:best\/ig:avif\/https:\/\/katja-bahini.de\/wp-content\/uploads\/2019\/Kreta_18\/DSC06760.jpg","contentUrl":"https:\/\/ml5fn3turf4g.i.optimole.com\/w:auto\/h:auto\/q:mauto\/f:best\/ig:avif\/https:\/\/katja-bahini.de\/wp-content\/uploads\/2019\/Kreta_18\/DSC06760.jpg","width":2000,"height":2000,"caption":"Katja-Bahini Mangold"},"logo":{"@id":"https:\/\/ml5fn3turf4g.i.optimole.com\/w:auto\/h:auto\/q:mauto\/f:best\/ig:avif\/https:\/\/katja-bahini.de\/wp-content\/uploads\/2019\/Kreta_18\/DSC06760.jpg"},"description":"T\u00e4nzerin, Tanzp\u00e4dagogin, Agrarwissenschaftlerin","sameAs":["http:\/\/katja-bahini.de","https:\/\/www.facebook.com\/KatjaBahini","https:\/\/www.instagram.com\/KatjaBahini\/"]}]}},"_links":{"self":[{"href":"https:\/\/katja-bahini.de\/en\/wp-json\/wp\/v2\/pages\/1353","targetHints":{"allow":["GET"]}}],"collection":[{"href":"https:\/\/katja-bahini.de\/en\/wp-json\/wp\/v2\/pages"}],"about":[{"href":"https:\/\/katja-bahini.de\/en\/wp-json\/wp\/v2\/types\/page"}],"author":[{"embeddable":true,"href":"https:\/\/katja-bahini.de\/en\/wp-json\/wp\/v2\/users\/1"}],"replies":[{"embeddable":true,"href":"https:\/\/katja-bahini.de\/en\/wp-json\/wp\/v2\/comments?post=1353"}],"version-history":[{"count":8,"href":"https:\/\/katja-bahini.de\/en\/wp-json\/wp\/v2\/pages\/1353\/revisions"}],"predecessor-version":[{"id":2683,"href":"https:\/\/katja-bahini.de\/en\/wp-json\/wp\/v2\/pages\/1353\/revisions\/2683"}],"wp:attachment":[{"href":"https:\/\/katja-bahini.de\/en\/wp-json\/wp\/v2\/media?parent=1353"}],"curies":[{"name":"wp","href":"https:\/\/api.w.org\/{rel}","templated":true}]}}